{"id":3882,"date":"2015-10-30T12:29:28","date_gmt":"2015-10-30T10:29:28","guid":{"rendered":"http:\/\/www.skimo.at\/sportler\/?page_id=3882"},"modified":"2015-10-31T09:00:47","modified_gmt":"2015-10-31T07:00:47","slug":"training-und-ausbildung","status":"publish","type":"page","link":"https:\/\/www.skimo.at\/sportler\/training-und-ausbildung\/","title":{"rendered":"Training und Ausbildung"},"content":{"rendered":"<p>Ab 2016 startet der erste Lehrgang zur Ausbildung von Instruktorinnen und Instruktoren f\u00fcr Wettkampf-Skibergsteigen.<\/p>\n<p><!--more--><\/p>\n<p>Gemeinsam durch die Bundessportakademie Innsbruck und die \u00d6SV Sparte Skibergsteigen wurde das Ausbildungskonzept Instruktor Wettkampf-Skibergsteigen als Zusatzmodul zur bereits bestehenden Instruktoren Ausbildung Skitouren erstellt.<\/p>\n<p>Der Lehrgang richtet sich an Personen, die Interesse haben, als Betreuer im leistungsorientierten Skibergsteigen t\u00e4tig zu sein. Die Teilnehmer sind nach der Ausbildung bef\u00e4higt, Athleten zu betreuen, sowie Trainingseinheiten und Kurse zu organisieren und die trainingsmethodischen Grundlagen des Wettkampf-Skibergsteigens zu vermitteln. Zus\u00e4tzlich ist die Ausbildung Instruktor Wettkampf-Skibergsteigen die Zulassungsvoraussetzung und gleichzeitig eine Vorstufe f\u00fcr zuk\u00fcnftige Trainerausbildungen im Skibergsteigen (Ausbildung zum Trainer Skibergsteigen ist\u00a0in Ausarbeitung) . Die Instruktoren Ausbildung f\u00fcr Skitouren allein hat bisher nicht zum Einstieg in die Trainerausbildung berechtigt, erst durch das Absolvieren des Zusatzmoduls ist dies nun m\u00f6glich.<\/p>\n<p><img loading=\"lazy\" class=\"aligncenter wp-image-177574\" src=\"http:\/\/www.askimo.at\/verband\/files\/2015\/06\/Ausbildungsstruktur-Instruktor-und-Trainer-Skibergsteigen.jpg\" alt=\"Ausbildungsstruktur Instruktor und Trainer Skibergsteigen\" width=\"450\" height=\"388\" \/><\/p>\n<p>Als eine der Voraussetzungen zur Teilnahme am Zusatzmodul Instruktor Wettkampf-Skibergsteigen ist die abgeschlossene Ausbildung zum Instruktor Skitouren oder einer \u00e4hnlichen Basisausbildung (z.B. Bergf\u00fchrerausbildung, Skif\u00fchrerausbildung) Bedingung. Der Lehrgang Instruktor Skitouren wird von der BSPA Innsbruck oder der BSPA Wien angeboten, die n\u00e4chsten Kursbeginne sind jeweils im Dezember 2015,<a href=\"http:\/\/www.bspa.at\/\" target=\"_blank\"> hier der Link zur Webseite der Bundessportakademie und den Ausschreibungen.<\/a><\/p>\n<p>Die Ausbildung f\u00fcr Instruktorinnen und Instruktoren Wettkampf-Skibergsteigen kann f\u00fcr Interessierte gleich im Anschluss an den Instruktor-Lehrgang f\u00fcr Skitouren absolviert werden. Sie findet 2016 an folgenden Terminen statt:<br \/>\n1. Kursteil: 06. \u2013 10. April 2016 (Gries im Sellraintal)<br \/>\n2. Kursteil: 25. \u2013 29. Mai 2016 (Kaprun \u2013 Kitzsteinhorn)<br \/>\nAbschlusspr\u00fcfung am 29. Mai 2016<\/p>\n<p>Alle genauen Aufnahmebedingungen und alle Details sind im Anhang in der offiziellen Ausschreibung zu finden.<\/p>\n<p>Weitere Fragen zum Lehrgang Instruktorinnen und Instruktoren Wettkampf-Skibergsteigen an <a href=\"mailto:anna.spielbuechler@oesv.at\">anna.spielbuechler@oesv.at<\/a> bzw. die Anmeldung zum Kurs in der Ausschreibung im Anhang.<\/p>\n","protected":false},"excerpt":{"rendered":"<p>Ab 2016 startet der erste Lehrgang zur Ausbildung von Instruktorinnen und Instruktoren f\u00fcr Wettkampf-Skibergsteigen.<\/p>\n","protected":false},"author":1,"featured_media":0,"parent":0,"menu_order":0,"comment_status":"closed","ping_status":"closed","template":"","meta":[],"yoast_head":"<!-- This site is optimized with the Yoast SEO plugin v16.3 - https:\/\/yoast.com\/wordpress\/plugins\/seo\/ -->\n<title>Instruktorenausbildung Wettkampf-Skibergsteigen<\/title>\n<meta name=\"description\" content=\"Informationen zur Instruktorenausbildung Wettkampf-Skibergsteigen\" \/>\n<meta name=\"robots\" content=\"index, follow, max-snippet:-1, max-image-preview:large, max-video-preview:-1\" \/>\n<link rel=\"canonical\" href=\"https:\/\/skimo.73.jarolim.eu\/sportler\/training-und-ausbildung\/\" \/>\n<meta property=\"og:locale\" content=\"de_DE\" \/>\n<meta property=\"og:type\" content=\"article\" \/>\n<meta property=\"og:title\" content=\"Instruktorenausbildung Wettkampf-Skibergsteigen\" \/>\n<meta property=\"og:description\" content=\"Informationen zur Instruktorenausbildung Wettkampf-Skibergsteigen\" \/>\n<meta property=\"og:url\" content=\"https:\/\/skimo.73.jarolim.eu\/sportler\/training-und-ausbildung\/\" \/>\n<meta property=\"og:site_name\" content=\"Sportler\" \/>\n<meta property=\"article:modified_time\" content=\"2015-10-31T07:00:47+00:00\" \/>\n<meta property=\"og:image\" content=\"http:\/\/www.askimo.at\/verband\/files\/2015\/06\/Ausbildungsstruktur-Instruktor-und-Trainer-Skibergsteigen.jpg\" \/>\n<meta name=\"twitter:card\" content=\"summary\" \/>\n<meta name=\"twitter:label1\" content=\"Gesch\u00e4tzte Lesezeit\">\n\t<meta name=\"twitter:data1\" content=\"1\u00a0Minute\">\n<script type=\"application\/ld+json\" class=\"yoast-schema-graph\">{\"@context\":\"https:\/\/schema.org\",\"@graph\":[{\"@type\":\"WebSite\",\"@id\":\"https:\/\/skimo.73.jarolim.eu\/sportler\/#website\",\"url\":\"https:\/\/skimo.73.jarolim.eu\/sportler\/\",\"name\":\"Sportler\",\"description\":\"\",\"potentialAction\":[{\"@type\":\"SearchAction\",\"target\":\"https:\/\/skimo.73.jarolim.eu\/sportler\/?s={search_term_string}\",\"query-input\":\"required name=search_term_string\"}],\"inLanguage\":\"de\"},{\"@type\":\"ImageObject\",\"@id\":\"https:\/\/skimo.73.jarolim.eu\/sportler\/training-und-ausbildung\/#primaryimage\",\"inLanguage\":\"de\",\"url\":\"http:\/\/www.askimo.at\/verband\/files\/2015\/06\/Ausbildungsstruktur-Instruktor-und-Trainer-Skibergsteigen.jpg\",\"contentUrl\":\"http:\/\/www.askimo.at\/verband\/files\/2015\/06\/Ausbildungsstruktur-Instruktor-und-Trainer-Skibergsteigen.jpg\"},{\"@type\":\"WebPage\",\"@id\":\"https:\/\/skimo.73.jarolim.eu\/sportler\/training-und-ausbildung\/#webpage\",\"url\":\"https:\/\/skimo.73.jarolim.eu\/sportler\/training-und-ausbildung\/\",\"name\":\"Instruktorenausbildung Wettkampf-Skibergsteigen\",\"isPartOf\":{\"@id\":\"https:\/\/skimo.73.jarolim.eu\/sportler\/#website\"},\"primaryImageOfPage\":{\"@id\":\"https:\/\/skimo.73.jarolim.eu\/sportler\/training-und-ausbildung\/#primaryimage\"},\"datePublished\":\"2015-10-30T10:29:28+00:00\",\"dateModified\":\"2015-10-31T07:00:47+00:00\",\"description\":\"Informationen zur Instruktorenausbildung Wettkampf-Skibergsteigen\",\"breadcrumb\":{\"@id\":\"https:\/\/skimo.73.jarolim.eu\/sportler\/training-und-ausbildung\/#breadcrumb\"},\"inLanguage\":\"de\",\"potentialAction\":[{\"@type\":\"ReadAction\",\"target\":[\"https:\/\/skimo.73.jarolim.eu\/sportler\/training-und-ausbildung\/\"]}]},{\"@type\":\"BreadcrumbList\",\"@id\":\"https:\/\/skimo.73.jarolim.eu\/sportler\/training-und-ausbildung\/#breadcrumb\",\"itemListElement\":[{\"@type\":\"ListItem\",\"position\":1,\"item\":{\"@type\":\"WebPage\",\"@id\":\"https:\/\/skimo.73.jarolim.eu\/sportler\/\",\"url\":\"https:\/\/skimo.73.jarolim.eu\/sportler\/\",\"name\":\"Home\"}},{\"@type\":\"ListItem\",\"position\":2,\"item\":{\"@id\":\"https:\/\/skimo.73.jarolim.eu\/sportler\/training-und-ausbildung\/#webpage\"}}]}]}<\/script>\n<!-- \/ Yoast SEO plugin. -->","_links":{"self":[{"href":"https:\/\/www.skimo.at\/sportler\/wp-json\/wp\/v2\/pages\/3882"}],"collection":[{"href":"https:\/\/www.skimo.at\/sportler\/wp-json\/wp\/v2\/pages"}],"about":[{"href":"https:\/\/www.skimo.at\/sportler\/wp-json\/wp\/v2\/types\/page"}],"author":[{"embeddable":true,"href":"https:\/\/www.skimo.at\/sportler\/wp-json\/wp\/v2\/users\/1"}],"replies":[{"embeddable":true,"href":"https:\/\/www.skimo.at\/sportler\/wp-json\/wp\/v2\/comments?post=3882"}],"version-history":[{"count":5,"href":"https:\/\/www.skimo.at\/sportler\/wp-json\/wp\/v2\/pages\/3882\/revisions"}],"predecessor-version":[{"id":3894,"href":"https:\/\/www.skimo.at\/sportler\/wp-json\/wp\/v2\/pages\/3882\/revisions\/3894"}],"wp:attachment":[{"href":"https:\/\/www.skimo.at\/sportler\/wp-json\/wp\/v2\/media?parent=3882"}],"curies":[{"name":"wp","href":"https:\/\/api.w.org\/{rel}","templated":true}]}}