{"id":6,"date":"2012-09-10T18:37:13","date_gmt":"2012-09-10T16:37:13","guid":{"rendered":"http:\/\/www.skimo.at\/skibergsteigen\/?page_id=6"},"modified":"2020-12-01T21:01:38","modified_gmt":"2020-12-01T19:01:38","slug":"organisation","status":"publish","type":"page","link":"https:\/\/www.skimo.at\/skibergsteigen\/organisation\/","title":{"rendered":"Organisation"},"content":{"rendered":"<h2><strong>Wie organisiert sich DIE SPORTART SKIBERGSTEIGEN?<\/strong><\/h2>\n<p>In den letzten Jahrzehnten stieg die Beliebtheit des\u00a0Skibergsteigens in seiner Wettkampfform kontinuierlich an. Eine wachsende Anzahl an Veranstaltungen f\u00fchrte\u00a0Anfang der 2000er Jahre zu einer Erstellung eines Rennkalenders, einer Internetplattform sowie einem allgemeinen Reglement und lie\u00df daraufhin den Wunsch nach einer Organisation immer intensiver werden, die es bis dahin noch nicht gab. Als Breitensport war das Skibergsteigen in den Alpinen Vereinen fest verankert, es gab jedoch keine eigene Sektion f\u00fcr die Belange des Wettkampfsportes.\u00a0Daraufhin wurde am\u00a010.11.2006 die Sportart \u201eWettkampf- Skibergsteigen\u201c im besten Einvernehmen vom bisherigen Schirmherren VAV\u00d6 (Verband der Alpinen Vereine \u00d6sterreichs) in den neu gegr\u00fcndeten \u00d6sterreichische Bundesfachverband f\u00fcr Wettkampf- Skibergsteigen\u00a0ASKIMO \u00fcbernommen. Die Bezeichnung ASKIMO wurde aufgrund der internationalen Verbindungen zum besseren Verst\u00e4ndnis als Kurzform der englischen Bezeichnung gew\u00e4hlt (<strong>A<\/strong>ustrian\u00a0<strong>SKIM<\/strong>ountaineering\u00a0<strong>O<\/strong>rganisation for Competitions). \u00d6sterreich hatte damit endlich seinen eigenen Verband f\u00fcr Wettkampf-Skibergsteigen!<\/p>\n<p>International war die Sportart schon l\u00e4nger gut aufgestellt. Die CISAC als als zivile Organisation f\u00fcr die damals \u00fcblichen milit\u00e4rischen Patrouillen wurde schon 1988 gegr\u00fcndet. Die Organisation trat 1999 der UIAA bei und wurde als \u201eInternational Skimountaineering Council ISMC\u201c innerhalb derselben gef\u00fchrt. Hierbei wurden die heute noch bekannten Strukturen ausgearbeitet. Mit der Umbenennung in \u201eInternational Ski Mountaineering Federation ISMF\u201c im Jahr 2007 wurde der Prozess der Slebstst\u00e4ndigkeit eingel\u00e4utet. Mit Stand 2018 hat die ISMF 36 Mitgliedsstaaten und ist bei GAISF, SPORTACCORD und IOC als Weltverband anerkannt.<\/p>\n<h2><strong>ASKIMO bringt Wettkampfsport in den \u00d6SV<\/strong><\/h2>\n<p>Seit der Gr\u00fcndung 2006 bem\u00fchte sich der ASKIMO um den Aufbau von Strukturen und die Hinf\u00fchrung \u00d6sterreichs auf Weltniveau im Wettkampf- Skibergsteigen. Wichtige Schritte dazu waren\u00a0Kooperationen auf internationaler Ebene, intensive Jugendarbeit und die Entsendung einer \u00d6sterreichischen Nationalmannschaft im Skibergsteigen ab 2007. Bis 2014 bestand\u00a0die Organisation aus dem Bundesverband und 7 Landesverb\u00e4nden mit\u00a0\u00f6sterreichweit 57 Mitgliedsvereinen und darunter rund 5.200 Mitgliedern. Mit\u00a0Juni 2014 begann\u00a0nach langer und intensiver Vorbereitungsarbeit und aufgrund einstimmiger Beschl\u00fcsse, sowohl im ASKIMO, als auch im \u00d6SV, die schrittweise Eingliederung in den \u00d6sterreichischen Skiverband als Sparte Skibergsteigen. Mit der offiziellen Kaderbekanntgabe der \u00d6SV Sparte Skibergsteigen im Herbst 2015 wurde die Eingliederung als Sparte im \u00d6sterreichischen Skiverband abgeschlossen.<\/p>\n<p>Der \u00d6sterreichische Skiverband\u00a0ist f\u00fcr \u00d6sterreich exklusiv bei der ISMF (International Ski Mountaineering Federation) als zust\u00e4ndiger Verband f\u00fcr die Belange des Wettkampf-Skibergsteigens registriert.<\/p>\n<h2><strong>SKIMO Austria und die Sportart-Entwicklung<\/strong><\/h2>\n<p>Die bis 2014 vom ASKIMO breit angelegten Agenden der Sportentwicklung, so zum Beispiel Reglementwesen, Jugendcamps, Rennentwicklung und Pressearbeit, entwickelte sich in den Folgejahren nicht mehr wie zuvor. Mit neuem Schwung und alter Zielsetzung wurde 2016 deshalb der Verein \u201eSKIMO Austria \u2013 Skibergsteigen in \u00d6sterreich\u201c gegr\u00fcndet, der ebendiese Sportentwicklung rasch wieder in Schwung brachte.<\/p>\n<p>Die Kooperation mit Organisationen auf internationaler Ebene, der Kontakt mit der Wirtschaft und die mediale Aufbereitung der Sportart Skibergsteigen bieten breites und spannendes Bet\u00e4tigungsfeld.<\/p>\n<p>Das Team von SKIMO Austria freut sich, f\u00fcr die sch\u00f6nste Sportart arbeiten zu d\u00fcrfen. Nicht nur der Wettkampf, auch die sportliche Bewegung und der Breitensport sind uns ein Anliegen.<\/p>\n","protected":false},"excerpt":{"rendered":"<p>Wie organisiert sich DIE SPORTART SKIBERGSTEIGEN? In den letzten Jahrzehnten stieg die Beliebtheit des\u00a0Skibergsteigens in seiner Wettkampfform kontinuierlich an. Eine wachsende Anzahl an Veranstaltungen f\u00fchrte\u00a0Anfang der 2000er Jahre zu einer Erstellung eines Rennkalenders, einer Internetplattform sowie einem allgemeinen Reglement und lie\u00df daraufhin den Wunsch nach einer Organisation immer intensiver werden, die es bis dahin noch [&hellip;]<\/p>\n","protected":false},"author":3,"featured_media":0,"parent":0,"menu_order":0,"comment_status":"closed","ping_status":"closed","template":"","meta":[],"yoast_head":"<!-- This site is optimized with the Yoast SEO plugin v16.3 - https:\/\/yoast.com\/wordpress\/plugins\/seo\/ -->\n<title>Organisation - Skibergsteigen<\/title>\n<meta name=\"robots\" content=\"index, follow, max-snippet:-1, max-image-preview:large, max-video-preview:-1\" \/>\n<link rel=\"canonical\" href=\"https:\/\/skimo.73.jarolim.eu\/skibergsteigen\/organisation\/\" \/>\n<meta property=\"og:locale\" content=\"de_DE\" \/>\n<meta property=\"og:type\" content=\"article\" \/>\n<meta property=\"og:title\" content=\"Organisation - Skibergsteigen\" \/>\n<meta property=\"og:description\" content=\"Wie organisiert sich DIE SPORTART SKIBERGSTEIGEN? In den letzten Jahrzehnten stieg die Beliebtheit des\u00a0Skibergsteigens in seiner Wettkampfform kontinuierlich an. Eine wachsende Anzahl an Veranstaltungen f\u00fchrte\u00a0Anfang der 2000er Jahre zu einer Erstellung eines Rennkalenders, einer Internetplattform sowie einem allgemeinen Reglement und lie\u00df daraufhin den Wunsch nach einer Organisation immer intensiver werden, die es bis dahin noch [&hellip;]\" \/>\n<meta property=\"og:url\" content=\"https:\/\/skimo.73.jarolim.eu\/skibergsteigen\/organisation\/\" \/>\n<meta property=\"og:site_name\" content=\"Skibergsteigen\" \/>\n<meta property=\"article:modified_time\" content=\"2020-12-01T19:01:38+00:00\" \/>\n<meta name=\"twitter:card\" content=\"summary\" \/>\n<meta name=\"twitter:label1\" content=\"Gesch\u00e4tzte Lesezeit\">\n\t<meta name=\"twitter:data1\" content=\"2\u00a0Minuten\">\n<script type=\"application\/ld+json\" class=\"yoast-schema-graph\">{\"@context\":\"https:\/\/schema.org\",\"@graph\":[{\"@type\":\"WebSite\",\"@id\":\"https:\/\/skimo.73.jarolim.eu\/skibergsteigen\/#website\",\"url\":\"https:\/\/skimo.73.jarolim.eu\/skibergsteigen\/\",\"name\":\"Skibergsteigen\",\"description\":\"Skibergsteigen in \\u00d6sterreich\",\"potentialAction\":[{\"@type\":\"SearchAction\",\"target\":\"https:\/\/skimo.73.jarolim.eu\/skibergsteigen\/?s={search_term_string}\",\"query-input\":\"required name=search_term_string\"}],\"inLanguage\":\"de\"},{\"@type\":\"WebPage\",\"@id\":\"https:\/\/skimo.73.jarolim.eu\/skibergsteigen\/organisation\/#webpage\",\"url\":\"https:\/\/skimo.73.jarolim.eu\/skibergsteigen\/organisation\/\",\"name\":\"Organisation - Skibergsteigen\",\"isPartOf\":{\"@id\":\"https:\/\/skimo.73.jarolim.eu\/skibergsteigen\/#website\"},\"datePublished\":\"2012-09-10T16:37:13+00:00\",\"dateModified\":\"2020-12-01T19:01:38+00:00\",\"breadcrumb\":{\"@id\":\"https:\/\/skimo.73.jarolim.eu\/skibergsteigen\/organisation\/#breadcrumb\"},\"inLanguage\":\"de\",\"potentialAction\":[{\"@type\":\"ReadAction\",\"target\":[\"https:\/\/skimo.73.jarolim.eu\/skibergsteigen\/organisation\/\"]}]},{\"@type\":\"BreadcrumbList\",\"@id\":\"https:\/\/skimo.73.jarolim.eu\/skibergsteigen\/organisation\/#breadcrumb\",\"itemListElement\":[{\"@type\":\"ListItem\",\"position\":1,\"item\":{\"@type\":\"WebPage\",\"@id\":\"https:\/\/skimo.73.jarolim.eu\/skibergsteigen\/\",\"url\":\"https:\/\/skimo.73.jarolim.eu\/skibergsteigen\/\",\"name\":\"Home\"}},{\"@type\":\"ListItem\",\"position\":2,\"item\":{\"@id\":\"https:\/\/skimo.73.jarolim.eu\/skibergsteigen\/organisation\/#webpage\"}}]}]}<\/script>\n<!-- \/ Yoast SEO plugin. -->","_links":{"self":[{"href":"https:\/\/www.skimo.at\/skibergsteigen\/wp-json\/wp\/v2\/pages\/6"}],"collection":[{"href":"https:\/\/www.skimo.at\/skibergsteigen\/wp-json\/wp\/v2\/pages"}],"about":[{"href":"https:\/\/www.skimo.at\/skibergsteigen\/wp-json\/wp\/v2\/types\/page"}],"author":[{"embeddable":true,"href":"https:\/\/www.skimo.at\/skibergsteigen\/wp-json\/wp\/v2\/users\/3"}],"replies":[{"embeddable":true,"href":"https:\/\/www.skimo.at\/skibergsteigen\/wp-json\/wp\/v2\/comments?post=6"}],"version-history":[{"count":46,"href":"https:\/\/www.skimo.at\/skibergsteigen\/wp-json\/wp\/v2\/pages\/6\/revisions"}],"predecessor-version":[{"id":188930,"href":"https:\/\/www.skimo.at\/skibergsteigen\/wp-json\/wp\/v2\/pages\/6\/revisions\/188930"}],"wp:attachment":[{"href":"https:\/\/www.skimo.at\/skibergsteigen\/wp-json\/wp\/v2\/media?parent=6"}],"curies":[{"name":"wp","href":"https:\/\/api.w.org\/{rel}","templated":true}]}}