{"id":30,"date":"2012-09-10T18:47:13","date_gmt":"2012-09-10T16:47:13","guid":{"rendered":"http:\/\/www.skimo.at\/skibergsteigen\/?page_id=30"},"modified":"2014-12-17T11:56:15","modified_gmt":"2014-12-17T09:56:15","slug":"lizenzen","status":"publish","type":"page","link":"https:\/\/www.skimo.at\/skibergsteigen\/die-rennen\/lizenzen\/","title":{"rendered":"Kalendergeb\u00fchr und Veranstaltermitgliedschaft"},"content":{"rendered":"<p>Das Skibergsteigen startet ab dieser Saison mit dem \u00d6sterreichischer Skiverband \u00d6SV in den Winter! Durch den im Juni erfolgten Beschluss, dass der ASKIMO als Sparte in den \u00d6SV integriert wird, ist es der Sportart m\u00f6glich, einen weiteren Schritt in Richtung Professionalisierung und Olympische Anerkennung zu machen. Denn mit \u00fcber 1200 Vereinen, in denen ca. 145.000 sportbegeisterte Mitglieder aller Altersgruppen organisiert sind, ist der \u00d6sterreichische Skiverband einer der gr\u00f6\u00dften und wichtigsten Sportfachverb\u00e4nde \u00d6sterreichs, davon k\u00f6nnen nat\u00fcrlich auch die Veranstaltungen im Skibergsteigen profitieren.<\/p>\n<h1>Angebote und Neuerungen\u00a0f\u00fcr die Rennveranstalter im Skibergsteigen<\/h1>\n<h2>Kalendergeb\u00fchr<\/h2>\n<p>Die ASKIMO Webseite und der Rennkalender bleiben wie gehabt und werden daher, wie in den letzten Jahren bereits \u00fcblich, die erste Anlaufstelle f\u00fcr alle Infos zum Skibergsteigen in \u00d6sterreich sein. Die \u00fcbliche Kalendergeb\u00fchr von \u20ac 100 \/ Veranstaltung bleibt wie gehabt erhalten. Darin inkludiert wie bisher:<\/p>\n<ul>\n<li><a href=\"http:\/\/www.skimo.at\/rennen\/rennen\/#event-next\" target=\"_blank\">Voller Kalendereintrag in den internationalen Rennkalender<\/a>.\u00a0Der Rennkalender wird laufend\u00a0aktualisiert und neue Bewerbe werden eingetragen. Den Kalendereintrag beantragen und die Daten des Bewerbes einfach mittels dem Formular zuschicken, schon steht das Rennen im Kalender.<\/li>\n<li>M\u00f6glichkeit zur Ver\u00f6ffentlichung von Berichten auf der <a href=\"http:\/\/www.skimo.at\/rennen\/\" target=\"_blank\">ASKIMO Webseite<\/a> (Ank\u00fcndigungen, Ausschreibungen, Nachberichte, Ergebnisse, Fotos, etc.) zu einem gew\u00fcnschten Termin.<\/li>\n<\/ul>\n<h2>Bezeichnung offizieller \u00d6SV Wettkampf der Sparte Skibergsteigen<\/h2>\n<p>Damit ein Rennen den Status eins offiziellen \u00d6SV Rennens genie\u00dft, muss es zwei Voraussetzungen erf\u00fcllen:<\/p>\n<ol>\n<li>Nur mehr Wettk\u00e4mpfe, die das<a href=\"http:\/\/www.skimo.at\/skibergsteigen\/die-rennen\/reglement\/\" target=\"_blank\"> <strong>\u00d6sterreichische Basisreglement<\/strong><\/a> anerkennen und einhalten, d\u00fcrfen als <strong>\u00d6SV-Wettk\u00e4mpfe der Sparte Skibergsteigen<\/strong> bezeichnet werden. Die \u00dcbrigen erscheinen zwar ebenfalls im Kalender, sind aber keine \u00d6SV Rennen.<\/li>\n<li>Das Vorweisen einer <strong>Veranstalter-Haftpflicht-Versicherung<\/strong> ist Pflicht, erst dann darf das Rennen als offizielles \u00d6SV Rennen bezeichnet werden. Hier gibt es zwei M\u00f6glichkeiten:<\/li>\n<\/ol>\n<ul>\n<li>Ein \u00d6SV Mitgliedsverein, das hei\u00dft, einem \u00d6SV Landesskiverband angeschlossener Verein kommt in den Genuss einer Versicherungsdeckung im Rahmen seiner \u00d6SV Mitgliedschaft. Bez\u00fcglich eines Antrages zur \u00d6SV Mitgliedschaft bitte an den daf\u00fcr <a href=\"http:\/\/www.oesv.at\/deroesv\/landesskiverbaende.php\" target=\"_blank\">zust\u00e4ndigen Landesskiverband<\/a>\u00a0wenden.<\/li>\n<li>Sofern die Veranstaltung nicht von einem \u00d6SV Verein durchgef\u00fchrt wird (z.B. TVB, OeAV Sektionen, etc.) ist eine zus\u00e4tzliche Veranstalter-Haftpflichtversicherung erforderlich, wie z.B. in den letzten Jahren z.B. \u00fcber das <a href=\"http:\/\/www.diehelden.at\/bso.html\" target=\"_blank\">Versicherungsb\u00fcro Held &amp; Held<\/a><\/li>\n<\/ul>\n<p>Achtung: Haben die Athleten eine Unfallversicherung durch eine \u00d6SV Mitgliedschaft abgeschlossen, so gilt diese <strong>ausschlie\u00dflich bei offiziellen \u00d6SV Wettk\u00e4mpfen der Sparte Skibergsteigen<\/strong>. Bei allen anderen im Rennkalender angef\u00fchrten Bewerben nicht!<\/p>\n<p>Antragsformular f\u00fcr die Bezeichnung als offizielles \u00d6SV Rennen auf\u00fcllen, die n\u00f6tigen Belege dazu geben und an uns schicken, schon ist die Veranstaltung mit dabei!<\/p>\n<p>Hier noch eine Grafik zum genaueren \u00dcberblick:<\/p>\n<p>&nbsp;<\/p>\n<p><img loading=\"lazy\" class=\"alignnone wp-image-122481 size-large\" src=\"http:\/\/www.skimo.at\/skibergsteigen\/files\/2012\/09\/Mitgliedschaft-und-Versicherung-2014-15-Grafik-600x416.jpg\" alt=\"Mitgliedschaft und Versicherung 2014-15 Grafik\" width=\"600\" height=\"416\" \/><\/p>\n<h1><\/h1>\n<h1><\/h1>\n<h1>Internationale Lizenzen<\/h1>\n<p>Der ASKIMO \u00a0bzw. die Sparte Skibergsteigen im \u00d6SV ist die \u00d6sterreichische Vertretung im internationalen Verband ISMF. Als einzige Institution k\u00f6nnen durch den ASKIMO um internationale Lizenzen angesucht werden, die f\u00fcr die Teilnahme an internationalen Veranstaltungen n\u00f6tig sind.<br \/>\nInternationale Lizenzen werden ausschlie\u00dflich an Mitglieder des \u00d6sterreichischen Nationalkaders vergeben.<\/p>\n<p>Um Aufnahme in den \u00d6sterreichischen Nationalkader kann bei den jeweiligen\u00a0Landesverb\u00e4nden angesucht werden. <a href=\"http:\/\/www.skimo.at\/nationalmannschaft\/qualifikation\/\" target=\"_blank\">Hier der Link zu den genauen Voraussetzungen\u00a0und Kriterien.<\/a><\/p>\n","protected":false},"excerpt":{"rendered":"<p>Das Skibergsteigen startet ab dieser Saison mit dem \u00d6sterreichischer Skiverband \u00d6SV in den Winter! Durch den im Juni erfolgten Beschluss, dass der ASKIMO als Sparte in den \u00d6SV integriert wird, ist es der Sportart m\u00f6glich, einen weiteren Schritt in Richtung Professionalisierung und Olympische Anerkennung zu machen. Denn mit \u00fcber 1200 Vereinen, in denen ca. 145.000 [&hellip;]<\/p>\n","protected":false},"author":2,"featured_media":0,"parent":28,"menu_order":0,"comment_status":"closed","ping_status":"open","template":"","meta":[],"yoast_head":"<!-- This site is optimized with the Yoast SEO plugin v16.3 - https:\/\/yoast.com\/wordpress\/plugins\/seo\/ -->\n<title>Kalendergeb\u00fchr und Veranstaltermitgliedschaft - Skibergsteigen<\/title>\n<meta name=\"robots\" content=\"index, follow, max-snippet:-1, max-image-preview:large, max-video-preview:-1\" \/>\n<link rel=\"canonical\" href=\"https:\/\/skimo.73.jarolim.eu\/skibergsteigen\/die-rennen\/lizenzen\/\" \/>\n<meta property=\"og:locale\" content=\"de_DE\" \/>\n<meta property=\"og:type\" content=\"article\" \/>\n<meta property=\"og:title\" content=\"Kalendergeb\u00fchr und Veranstaltermitgliedschaft - Skibergsteigen\" \/>\n<meta property=\"og:description\" content=\"Das Skibergsteigen startet ab dieser Saison mit dem \u00d6sterreichischer Skiverband \u00d6SV in den Winter! Durch den im Juni erfolgten Beschluss, dass der ASKIMO als Sparte in den \u00d6SV integriert wird, ist es der Sportart m\u00f6glich, einen weiteren Schritt in Richtung Professionalisierung und Olympische Anerkennung zu machen. Denn mit \u00fcber 1200 Vereinen, in denen ca. 145.000 [&hellip;]\" \/>\n<meta property=\"og:url\" content=\"https:\/\/skimo.73.jarolim.eu\/skibergsteigen\/die-rennen\/lizenzen\/\" \/>\n<meta property=\"og:site_name\" content=\"Skibergsteigen\" \/>\n<meta property=\"article:modified_time\" content=\"2014-12-17T09:56:15+00:00\" \/>\n<meta property=\"og:image\" content=\"http:\/\/skimo.73.jarolim.eu\/skibergsteigen\/files\/2012\/09\/Mitgliedschaft-und-Versicherung-2014-15-Grafik-600x416.jpg\" \/>\n<meta name=\"twitter:card\" content=\"summary\" \/>\n<meta name=\"twitter:label1\" content=\"Gesch\u00e4tzte Lesezeit\">\n\t<meta name=\"twitter:data1\" content=\"2\u00a0Minuten\">\n<script type=\"application\/ld+json\" class=\"yoast-schema-graph\">{\"@context\":\"https:\/\/schema.org\",\"@graph\":[{\"@type\":\"WebSite\",\"@id\":\"https:\/\/skimo.73.jarolim.eu\/skibergsteigen\/#website\",\"url\":\"https:\/\/skimo.73.jarolim.eu\/skibergsteigen\/\",\"name\":\"Skibergsteigen\",\"description\":\"Skibergsteigen in \\u00d6sterreich\",\"potentialAction\":[{\"@type\":\"SearchAction\",\"target\":\"https:\/\/skimo.73.jarolim.eu\/skibergsteigen\/?s={search_term_string}\",\"query-input\":\"required name=search_term_string\"}],\"inLanguage\":\"de\"},{\"@type\":\"ImageObject\",\"@id\":\"https:\/\/skimo.73.jarolim.eu\/skibergsteigen\/die-rennen\/lizenzen\/#primaryimage\",\"inLanguage\":\"de\",\"url\":\"http:\/\/www.skimo.at\/skibergsteigen\/files\/2012\/09\/Mitgliedschaft-und-Versicherung-2014-15-Grafik-600x416.jpg\",\"contentUrl\":\"http:\/\/www.skimo.at\/skibergsteigen\/files\/2012\/09\/Mitgliedschaft-und-Versicherung-2014-15-Grafik-600x416.jpg\"},{\"@type\":\"WebPage\",\"@id\":\"https:\/\/skimo.73.jarolim.eu\/skibergsteigen\/die-rennen\/lizenzen\/#webpage\",\"url\":\"https:\/\/skimo.73.jarolim.eu\/skibergsteigen\/die-rennen\/lizenzen\/\",\"name\":\"Kalendergeb\\u00fchr und Veranstaltermitgliedschaft - Skibergsteigen\",\"isPartOf\":{\"@id\":\"https:\/\/skimo.73.jarolim.eu\/skibergsteigen\/#website\"},\"primaryImageOfPage\":{\"@id\":\"https:\/\/skimo.73.jarolim.eu\/skibergsteigen\/die-rennen\/lizenzen\/#primaryimage\"},\"datePublished\":\"2012-09-10T16:47:13+00:00\",\"dateModified\":\"2014-12-17T09:56:15+00:00\",\"breadcrumb\":{\"@id\":\"https:\/\/skimo.73.jarolim.eu\/skibergsteigen\/die-rennen\/lizenzen\/#breadcrumb\"},\"inLanguage\":\"de\",\"potentialAction\":[{\"@type\":\"ReadAction\",\"target\":[\"https:\/\/skimo.73.jarolim.eu\/skibergsteigen\/die-rennen\/lizenzen\/\"]}]},{\"@type\":\"BreadcrumbList\",\"@id\":\"https:\/\/skimo.73.jarolim.eu\/skibergsteigen\/die-rennen\/lizenzen\/#breadcrumb\",\"itemListElement\":[{\"@type\":\"ListItem\",\"position\":1,\"item\":{\"@type\":\"WebPage\",\"@id\":\"https:\/\/skimo.73.jarolim.eu\/skibergsteigen\/\",\"url\":\"https:\/\/skimo.73.jarolim.eu\/skibergsteigen\/\",\"name\":\"Home\"}},{\"@type\":\"ListItem\",\"position\":2,\"item\":{\"@type\":\"WebPage\",\"@id\":\"https:\/\/skimo.73.jarolim.eu\/skibergsteigen\/die-rennen\/\",\"url\":\"https:\/\/skimo.73.jarolim.eu\/skibergsteigen\/die-rennen\/\",\"name\":\"Rennen\"}},{\"@type\":\"ListItem\",\"position\":3,\"item\":{\"@id\":\"https:\/\/skimo.73.jarolim.eu\/skibergsteigen\/die-rennen\/lizenzen\/#webpage\"}}]}]}<\/script>\n<!-- \/ Yoast SEO plugin. -->","_links":{"self":[{"href":"https:\/\/www.skimo.at\/skibergsteigen\/wp-json\/wp\/v2\/pages\/30"}],"collection":[{"href":"https:\/\/www.skimo.at\/skibergsteigen\/wp-json\/wp\/v2\/pages"}],"about":[{"href":"https:\/\/www.skimo.at\/skibergsteigen\/wp-json\/wp\/v2\/types\/page"}],"author":[{"embeddable":true,"href":"https:\/\/www.skimo.at\/skibergsteigen\/wp-json\/wp\/v2\/users\/2"}],"replies":[{"embeddable":true,"href":"https:\/\/www.skimo.at\/skibergsteigen\/wp-json\/wp\/v2\/comments?post=30"}],"version-history":[{"count":27,"href":"https:\/\/www.skimo.at\/skibergsteigen\/wp-json\/wp\/v2\/pages\/30\/revisions"}],"predecessor-version":[{"id":122486,"href":"https:\/\/www.skimo.at\/skibergsteigen\/wp-json\/wp\/v2\/pages\/30\/revisions\/122486"}],"up":[{"embeddable":true,"href":"https:\/\/www.skimo.at\/skibergsteigen\/wp-json\/wp\/v2\/pages\/28"}],"wp:attachment":[{"href":"https:\/\/www.skimo.at\/skibergsteigen\/wp-json\/wp\/v2\/media?parent=30"}],"curies":[{"name":"wp","href":"https:\/\/api.w.org\/{rel}","templated":true}]}}