{"id":28,"date":"2012-09-10T18:46:55","date_gmt":"2012-09-10T16:46:55","guid":{"rendered":"http:\/\/www.skimo.at\/skibergsteigen\/?page_id=28"},"modified":"2013-10-16T08:43:28","modified_gmt":"2013-10-16T06:43:28","slug":"die-rennen","status":"publish","type":"page","link":"https:\/\/www.skimo.at\/skibergsteigen\/die-rennen\/","title":{"rendered":"Rennen"},"content":{"rendered":"<p>Betrachtet man die Entwicklung der letzten Jahre, so hat sich in der Wettkampfszene viel ver\u00e4ndert. Veranstaltungen gibt es seit 100 Jahren, strukturierte Rennserien aber erst seit k\u00fcrzerem. So wurde zum Beispiel der Austria Skitour Cup (ASTC) im Jahr 2002 ins Leben gerufen. Eingef\u00fchrt mit nur zwei Bewerben zur damaligen Zeit, besteht er heute aus den hochkar\u00e4tigsten Veranstaltungen in \u00d6sterreich, welche ganz bestimmten Qualit\u00e4tskriterien entsprechen m\u00fcssen, um im Kreise des ASTC aufgenommen zu werden. Erst zwei Jahre sp\u00e4ter, im Jahr 2004, wurde von der ISMF der Weltcup eingef\u00fchrt.<\/p>\n<p>Seit der Entwicklung dieser offiziellen Cups, national sowie international, dr\u00e4ngen immer mehr Rennen nach und wollen Teil dieser Cups werden. Zus\u00e4tzlich sind die Wettk\u00e4mpfe im Skibergsteigen in den letzten Jahren quantitativ st\u00e4ndig gestiegen, daher ist es an der Zeit gewesen, auch qualitativ ein Bewertungssystem zu erschaffen.<br \/>\nIm Sommer 2012 ist aus diesem Grund vom ASKIMO in Zusammenarbeit mit den ASTC Veranstaltern ein Kategoriensystem mit Bewertungsbogen entworfen worden, welches ab der 2012\/2013 in Kraft tritt. Durch die Erf\u00fcllung bestimmter Kriterien hinsichtlich Veranstalterlizenznahme, Sicherheit, Gesamtbudget, medialer Wirkung, Organisation des Bewerbes, etc. kann ein Bewerb eingeteilt werden von Kategorie C (offizieller ASKIMO Bewerb mit Lizenz) bis Kategorie A1 (Weltcup w\u00fcrdig).<\/p>\n<p>Genaue Informationen zu diesem Bewertungssytem\u00a0finden sich unter diesem Link:<\/p>\n<p><a href=\"http:\/\/www.skimo.at\/skibergsteigen\/files\/2013\/04\/Rennkategorien-1.51.pdf\" target=\"_blank\">\u00d6sterreichische Rennkategorien im Skibergsteigen, Ver. 1.5<\/a><\/p>\n<p>Unter den unten angef\u00fchrten Downloads sind die Unterlagen zu den Kategorien und das Antragsformular f\u00fcr eine Veranstalterlizenz zu finden.<\/p>\n","protected":false},"excerpt":{"rendered":"<p>Betrachtet man die Entwicklung der letzten Jahre, so hat sich in der Wettkampfszene viel ver\u00e4ndert. Veranstaltungen gibt es seit 100 Jahren, strukturierte Rennserien aber erst seit k\u00fcrzerem. So wurde zum Beispiel der Austria Skitour Cup (ASTC) im Jahr 2002 ins Leben gerufen. Eingef\u00fchrt mit nur zwei Bewerben zur damaligen Zeit, besteht er heute aus den [&hellip;]<\/p>\n","protected":false},"author":2,"featured_media":0,"parent":0,"menu_order":0,"comment_status":"closed","ping_status":"open","template":"","meta":[],"yoast_head":"<!-- This site is optimized with the Yoast SEO plugin v16.3 - https:\/\/yoast.com\/wordpress\/plugins\/seo\/ -->\n<title>Rennen - Skibergsteigen<\/title>\n<meta name=\"robots\" content=\"index, follow, max-snippet:-1, max-image-preview:large, max-video-preview:-1\" \/>\n<link rel=\"canonical\" href=\"https:\/\/skimo.73.jarolim.eu\/skibergsteigen\/die-rennen\/\" \/>\n<meta property=\"og:locale\" content=\"de_DE\" \/>\n<meta property=\"og:type\" content=\"article\" \/>\n<meta property=\"og:title\" content=\"Rennen - Skibergsteigen\" \/>\n<meta property=\"og:description\" content=\"Betrachtet man die Entwicklung der letzten Jahre, so hat sich in der Wettkampfszene viel ver\u00e4ndert. Veranstaltungen gibt es seit 100 Jahren, strukturierte Rennserien aber erst seit k\u00fcrzerem. So wurde zum Beispiel der Austria Skitour Cup (ASTC) im Jahr 2002 ins Leben gerufen. Eingef\u00fchrt mit nur zwei Bewerben zur damaligen Zeit, besteht er heute aus den [&hellip;]\" \/>\n<meta property=\"og:url\" content=\"https:\/\/skimo.73.jarolim.eu\/skibergsteigen\/die-rennen\/\" \/>\n<meta property=\"og:site_name\" content=\"Skibergsteigen\" \/>\n<meta property=\"article:modified_time\" content=\"2013-10-16T06:43:28+00:00\" \/>\n<meta name=\"twitter:card\" content=\"summary\" \/>\n<meta name=\"twitter:label1\" content=\"Gesch\u00e4tzte Lesezeit\">\n\t<meta name=\"twitter:data1\" content=\"1\u00a0Minute\">\n<script type=\"application\/ld+json\" class=\"yoast-schema-graph\">{\"@context\":\"https:\/\/schema.org\",\"@graph\":[{\"@type\":\"WebSite\",\"@id\":\"https:\/\/skimo.73.jarolim.eu\/skibergsteigen\/#website\",\"url\":\"https:\/\/skimo.73.jarolim.eu\/skibergsteigen\/\",\"name\":\"Skibergsteigen\",\"description\":\"Skibergsteigen in \\u00d6sterreich\",\"potentialAction\":[{\"@type\":\"SearchAction\",\"target\":\"https:\/\/skimo.73.jarolim.eu\/skibergsteigen\/?s={search_term_string}\",\"query-input\":\"required name=search_term_string\"}],\"inLanguage\":\"de\"},{\"@type\":\"WebPage\",\"@id\":\"https:\/\/skimo.73.jarolim.eu\/skibergsteigen\/die-rennen\/#webpage\",\"url\":\"https:\/\/skimo.73.jarolim.eu\/skibergsteigen\/die-rennen\/\",\"name\":\"Rennen - Skibergsteigen\",\"isPartOf\":{\"@id\":\"https:\/\/skimo.73.jarolim.eu\/skibergsteigen\/#website\"},\"datePublished\":\"2012-09-10T16:46:55+00:00\",\"dateModified\":\"2013-10-16T06:43:28+00:00\",\"breadcrumb\":{\"@id\":\"https:\/\/skimo.73.jarolim.eu\/skibergsteigen\/die-rennen\/#breadcrumb\"},\"inLanguage\":\"de\",\"potentialAction\":[{\"@type\":\"ReadAction\",\"target\":[\"https:\/\/skimo.73.jarolim.eu\/skibergsteigen\/die-rennen\/\"]}]},{\"@type\":\"BreadcrumbList\",\"@id\":\"https:\/\/skimo.73.jarolim.eu\/skibergsteigen\/die-rennen\/#breadcrumb\",\"itemListElement\":[{\"@type\":\"ListItem\",\"position\":1,\"item\":{\"@type\":\"WebPage\",\"@id\":\"https:\/\/skimo.73.jarolim.eu\/skibergsteigen\/\",\"url\":\"https:\/\/skimo.73.jarolim.eu\/skibergsteigen\/\",\"name\":\"Home\"}},{\"@type\":\"ListItem\",\"position\":2,\"item\":{\"@id\":\"https:\/\/skimo.73.jarolim.eu\/skibergsteigen\/die-rennen\/#webpage\"}}]}]}<\/script>\n<!-- \/ Yoast SEO plugin. -->","_links":{"self":[{"href":"https:\/\/www.skimo.at\/skibergsteigen\/wp-json\/wp\/v2\/pages\/28"}],"collection":[{"href":"https:\/\/www.skimo.at\/skibergsteigen\/wp-json\/wp\/v2\/pages"}],"about":[{"href":"https:\/\/www.skimo.at\/skibergsteigen\/wp-json\/wp\/v2\/types\/page"}],"author":[{"embeddable":true,"href":"https:\/\/www.skimo.at\/skibergsteigen\/wp-json\/wp\/v2\/users\/2"}],"replies":[{"embeddable":true,"href":"https:\/\/www.skimo.at\/skibergsteigen\/wp-json\/wp\/v2\/comments?post=28"}],"version-history":[{"count":9,"href":"https:\/\/www.skimo.at\/skibergsteigen\/wp-json\/wp\/v2\/pages\/28\/revisions"}],"predecessor-version":[{"id":72010,"href":"https:\/\/www.skimo.at\/skibergsteigen\/wp-json\/wp\/v2\/pages\/28\/revisions\/72010"}],"wp:attachment":[{"href":"https:\/\/www.skimo.at\/skibergsteigen\/wp-json\/wp\/v2\/media?parent=28"}],"curies":[{"name":"wp","href":"https:\/\/api.w.org\/{rel}","templated":true}]}}