{"id":184958,"date":"2015-10-23T14:35:08","date_gmt":"2015-10-23T12:35:08","guid":{"rendered":"http:\/\/www.skimo.at\/skibergsteigen\/?page_id=184958"},"modified":"2021-12-15T18:12:12","modified_gmt":"2021-12-15T16:12:12","slug":"verein-skibergsteigen-oesterreich","status":"publish","type":"page","link":"https:\/\/www.skimo.at\/skibergsteigen\/organisation\/verein-skibergsteigen-oesterreich\/","title":{"rendered":"Das Team von SKIMO Austria"},"content":{"rendered":"\n<p>Seit 2001 bem\u00fchen wir uns bei SKIMO Austria, Informationen rund ums Skibergsteigen aufzubereiten und bereitzustellen. Hinter diesem Bem\u00fchen steht ein Team, das flei\u00dfig und mit gro\u00dfer Freude mit Steigfellen an den Skiern arbeitet\u2026aber leider oft auch im B\u00fcro.<\/p>\n\n\n\n<div style=\"height:32px\" aria-hidden=\"true\" class=\"wp-block-spacer\"><\/div>\n\n\n\n<div class=\"wp-block-columns\">\n<div class=\"wp-block-column\">\n<figure class=\"wp-block-image size-large\"><img loading=\"lazy\" width=\"554\" height=\"554\" src=\"http:\/\/www.skimo.at\/skibergsteigen\/files\/2015\/10\/SKIMO-Austria-_-Simone-Binder-1-_-Bild-Karl-Posch-_-LR-554x554.jpg\" alt=\"SKIMO Austria Simone Binder 1 Bild Karl Posch LR\" class=\"wp-image-188944\" srcset=\"https:\/\/www.skimo.at\/skibergsteigen\/files\/2015\/10\/SKIMO-Austria-_-Simone-Binder-1-_-Bild-Karl-Posch-_-LR-554x554.jpg 554w, https:\/\/www.skimo.at\/skibergsteigen\/files\/2015\/10\/SKIMO-Austria-_-Simone-Binder-1-_-Bild-Karl-Posch-_-LR-300x300.jpg 300w, https:\/\/www.skimo.at\/skibergsteigen\/files\/2015\/10\/SKIMO-Austria-_-Simone-Binder-1-_-Bild-Karl-Posch-_-LR-600x600.jpg 600w, https:\/\/www.skimo.at\/skibergsteigen\/files\/2015\/10\/SKIMO-Austria-_-Simone-Binder-1-_-Bild-Karl-Posch-_-LR-140x140.jpg 140w, https:\/\/www.skimo.at\/skibergsteigen\/files\/2015\/10\/SKIMO-Austria-_-Simone-Binder-1-_-Bild-Karl-Posch-_-LR-768x768.jpg 768w, https:\/\/www.skimo.at\/skibergsteigen\/files\/2015\/10\/SKIMO-Austria-_-Simone-Binder-1-_-Bild-Karl-Posch-_-LR-1224x1224.jpg 1224w, https:\/\/www.skimo.at\/skibergsteigen\/files\/2015\/10\/SKIMO-Austria-_-Simone-Binder-1-_-Bild-Karl-Posch-_-LR-970x970.jpg 970w, https:\/\/www.skimo.at\/skibergsteigen\/files\/2015\/10\/SKIMO-Austria-_-Simone-Binder-1-_-Bild-Karl-Posch-_-LR-93x93.jpg 93w, https:\/\/www.skimo.at\/skibergsteigen\/files\/2015\/10\/SKIMO-Austria-_-Simone-Binder-1-_-Bild-Karl-Posch-_-LR.jpg 1476w\" sizes=\"(max-width: 554px) 100vw, 554px\" \/><\/figure>\n\n\n\n<h2>Simone Binder<\/h2>\n\n\n\n<p>Pressearbeit, Organisation, Redaktion Website<\/p>\n<\/div>\n\n\n\n<div class=\"wp-block-column\">\n<figure class=\"wp-block-image size-large\"><img loading=\"lazy\" width=\"554\" height=\"554\" src=\"http:\/\/www.skimo.at\/skibergsteigen\/files\/2015\/10\/SKIMO-Austria-_-Anderl-Hartmann-1-_-Bild-Karl-Posch-_-LR-554x554.jpg\" alt=\"SKIMO Austria Anderl Hartmann 1 Bild Karl Posch LR\" class=\"wp-image-188937\" srcset=\"https:\/\/www.skimo.at\/skibergsteigen\/files\/2015\/10\/SKIMO-Austria-_-Anderl-Hartmann-1-_-Bild-Karl-Posch-_-LR-554x554.jpg 554w, https:\/\/www.skimo.at\/skibergsteigen\/files\/2015\/10\/SKIMO-Austria-_-Anderl-Hartmann-1-_-Bild-Karl-Posch-_-LR-300x300.jpg 300w, https:\/\/www.skimo.at\/skibergsteigen\/files\/2015\/10\/SKIMO-Austria-_-Anderl-Hartmann-1-_-Bild-Karl-Posch-_-LR-600x600.jpg 600w, https:\/\/www.skimo.at\/skibergsteigen\/files\/2015\/10\/SKIMO-Austria-_-Anderl-Hartmann-1-_-Bild-Karl-Posch-_-LR-140x140.jpg 140w, https:\/\/www.skimo.at\/skibergsteigen\/files\/2015\/10\/SKIMO-Austria-_-Anderl-Hartmann-1-_-Bild-Karl-Posch-_-LR-768x768.jpg 768w, https:\/\/www.skimo.at\/skibergsteigen\/files\/2015\/10\/SKIMO-Austria-_-Anderl-Hartmann-1-_-Bild-Karl-Posch-_-LR-1224x1224.jpg 1224w, https:\/\/www.skimo.at\/skibergsteigen\/files\/2015\/10\/SKIMO-Austria-_-Anderl-Hartmann-1-_-Bild-Karl-Posch-_-LR-970x970.jpg 970w, https:\/\/www.skimo.at\/skibergsteigen\/files\/2015\/10\/SKIMO-Austria-_-Anderl-Hartmann-1-_-Bild-Karl-Posch-_-LR-93x93.jpg 93w, https:\/\/www.skimo.at\/skibergsteigen\/files\/2015\/10\/SKIMO-Austria-_-Anderl-Hartmann-1-_-Bild-Karl-Posch-_-LR.jpg 1476w\" sizes=\"(max-width: 554px) 100vw, 554px\" \/><\/figure>\n\n\n\n<h2>Anderl Hartmann<\/h2>\n\n\n\n<p>Internationale Rennen, sportliche Hintergrundstories<\/p>\n<\/div>\n<\/div>\n\n\n\n<div class=\"wp-block-columns\">\n<div class=\"wp-block-column\">\n<figure class=\"wp-block-image size-large\"><img loading=\"lazy\" width=\"554\" height=\"554\" src=\"http:\/\/www.skimo.at\/skibergsteigen\/files\/2015\/10\/SKIMO-Austria-_-Roland-Hold-1-_-Bild-Karl-Posch-_-LR-554x554.jpg\" alt=\"SKIMO Austria Roland Hold 1 Bild Karl Posch LR\" class=\"wp-image-188943\" srcset=\"https:\/\/www.skimo.at\/skibergsteigen\/files\/2015\/10\/SKIMO-Austria-_-Roland-Hold-1-_-Bild-Karl-Posch-_-LR-554x554.jpg 554w, https:\/\/www.skimo.at\/skibergsteigen\/files\/2015\/10\/SKIMO-Austria-_-Roland-Hold-1-_-Bild-Karl-Posch-_-LR-300x300.jpg 300w, https:\/\/www.skimo.at\/skibergsteigen\/files\/2015\/10\/SKIMO-Austria-_-Roland-Hold-1-_-Bild-Karl-Posch-_-LR-600x600.jpg 600w, https:\/\/www.skimo.at\/skibergsteigen\/files\/2015\/10\/SKIMO-Austria-_-Roland-Hold-1-_-Bild-Karl-Posch-_-LR-140x140.jpg 140w, https:\/\/www.skimo.at\/skibergsteigen\/files\/2015\/10\/SKIMO-Austria-_-Roland-Hold-1-_-Bild-Karl-Posch-_-LR-768x768.jpg 768w, https:\/\/www.skimo.at\/skibergsteigen\/files\/2015\/10\/SKIMO-Austria-_-Roland-Hold-1-_-Bild-Karl-Posch-_-LR-1224x1224.jpg 1224w, https:\/\/www.skimo.at\/skibergsteigen\/files\/2015\/10\/SKIMO-Austria-_-Roland-Hold-1-_-Bild-Karl-Posch-_-LR-970x970.jpg 970w, https:\/\/www.skimo.at\/skibergsteigen\/files\/2015\/10\/SKIMO-Austria-_-Roland-Hold-1-_-Bild-Karl-Posch-_-LR-93x93.jpg 93w, https:\/\/www.skimo.at\/skibergsteigen\/files\/2015\/10\/SKIMO-Austria-_-Roland-Hold-1-_-Bild-Karl-Posch-_-LR.jpg 1476w\" sizes=\"(max-width: 554px) 100vw, 554px\" \/><\/figure>\n\n\n\n<h2>Roland Hold<\/h2>\n\n\n\n<p>Fotografie<\/p>\n<\/div>\n\n\n\n<div class=\"wp-block-column\">\n<figure class=\"wp-block-image size-large\"><img loading=\"lazy\" width=\"554\" height=\"554\" src=\"http:\/\/www.skimo.at\/skibergsteigen\/files\/2015\/10\/SKIMO-Austria-_-Bettina-Nussbaumer-1-_-Bild-Karl-Posch-_-LR-554x554.jpg\" alt=\"SKIMO Austria Bettina Nussbaumer 1 Bild Karl Posch LR\" class=\"wp-image-188939\" srcset=\"https:\/\/www.skimo.at\/skibergsteigen\/files\/2015\/10\/SKIMO-Austria-_-Bettina-Nussbaumer-1-_-Bild-Karl-Posch-_-LR-554x554.jpg 554w, https:\/\/www.skimo.at\/skibergsteigen\/files\/2015\/10\/SKIMO-Austria-_-Bettina-Nussbaumer-1-_-Bild-Karl-Posch-_-LR-300x300.jpg 300w, https:\/\/www.skimo.at\/skibergsteigen\/files\/2015\/10\/SKIMO-Austria-_-Bettina-Nussbaumer-1-_-Bild-Karl-Posch-_-LR-600x600.jpg 600w, https:\/\/www.skimo.at\/skibergsteigen\/files\/2015\/10\/SKIMO-Austria-_-Bettina-Nussbaumer-1-_-Bild-Karl-Posch-_-LR-140x140.jpg 140w, https:\/\/www.skimo.at\/skibergsteigen\/files\/2015\/10\/SKIMO-Austria-_-Bettina-Nussbaumer-1-_-Bild-Karl-Posch-_-LR-768x768.jpg 768w, https:\/\/www.skimo.at\/skibergsteigen\/files\/2015\/10\/SKIMO-Austria-_-Bettina-Nussbaumer-1-_-Bild-Karl-Posch-_-LR-1224x1224.jpg 1224w, https:\/\/www.skimo.at\/skibergsteigen\/files\/2015\/10\/SKIMO-Austria-_-Bettina-Nussbaumer-1-_-Bild-Karl-Posch-_-LR-970x970.jpg 970w, https:\/\/www.skimo.at\/skibergsteigen\/files\/2015\/10\/SKIMO-Austria-_-Bettina-Nussbaumer-1-_-Bild-Karl-Posch-_-LR-93x93.jpg 93w, https:\/\/www.skimo.at\/skibergsteigen\/files\/2015\/10\/SKIMO-Austria-_-Bettina-Nussbaumer-1-_-Bild-Karl-Posch-_-LR.jpg 1476w\" sizes=\"(max-width: 554px) 100vw, 554px\" \/><\/figure>\n\n\n\n<h2>Bettina Nussbaumer<\/h2>\n\n\n\n<p>Rennkalender, Redaktion und Backend Webseite<\/p>\n<\/div>\n<\/div>\n\n\n\n<div class=\"wp-block-columns\">\n<div class=\"wp-block-column\">\n<figure class=\"wp-block-image size-large\"><img loading=\"lazy\" width=\"554\" height=\"554\" src=\"http:\/\/www.skimo.at\/skibergsteigen\/files\/2015\/10\/SKIMO-Austria-_-Karl-Posch-1-_-Bild-Philipp-Reiter-_-LR-554x554.jpg\" alt=\"SKIMO Austria Karl Posch 1 Bild Philipp Reiter LR\" class=\"wp-image-188941\" srcset=\"https:\/\/www.skimo.at\/skibergsteigen\/files\/2015\/10\/SKIMO-Austria-_-Karl-Posch-1-_-Bild-Philipp-Reiter-_-LR-554x554.jpg 554w, https:\/\/www.skimo.at\/skibergsteigen\/files\/2015\/10\/SKIMO-Austria-_-Karl-Posch-1-_-Bild-Philipp-Reiter-_-LR-300x300.jpg 300w, https:\/\/www.skimo.at\/skibergsteigen\/files\/2015\/10\/SKIMO-Austria-_-Karl-Posch-1-_-Bild-Philipp-Reiter-_-LR-600x600.jpg 600w, https:\/\/www.skimo.at\/skibergsteigen\/files\/2015\/10\/SKIMO-Austria-_-Karl-Posch-1-_-Bild-Philipp-Reiter-_-LR-140x140.jpg 140w, https:\/\/www.skimo.at\/skibergsteigen\/files\/2015\/10\/SKIMO-Austria-_-Karl-Posch-1-_-Bild-Philipp-Reiter-_-LR-768x768.jpg 768w, https:\/\/www.skimo.at\/skibergsteigen\/files\/2015\/10\/SKIMO-Austria-_-Karl-Posch-1-_-Bild-Philipp-Reiter-_-LR-1224x1224.jpg 1224w, https:\/\/www.skimo.at\/skibergsteigen\/files\/2015\/10\/SKIMO-Austria-_-Karl-Posch-1-_-Bild-Philipp-Reiter-_-LR-970x970.jpg 970w, https:\/\/www.skimo.at\/skibergsteigen\/files\/2015\/10\/SKIMO-Austria-_-Karl-Posch-1-_-Bild-Philipp-Reiter-_-LR-93x93.jpg 93w, https:\/\/www.skimo.at\/skibergsteigen\/files\/2015\/10\/SKIMO-Austria-_-Karl-Posch-1-_-Bild-Philipp-Reiter-_-LR.jpg 1476w\" sizes=\"(max-width: 554px) 100vw, 554px\" \/><\/figure>\n\n\n\n<h2>Karl Posch<\/h2>\n\n\n\n<p>Gesamtleitung<\/p>\n<\/div>\n\n\n\n<div class=\"wp-block-column\">\n<figure class=\"wp-block-image size-large\"><img loading=\"lazy\" width=\"554\" height=\"554\" src=\"http:\/\/www.skimo.at\/skibergsteigen\/files\/2015\/10\/SKIMO-Austria-_-Philipp-Reiter-1-_-Bild-Karl-Posch-_-LR-554x554.jpg\" alt=\"SKIMO Austria Philipp Reiter 1 Bild Karl Posch LR\" class=\"wp-image-188942\" srcset=\"https:\/\/www.skimo.at\/skibergsteigen\/files\/2015\/10\/SKIMO-Austria-_-Philipp-Reiter-1-_-Bild-Karl-Posch-_-LR-554x554.jpg 554w, https:\/\/www.skimo.at\/skibergsteigen\/files\/2015\/10\/SKIMO-Austria-_-Philipp-Reiter-1-_-Bild-Karl-Posch-_-LR-300x300.jpg 300w, https:\/\/www.skimo.at\/skibergsteigen\/files\/2015\/10\/SKIMO-Austria-_-Philipp-Reiter-1-_-Bild-Karl-Posch-_-LR-600x600.jpg 600w, https:\/\/www.skimo.at\/skibergsteigen\/files\/2015\/10\/SKIMO-Austria-_-Philipp-Reiter-1-_-Bild-Karl-Posch-_-LR-140x140.jpg 140w, https:\/\/www.skimo.at\/skibergsteigen\/files\/2015\/10\/SKIMO-Austria-_-Philipp-Reiter-1-_-Bild-Karl-Posch-_-LR-768x768.jpg 768w, https:\/\/www.skimo.at\/skibergsteigen\/files\/2015\/10\/SKIMO-Austria-_-Philipp-Reiter-1-_-Bild-Karl-Posch-_-LR-1224x1224.jpg 1224w, https:\/\/www.skimo.at\/skibergsteigen\/files\/2015\/10\/SKIMO-Austria-_-Philipp-Reiter-1-_-Bild-Karl-Posch-_-LR-970x970.jpg 970w, https:\/\/www.skimo.at\/skibergsteigen\/files\/2015\/10\/SKIMO-Austria-_-Philipp-Reiter-1-_-Bild-Karl-Posch-_-LR-93x93.jpg 93w, https:\/\/www.skimo.at\/skibergsteigen\/files\/2015\/10\/SKIMO-Austria-_-Philipp-Reiter-1-_-Bild-Karl-Posch-_-LR.jpg 1476w\" sizes=\"(max-width: 554px) 100vw, 554px\" \/><\/figure>\n\n\n\n<h2>Philipp Reiter<\/h2>\n\n\n\n<p>Fotografie, Videografie<\/p>\n<\/div>\n<\/div>\n\n\n\n<div class=\"wp-block-columns\">\n<div class=\"wp-block-column\">\n<figure class=\"wp-block-image size-large\"><img loading=\"lazy\" width=\"554\" height=\"554\" src=\"http:\/\/www.skimo.at\/skibergsteigen\/files\/2015\/10\/SKIMO-Austria-_-Anna-Spielb\u00fcchler-1-_-Bild-Karl-Posch-_-LR-554x554.jpg\" alt=\"SKIMO Austria Anna Spielb\u00fcchler 1 Bild Karl Posch LR\" class=\"wp-image-188938\" srcset=\"https:\/\/www.skimo.at\/skibergsteigen\/files\/2015\/10\/SKIMO-Austria-_-Anna-Spielb\u00fcchler-1-_-Bild-Karl-Posch-_-LR-554x554.jpg 554w, https:\/\/www.skimo.at\/skibergsteigen\/files\/2015\/10\/SKIMO-Austria-_-Anna-Spielb\u00fcchler-1-_-Bild-Karl-Posch-_-LR-300x300.jpg 300w, https:\/\/www.skimo.at\/skibergsteigen\/files\/2015\/10\/SKIMO-Austria-_-Anna-Spielb\u00fcchler-1-_-Bild-Karl-Posch-_-LR-600x600.jpg 600w, https:\/\/www.skimo.at\/skibergsteigen\/files\/2015\/10\/SKIMO-Austria-_-Anna-Spielb\u00fcchler-1-_-Bild-Karl-Posch-_-LR-140x140.jpg 140w, https:\/\/www.skimo.at\/skibergsteigen\/files\/2015\/10\/SKIMO-Austria-_-Anna-Spielb\u00fcchler-1-_-Bild-Karl-Posch-_-LR-768x768.jpg 768w, https:\/\/www.skimo.at\/skibergsteigen\/files\/2015\/10\/SKIMO-Austria-_-Anna-Spielb\u00fcchler-1-_-Bild-Karl-Posch-_-LR-1224x1224.jpg 1224w, https:\/\/www.skimo.at\/skibergsteigen\/files\/2015\/10\/SKIMO-Austria-_-Anna-Spielb\u00fcchler-1-_-Bild-Karl-Posch-_-LR-970x970.jpg 970w, https:\/\/www.skimo.at\/skibergsteigen\/files\/2015\/10\/SKIMO-Austria-_-Anna-Spielb\u00fcchler-1-_-Bild-Karl-Posch-_-LR-93x93.jpg 93w, https:\/\/www.skimo.at\/skibergsteigen\/files\/2015\/10\/SKIMO-Austria-_-Anna-Spielb\u00fcchler-1-_-Bild-Karl-Posch-_-LR.jpg 1476w\" sizes=\"(max-width: 554px) 100vw, 554px\" \/><\/figure>\n\n\n\n<h2>Anna Spielb\u00fcchler<\/h2>\n\n\n\n<p>Pressearbeit, Versicherung<\/p>\n<\/div>\n\n\n\n<div class=\"wp-block-column\">\n<h2>Anna-Maria Wieser<\/h2>\n\n\n\n<p>Rennkalender, Redaktion <\/p>\n<\/div>\n<\/div>\n\n\n\n<p><strong>Danke an alle Mitarbeiter und Helfer, die im Hintergrund in Vergangenheit und Gegenwart an der Vergr\u00f6\u00dferung der Sportart Skibergsteigen Anteil hatten und haben.<\/strong><\/p>\n\n\n\n<p>Weltweiten Schutz bei privaten Skitouren, beim Training und der Teilnahme an Rennen des Rennkalenders sowie die Anreise zu diesen, bietet&nbsp;die SKIMO Versicherung des neu gegr\u00fcndeten Vereins SKIMO Austria. F\u00fcr die Saison 2018\/19 wurden die Versicherungsleistungen&nbsp;nochmals verfeinert.&nbsp;<a href=\"http:\/\/www.skimo.at\/skibergsteigen\/service-und-downloads\/skimo-versicherung\/\">Hier geht\u2019s zur SKIMO Versicherung.<\/a><\/p>\n","protected":false},"excerpt":{"rendered":"<p>Seit 2001 bem\u00fchen wir uns bei SKIMO Austria, Informationen rund ums Skibergsteigen aufzubereiten und bereitzustellen. Hinter diesem Bem\u00fchen steht ein Team, das flei\u00dfig und mit gro\u00dfer Freude mit Steigfellen an den Skiern arbeitet\u2026aber leider oft auch im B\u00fcro. Simone Binder Pressearbeit, Organisation, Redaktion Website Anderl Hartmann Internationale Rennen, sportliche Hintergrundstories Roland Hold Fotografie Bettina Nussbaumer [&hellip;]<\/p>\n","protected":false},"author":1,"featured_media":0,"parent":6,"menu_order":0,"comment_status":"closed","ping_status":"closed","template":"","meta":[],"yoast_head":"<!-- This site is optimized with the Yoast SEO plugin v16.3 - https:\/\/yoast.com\/wordpress\/plugins\/seo\/ -->\n<title>Das Team von SKIMO Austria - Skibergsteigen<\/title>\n<meta name=\"robots\" content=\"index, follow, max-snippet:-1, max-image-preview:large, max-video-preview:-1\" \/>\n<link rel=\"canonical\" href=\"https:\/\/www.skimo.at\/skibergsteigen\/organisation\/verein-skibergsteigen-oesterreich\/\" \/>\n<meta property=\"og:locale\" content=\"de_DE\" \/>\n<meta property=\"og:type\" content=\"article\" \/>\n<meta property=\"og:title\" content=\"Das Team von SKIMO Austria - Skibergsteigen\" \/>\n<meta property=\"og:description\" content=\"Seit 2001 bem\u00fchen wir uns bei SKIMO Austria, Informationen rund ums Skibergsteigen aufzubereiten und bereitzustellen. Hinter diesem Bem\u00fchen steht ein Team, das flei\u00dfig und mit gro\u00dfer Freude mit Steigfellen an den Skiern arbeitet\u2026aber leider oft auch im B\u00fcro. Simone Binder Pressearbeit, Organisation, Redaktion Website Anderl Hartmann Internationale Rennen, sportliche Hintergrundstories Roland Hold Fotografie Bettina Nussbaumer [&hellip;]\" \/>\n<meta property=\"og:url\" content=\"https:\/\/www.skimo.at\/skibergsteigen\/organisation\/verein-skibergsteigen-oesterreich\/\" \/>\n<meta property=\"og:site_name\" content=\"Skibergsteigen\" \/>\n<meta property=\"article:modified_time\" content=\"2021-12-15T16:12:12+00:00\" \/>\n<meta property=\"og:image\" content=\"http:\/\/www.skimo.at\/skibergsteigen\/files\/2015\/10\/SKIMO-Austria-_-Simone-Binder-1-_-Bild-Karl-Posch-_-LR-554x554.jpg\" \/>\n<meta name=\"twitter:card\" content=\"summary\" \/>\n<meta name=\"twitter:label1\" content=\"Gesch\u00e4tzte Lesezeit\">\n\t<meta name=\"twitter:data1\" content=\"3\u00a0Minuten\">\n<script type=\"application\/ld+json\" class=\"yoast-schema-graph\">{\"@context\":\"https:\/\/schema.org\",\"@graph\":[{\"@type\":\"WebSite\",\"@id\":\"https:\/\/skimo.73.jarolim.eu\/skibergsteigen\/#website\",\"url\":\"https:\/\/skimo.73.jarolim.eu\/skibergsteigen\/\",\"name\":\"Skibergsteigen\",\"description\":\"Skibergsteigen in \\u00d6sterreich\",\"potentialAction\":[{\"@type\":\"SearchAction\",\"target\":\"https:\/\/skimo.73.jarolim.eu\/skibergsteigen\/?s={search_term_string}\",\"query-input\":\"required name=search_term_string\"}],\"inLanguage\":\"de\"},{\"@type\":\"ImageObject\",\"@id\":\"https:\/\/www.skimo.at\/skibergsteigen\/organisation\/verein-skibergsteigen-oesterreich\/#primaryimage\",\"inLanguage\":\"de\",\"url\":\"http:\/\/www.skimo.at\/skibergsteigen\/files\/2015\/10\/SKIMO-Austria-_-Simone-Binder-1-_-Bild-Karl-Posch-_-LR-554x554.jpg\",\"contentUrl\":\"http:\/\/www.skimo.at\/skibergsteigen\/files\/2015\/10\/SKIMO-Austria-_-Simone-Binder-1-_-Bild-Karl-Posch-_-LR-554x554.jpg\"},{\"@type\":\"WebPage\",\"@id\":\"https:\/\/www.skimo.at\/skibergsteigen\/organisation\/verein-skibergsteigen-oesterreich\/#webpage\",\"url\":\"https:\/\/www.skimo.at\/skibergsteigen\/organisation\/verein-skibergsteigen-oesterreich\/\",\"name\":\"Das Team von SKIMO Austria - Skibergsteigen\",\"isPartOf\":{\"@id\":\"https:\/\/skimo.73.jarolim.eu\/skibergsteigen\/#website\"},\"primaryImageOfPage\":{\"@id\":\"https:\/\/www.skimo.at\/skibergsteigen\/organisation\/verein-skibergsteigen-oesterreich\/#primaryimage\"},\"datePublished\":\"2015-10-23T12:35:08+00:00\",\"dateModified\":\"2021-12-15T16:12:12+00:00\",\"breadcrumb\":{\"@id\":\"https:\/\/www.skimo.at\/skibergsteigen\/organisation\/verein-skibergsteigen-oesterreich\/#breadcrumb\"},\"inLanguage\":\"de\",\"potentialAction\":[{\"@type\":\"ReadAction\",\"target\":[\"https:\/\/www.skimo.at\/skibergsteigen\/organisation\/verein-skibergsteigen-oesterreich\/\"]}]},{\"@type\":\"BreadcrumbList\",\"@id\":\"https:\/\/www.skimo.at\/skibergsteigen\/organisation\/verein-skibergsteigen-oesterreich\/#breadcrumb\",\"itemListElement\":[{\"@type\":\"ListItem\",\"position\":1,\"item\":{\"@type\":\"WebPage\",\"@id\":\"https:\/\/skimo.73.jarolim.eu\/skibergsteigen\/\",\"url\":\"https:\/\/skimo.73.jarolim.eu\/skibergsteigen\/\",\"name\":\"Home\"}},{\"@type\":\"ListItem\",\"position\":2,\"item\":{\"@type\":\"WebPage\",\"@id\":\"https:\/\/skimo.73.jarolim.eu\/skibergsteigen\/organisation\/\",\"url\":\"https:\/\/skimo.73.jarolim.eu\/skibergsteigen\/organisation\/\",\"name\":\"Organisation\"}},{\"@type\":\"ListItem\",\"position\":3,\"item\":{\"@id\":\"https:\/\/www.skimo.at\/skibergsteigen\/organisation\/verein-skibergsteigen-oesterreich\/#webpage\"}}]}]}<\/script>\n<!-- \/ Yoast SEO plugin. -->","_links":{"self":[{"href":"https:\/\/www.skimo.at\/skibergsteigen\/wp-json\/wp\/v2\/pages\/184958"}],"collection":[{"href":"https:\/\/www.skimo.at\/skibergsteigen\/wp-json\/wp\/v2\/pages"}],"about":[{"href":"https:\/\/www.skimo.at\/skibergsteigen\/wp-json\/wp\/v2\/types\/page"}],"author":[{"embeddable":true,"href":"https:\/\/www.skimo.at\/skibergsteigen\/wp-json\/wp\/v2\/users\/1"}],"replies":[{"embeddable":true,"href":"https:\/\/www.skimo.at\/skibergsteigen\/wp-json\/wp\/v2\/comments?post=184958"}],"version-history":[{"count":25,"href":"https:\/\/www.skimo.at\/skibergsteigen\/wp-json\/wp\/v2\/pages\/184958\/revisions"}],"predecessor-version":[{"id":191232,"href":"https:\/\/www.skimo.at\/skibergsteigen\/wp-json\/wp\/v2\/pages\/184958\/revisions\/191232"}],"up":[{"embeddable":true,"href":"https:\/\/www.skimo.at\/skibergsteigen\/wp-json\/wp\/v2\/pages\/6"}],"wp:attachment":[{"href":"https:\/\/www.skimo.at\/skibergsteigen\/wp-json\/wp\/v2\/media?parent=184958"}],"curies":[{"name":"wp","href":"https:\/\/api.w.org\/{rel}","templated":true}]}}