{"id":184946,"date":"2015-10-23T14:02:46","date_gmt":"2015-10-23T12:02:46","guid":{"rendered":"http:\/\/www.skimo.at\/skibergsteigen\/?page_id=184946"},"modified":"2015-12-08T09:44:34","modified_gmt":"2015-12-08T07:44:34","slug":"skimo-kalenderregistrierung","status":"publish","type":"page","link":"https:\/\/www.skimo.at\/skibergsteigen\/service-und-downloads\/skimo-kalenderregistrierung\/","title":{"rendered":"SKIMO Kalenderregistrierung"},"content":{"rendered":"<p>Die SKIMO Webseite und der darin ver\u00f6ffentlichte SKIMO Rennkalender sind\u00a0die erste Anlaufstelle f\u00fcr alle Infos zum Skibergsteigen in \u00d6sterreich sein. F\u00fcr eine\u00a0Kalendergeb\u00fchr von \u20ac 100 \/ Veranstaltung\u00a0wird ein Rennen in den Kalender eingetragen. Darin inkludiert wie bisher f\u00fcr unsere \u00f6sterreichischen Veranstalter:<\/p>\n<ul>\n<li><a href=\"http:\/\/www.skimo.at\/rennen\/rennen\/#event-next\" target=\"_blank\">Voller Kalendereintrag in den internationalen Rennkalender<\/a>.\u00a0Der Rennkalender wird laufend\u00a0aktualisiert und neue Bewerbe werden eingetragen. Den Kalendereintrag beantragen und die Daten des Bewerbes einfach mittels dem Formular zuschicken, schon steht das Rennen im Kalender.<\/li>\n<li>M\u00f6glichkeit zur Ver\u00f6ffentlichung von Berichten auf der <a href=\"http:\/\/www.skimo.at\/rennen\/category\/news\/\" target=\"_blank\">SKIMO Webseite<\/a> (Ank\u00fcndigungen, Ausschreibungen, Nachberichte, Ergebnisse, Fotos, etc.) zu einem gew\u00fcnschten Termin.<\/li>\n<li>Kostenlose Ziel-Labe von Partner <a href=\"http:\/\/www.erdinger-alkoholfrei.de\/de\/alkoholfrei-highlights.html\" target=\"_blank\">ERDINGER ALKOHOLFREI<\/a> inkl. Abwicklungspersonal oder\u00a0ERDINGER-Getr\u00e4nkedosen kostenlos f\u00fcr die Startsackerl. Anmeldung entweder mittels des unten angef\u00fcgten Formulars oder \u00fcber <a href=\"http:\/\/go-sportconsulting.com\/erdinger\/\">das\u00a0Online-Formular<\/a>.<\/li>\n<\/ul>\n","protected":false},"excerpt":{"rendered":"<p>Die SKIMO Webseite und der darin ver\u00f6ffentlichte SKIMO Rennkalender sind\u00a0die erste Anlaufstelle f\u00fcr alle Infos zum Skibergsteigen in \u00d6sterreich sein. F\u00fcr eine\u00a0Kalendergeb\u00fchr von \u20ac 100 \/ Veranstaltung\u00a0wird ein Rennen in den Kalender eingetragen. Darin inkludiert wie bisher f\u00fcr unsere \u00f6sterreichischen Veranstalter: Voller Kalendereintrag in den internationalen Rennkalender.\u00a0Der Rennkalender wird laufend\u00a0aktualisiert und neue Bewerbe werden eingetragen. [&hellip;]<\/p>\n","protected":false},"author":1,"featured_media":0,"parent":73976,"menu_order":0,"comment_status":"closed","ping_status":"closed","template":"","meta":[],"yoast_head":"<!-- This site is optimized with the Yoast SEO plugin v16.3 - https:\/\/yoast.com\/wordpress\/plugins\/seo\/ -->\n<title>SKIMO Kalenderregistrierung - Skibergsteigen<\/title>\n<meta name=\"robots\" content=\"index, follow, max-snippet:-1, max-image-preview:large, max-video-preview:-1\" \/>\n<link rel=\"canonical\" href=\"https:\/\/skimo.73.jarolim.eu\/skibergsteigen\/service-und-downloads\/skimo-kalenderregistrierung\/\" \/>\n<meta property=\"og:locale\" content=\"de_DE\" \/>\n<meta property=\"og:type\" content=\"article\" \/>\n<meta property=\"og:title\" content=\"SKIMO Kalenderregistrierung - Skibergsteigen\" \/>\n<meta property=\"og:description\" content=\"Die SKIMO Webseite und der darin ver\u00f6ffentlichte SKIMO Rennkalender sind\u00a0die erste Anlaufstelle f\u00fcr alle Infos zum Skibergsteigen in \u00d6sterreich sein. F\u00fcr eine\u00a0Kalendergeb\u00fchr von \u20ac 100 \/ Veranstaltung\u00a0wird ein Rennen in den Kalender eingetragen. Darin inkludiert wie bisher f\u00fcr unsere \u00f6sterreichischen Veranstalter: Voller Kalendereintrag in den internationalen Rennkalender.\u00a0Der Rennkalender wird laufend\u00a0aktualisiert und neue Bewerbe werden eingetragen. [&hellip;]\" \/>\n<meta property=\"og:url\" content=\"https:\/\/skimo.73.jarolim.eu\/skibergsteigen\/service-und-downloads\/skimo-kalenderregistrierung\/\" \/>\n<meta property=\"og:site_name\" content=\"Skibergsteigen\" \/>\n<meta property=\"article:modified_time\" content=\"2015-12-08T07:44:34+00:00\" \/>\n<meta name=\"twitter:card\" content=\"summary\" \/>\n<meta name=\"twitter:label1\" content=\"Gesch\u00e4tzte Lesezeit\">\n\t<meta name=\"twitter:data1\" content=\"1\u00a0Minute\">\n<script type=\"application\/ld+json\" class=\"yoast-schema-graph\">{\"@context\":\"https:\/\/schema.org\",\"@graph\":[{\"@type\":\"WebSite\",\"@id\":\"https:\/\/skimo.73.jarolim.eu\/skibergsteigen\/#website\",\"url\":\"https:\/\/skimo.73.jarolim.eu\/skibergsteigen\/\",\"name\":\"Skibergsteigen\",\"description\":\"Skibergsteigen in \\u00d6sterreich\",\"potentialAction\":[{\"@type\":\"SearchAction\",\"target\":\"https:\/\/skimo.73.jarolim.eu\/skibergsteigen\/?s={search_term_string}\",\"query-input\":\"required name=search_term_string\"}],\"inLanguage\":\"de\"},{\"@type\":\"WebPage\",\"@id\":\"https:\/\/skimo.73.jarolim.eu\/skibergsteigen\/service-und-downloads\/skimo-kalenderregistrierung\/#webpage\",\"url\":\"https:\/\/skimo.73.jarolim.eu\/skibergsteigen\/service-und-downloads\/skimo-kalenderregistrierung\/\",\"name\":\"SKIMO Kalenderregistrierung - Skibergsteigen\",\"isPartOf\":{\"@id\":\"https:\/\/skimo.73.jarolim.eu\/skibergsteigen\/#website\"},\"datePublished\":\"2015-10-23T12:02:46+00:00\",\"dateModified\":\"2015-12-08T07:44:34+00:00\",\"breadcrumb\":{\"@id\":\"https:\/\/skimo.73.jarolim.eu\/skibergsteigen\/service-und-downloads\/skimo-kalenderregistrierung\/#breadcrumb\"},\"inLanguage\":\"de\",\"potentialAction\":[{\"@type\":\"ReadAction\",\"target\":[\"https:\/\/skimo.73.jarolim.eu\/skibergsteigen\/service-und-downloads\/skimo-kalenderregistrierung\/\"]}]},{\"@type\":\"BreadcrumbList\",\"@id\":\"https:\/\/skimo.73.jarolim.eu\/skibergsteigen\/service-und-downloads\/skimo-kalenderregistrierung\/#breadcrumb\",\"itemListElement\":[{\"@type\":\"ListItem\",\"position\":1,\"item\":{\"@type\":\"WebPage\",\"@id\":\"https:\/\/skimo.73.jarolim.eu\/skibergsteigen\/\",\"url\":\"https:\/\/skimo.73.jarolim.eu\/skibergsteigen\/\",\"name\":\"Home\"}},{\"@type\":\"ListItem\",\"position\":2,\"item\":{\"@type\":\"WebPage\",\"@id\":\"https:\/\/skimo.73.jarolim.eu\/skibergsteigen\/service-und-downloads\/\",\"url\":\"https:\/\/skimo.73.jarolim.eu\/skibergsteigen\/service-und-downloads\/\",\"name\":\"Service und Downloads\"}},{\"@type\":\"ListItem\",\"position\":3,\"item\":{\"@id\":\"https:\/\/skimo.73.jarolim.eu\/skibergsteigen\/service-und-downloads\/skimo-kalenderregistrierung\/#webpage\"}}]}]}<\/script>\n<!-- \/ Yoast SEO plugin. -->","_links":{"self":[{"href":"https:\/\/www.skimo.at\/skibergsteigen\/wp-json\/wp\/v2\/pages\/184946"}],"collection":[{"href":"https:\/\/www.skimo.at\/skibergsteigen\/wp-json\/wp\/v2\/pages"}],"about":[{"href":"https:\/\/www.skimo.at\/skibergsteigen\/wp-json\/wp\/v2\/types\/page"}],"author":[{"embeddable":true,"href":"https:\/\/www.skimo.at\/skibergsteigen\/wp-json\/wp\/v2\/users\/1"}],"replies":[{"embeddable":true,"href":"https:\/\/www.skimo.at\/skibergsteigen\/wp-json\/wp\/v2\/comments?post=184946"}],"version-history":[{"count":7,"href":"https:\/\/www.skimo.at\/skibergsteigen\/wp-json\/wp\/v2\/pages\/184946\/revisions"}],"predecessor-version":[{"id":185763,"href":"https:\/\/www.skimo.at\/skibergsteigen\/wp-json\/wp\/v2\/pages\/184946\/revisions\/185763"}],"up":[{"embeddable":true,"href":"https:\/\/www.skimo.at\/skibergsteigen\/wp-json\/wp\/v2\/pages\/73976"}],"wp:attachment":[{"href":"https:\/\/www.skimo.at\/skibergsteigen\/wp-json\/wp\/v2\/media?parent=184946"}],"curies":[{"name":"wp","href":"https:\/\/api.w.org\/{rel}","templated":true}]}}