{"id":184944,"date":"2015-10-23T14:02:11","date_gmt":"2015-10-23T12:02:11","guid":{"rendered":"http:\/\/www.skimo.at\/skibergsteigen\/?page_id=184944"},"modified":"2015-11-07T12:41:11","modified_gmt":"2015-11-07T10:41:11","slug":"richtlinien-fuer-rennveranstalter","status":"publish","type":"page","link":"https:\/\/www.skimo.at\/skibergsteigen\/service-und-downloads\/richtlinien-fuer-rennveranstalter\/","title":{"rendered":"Richtlinien f\u00fcr Rennveranstalter"},"content":{"rendered":"<p>Das Skibergsteigen startet mit dem \u00d6sterreichischer Skiverband \u00d6SV\u00a0und der neuen SKIMO Webseite\u00a0in den Winter!<\/p>\n<h2>Angebote f\u00fcr die Rennveranstalter im Skibergsteigen<\/h2>\n<h3>Kalendergeb\u00fchr<\/h3>\n<p>Die SKIMO Webseite und der darin ver\u00f6ffentlichte SKIMO Rennkalender sind\u00a0die erste Anlaufstelle f\u00fcr alle Infos zum Skibergsteigen in \u00d6sterreich sein. F\u00fcr eine\u00a0Kalendergeb\u00fchr von \u20ac 100 \/ Veranstaltung\u00a0wird ein Rennen in den Kalender eingetragen. Darin inkludiert wie bisher f\u00fcr unsere \u00f6sterreichischen Veranstalter:<\/p>\n<ul>\n<li><a href=\"http:\/\/www.skimo.at\/rennen\/rennen\/#event-next\" target=\"_blank\">Voller Kalendereintrag in den internationalen Rennkalender<\/a>.\u00a0Der Rennkalender wird laufend\u00a0aktualisiert und neue Bewerbe werden eingetragen. Den Kalendereintrag beantragen und die Daten des Bewerbes einfach mittels dem Formular zuschicken, schon steht das Rennen im Kalender.<\/li>\n<li>M\u00f6glichkeit zur Ver\u00f6ffentlichung von Berichten auf der <a href=\"http:\/\/www.skimo.at\/rennen\/category\/news\/\" target=\"_blank\">SKIMO Webseite<\/a> (Ank\u00fcndigungen, Ausschreibungen, Nachberichte, Ergebnisse, Fotos, etc.) zu einem gew\u00fcnschten Termin.<\/li>\n<li>Kostenlose Ziel-Labe von Partner ERDINGER ALKOHOLFREI inkl. Abwicklungspersonal oder\u00a0ERDINGER-Getr\u00e4nkedosen kostenlos f\u00fcr die Startsackerl<\/li>\n<\/ul>\n<p><a href=\"http:\/\/www.skimo.at\/skibergsteigen\/files\/2015\/10\/Formular-Veranstaltungsregistrierunng-mit-Kalendereintrag-2-2-3.pdf\" target=\"_blank\">Hier das Anmeldeformular zum Download<\/a><\/p>\n<h3>Bezeichnung offizieller \u00d6SV Wettkampf der Sparte Skibergsteigen<\/h3>\n<p>Damit ein Rennen den Status eins offiziellen \u00d6SV Rennens genie\u00dft, muss es zwei Voraussetzungen erf\u00fcllen:<\/p>\n<ol>\n<li>Nur mehr Wettk\u00e4mpfe, die das<a href=\"http:\/\/www.skimo.at\/skibergsteigen\/service-und-downloads\/reglement\/\" target=\"_blank\"> <strong>\u00d6sterreichische Basisreglement<\/strong><\/a> anerkennen und einhalten, d\u00fcrfen als <strong>\u00d6SV-Wettk\u00e4mpfe der Sparte Skibergsteigen<\/strong> bezeichnet werden. Die \u00dcbrigen erscheinen zwar ebenfalls im Kalender, sind aber keine \u00d6SV Rennen.<\/li>\n<li>Der durchf\u00fchrende Verein des Rennens muss ein \u00d6SV Mitgliedsverein sein.<\/li>\n<\/ol>\n<p>Achtung: Haben die Athleten eine Unfallversicherung durch eine \u00d6SV Mitgliedschaft abgeschlossen, so gilt diese <strong>ausschlie\u00dflich bei offiziellen \u00d6SV Wettk\u00e4mpfen der Sparte Skibergsteigen<\/strong>. Bei allen anderen im Rennkalender angef\u00fchrten Bewerben nicht!<\/p>\n<h3>Versicherungen f\u00fcr Rennveranstalter<\/h3>\n<ul>\n<li>Ein \u00d6SV Mitgliedsverein, das hei\u00dft, einem \u00d6SV Landesskiverband angeschlossener Verein kommt in den Genuss einer Versicherungsdeckung im Rahmen seiner \u00d6SV Mitgliedschaft. Bez\u00fcglich eines Antrages zur \u00d6SV Mitgliedschaft bitte an den daf\u00fcr <a href=\"http:\/\/www.oesv.at\/deroesv\/landesskiverbaende.php\" target=\"_blank\">zust\u00e4ndigen Landesskiverband<\/a>\u00a0wenden.<\/li>\n<li>Sofern die Veranstaltung nicht von einem \u00d6SV Verein durchgef\u00fchrt wird (z.B. TVB, OeAV Sektionen, etc.) ist eine zus\u00e4tzliche Veranstalter-Haftpflichtversicherung dringend empfohlen, wie z.B. \u00fcber das <a href=\"http:\/\/www.diehelden.at\/bso.html\" target=\"_blank\">Versicherungsb\u00fcro Held &amp; Held<\/a>\u00a0eine sehr kosteng\u00fcnstige Version angeboten wird.<\/li>\n<\/ul>\n","protected":false},"excerpt":{"rendered":"<p>Das Skibergsteigen startet mit dem \u00d6sterreichischer Skiverband \u00d6SV\u00a0und der neuen SKIMO Webseite\u00a0in den Winter! Angebote f\u00fcr die Rennveranstalter im Skibergsteigen Kalendergeb\u00fchr Die SKIMO Webseite und der darin ver\u00f6ffentlichte SKIMO Rennkalender sind\u00a0die erste Anlaufstelle f\u00fcr alle Infos zum Skibergsteigen in \u00d6sterreich sein. F\u00fcr eine\u00a0Kalendergeb\u00fchr von \u20ac 100 \/ Veranstaltung\u00a0wird ein Rennen in den Kalender eingetragen. Darin [&hellip;]<\/p>\n","protected":false},"author":1,"featured_media":0,"parent":73976,"menu_order":0,"comment_status":"closed","ping_status":"closed","template":"","meta":[],"yoast_head":"<!-- This site is optimized with the Yoast SEO plugin v16.3 - https:\/\/yoast.com\/wordpress\/plugins\/seo\/ -->\n<title>Richtlinien f\u00fcr Rennveranstalter - Skibergsteigen<\/title>\n<meta name=\"robots\" content=\"index, follow, max-snippet:-1, max-image-preview:large, max-video-preview:-1\" \/>\n<link rel=\"canonical\" href=\"https:\/\/skimo.73.jarolim.eu\/skibergsteigen\/service-und-downloads\/richtlinien-fuer-rennveranstalter\/\" \/>\n<meta property=\"og:locale\" content=\"de_DE\" \/>\n<meta property=\"og:type\" content=\"article\" \/>\n<meta property=\"og:title\" content=\"Richtlinien f\u00fcr Rennveranstalter - Skibergsteigen\" \/>\n<meta property=\"og:description\" content=\"Das Skibergsteigen startet mit dem \u00d6sterreichischer Skiverband \u00d6SV\u00a0und der neuen SKIMO Webseite\u00a0in den Winter! Angebote f\u00fcr die Rennveranstalter im Skibergsteigen Kalendergeb\u00fchr Die SKIMO Webseite und der darin ver\u00f6ffentlichte SKIMO Rennkalender sind\u00a0die erste Anlaufstelle f\u00fcr alle Infos zum Skibergsteigen in \u00d6sterreich sein. F\u00fcr eine\u00a0Kalendergeb\u00fchr von \u20ac 100 \/ Veranstaltung\u00a0wird ein Rennen in den Kalender eingetragen. Darin [&hellip;]\" \/>\n<meta property=\"og:url\" content=\"https:\/\/skimo.73.jarolim.eu\/skibergsteigen\/service-und-downloads\/richtlinien-fuer-rennveranstalter\/\" \/>\n<meta property=\"og:site_name\" content=\"Skibergsteigen\" \/>\n<meta property=\"article:modified_time\" content=\"2015-11-07T10:41:11+00:00\" \/>\n<meta name=\"twitter:card\" content=\"summary\" \/>\n<meta name=\"twitter:label1\" content=\"Gesch\u00e4tzte Lesezeit\">\n\t<meta name=\"twitter:data1\" content=\"2\u00a0Minuten\">\n<script type=\"application\/ld+json\" class=\"yoast-schema-graph\">{\"@context\":\"https:\/\/schema.org\",\"@graph\":[{\"@type\":\"WebSite\",\"@id\":\"https:\/\/skimo.73.jarolim.eu\/skibergsteigen\/#website\",\"url\":\"https:\/\/skimo.73.jarolim.eu\/skibergsteigen\/\",\"name\":\"Skibergsteigen\",\"description\":\"Skibergsteigen in \\u00d6sterreich\",\"potentialAction\":[{\"@type\":\"SearchAction\",\"target\":\"https:\/\/skimo.73.jarolim.eu\/skibergsteigen\/?s={search_term_string}\",\"query-input\":\"required name=search_term_string\"}],\"inLanguage\":\"de\"},{\"@type\":\"WebPage\",\"@id\":\"https:\/\/skimo.73.jarolim.eu\/skibergsteigen\/service-und-downloads\/richtlinien-fuer-rennveranstalter\/#webpage\",\"url\":\"https:\/\/skimo.73.jarolim.eu\/skibergsteigen\/service-und-downloads\/richtlinien-fuer-rennveranstalter\/\",\"name\":\"Richtlinien f\\u00fcr Rennveranstalter - Skibergsteigen\",\"isPartOf\":{\"@id\":\"https:\/\/skimo.73.jarolim.eu\/skibergsteigen\/#website\"},\"datePublished\":\"2015-10-23T12:02:11+00:00\",\"dateModified\":\"2015-11-07T10:41:11+00:00\",\"breadcrumb\":{\"@id\":\"https:\/\/skimo.73.jarolim.eu\/skibergsteigen\/service-und-downloads\/richtlinien-fuer-rennveranstalter\/#breadcrumb\"},\"inLanguage\":\"de\",\"potentialAction\":[{\"@type\":\"ReadAction\",\"target\":[\"https:\/\/skimo.73.jarolim.eu\/skibergsteigen\/service-und-downloads\/richtlinien-fuer-rennveranstalter\/\"]}]},{\"@type\":\"BreadcrumbList\",\"@id\":\"https:\/\/skimo.73.jarolim.eu\/skibergsteigen\/service-und-downloads\/richtlinien-fuer-rennveranstalter\/#breadcrumb\",\"itemListElement\":[{\"@type\":\"ListItem\",\"position\":1,\"item\":{\"@type\":\"WebPage\",\"@id\":\"https:\/\/skimo.73.jarolim.eu\/skibergsteigen\/\",\"url\":\"https:\/\/skimo.73.jarolim.eu\/skibergsteigen\/\",\"name\":\"Home\"}},{\"@type\":\"ListItem\",\"position\":2,\"item\":{\"@type\":\"WebPage\",\"@id\":\"https:\/\/skimo.73.jarolim.eu\/skibergsteigen\/service-und-downloads\/\",\"url\":\"https:\/\/skimo.73.jarolim.eu\/skibergsteigen\/service-und-downloads\/\",\"name\":\"Service und Downloads\"}},{\"@type\":\"ListItem\",\"position\":3,\"item\":{\"@id\":\"https:\/\/skimo.73.jarolim.eu\/skibergsteigen\/service-und-downloads\/richtlinien-fuer-rennveranstalter\/#webpage\"}}]}]}<\/script>\n<!-- \/ Yoast SEO plugin. -->","_links":{"self":[{"href":"https:\/\/www.skimo.at\/skibergsteigen\/wp-json\/wp\/v2\/pages\/184944"}],"collection":[{"href":"https:\/\/www.skimo.at\/skibergsteigen\/wp-json\/wp\/v2\/pages"}],"about":[{"href":"https:\/\/www.skimo.at\/skibergsteigen\/wp-json\/wp\/v2\/types\/page"}],"author":[{"embeddable":true,"href":"https:\/\/www.skimo.at\/skibergsteigen\/wp-json\/wp\/v2\/users\/1"}],"replies":[{"embeddable":true,"href":"https:\/\/www.skimo.at\/skibergsteigen\/wp-json\/wp\/v2\/comments?post=184944"}],"version-history":[{"count":6,"href":"https:\/\/www.skimo.at\/skibergsteigen\/wp-json\/wp\/v2\/pages\/184944\/revisions"}],"predecessor-version":[{"id":185243,"href":"https:\/\/www.skimo.at\/skibergsteigen\/wp-json\/wp\/v2\/pages\/184944\/revisions\/185243"}],"up":[{"embeddable":true,"href":"https:\/\/www.skimo.at\/skibergsteigen\/wp-json\/wp\/v2\/pages\/73976"}],"wp:attachment":[{"href":"https:\/\/www.skimo.at\/skibergsteigen\/wp-json\/wp\/v2\/media?parent=184944"}],"curies":[{"name":"wp","href":"https:\/\/api.w.org\/{rel}","templated":true}]}}