{"id":184939,"date":"2015-10-23T14:00:41","date_gmt":"2015-10-23T12:00:41","guid":{"rendered":"http:\/\/www.skimo.at\/skibergsteigen\/?page_id=184939"},"modified":"2018-12-23T15:58:01","modified_gmt":"2018-12-23T13:58:01","slug":"oesv-mitgliedschaft","status":"publish","type":"page","link":"https:\/\/www.skimo.at\/skibergsteigen\/service-und-downloads\/oesv-mitgliedschaft\/","title":{"rendered":"\u00d6SV Mitgliedschaft"},"content":{"rendered":"<p>F\u00fcr die Wertung in der \u00d6sterreichischen Meisterschaft ist eine g\u00fcltige \u00d6SV Mitgliedschaft Voraussetzung! Das Vorweisen einer \u00d6SV Mitgliedskarte wird verlangt.<\/p>\n","protected":false},"excerpt":{"rendered":"<p>F\u00fcr die Wertung in der \u00d6sterreichischen Meisterschaft ist eine g\u00fcltige \u00d6SV Mitgliedschaft Voraussetzung! Das Vorweisen einer \u00d6SV Mitgliedskarte wird verlangt.<\/p>\n","protected":false},"author":1,"featured_media":0,"parent":73976,"menu_order":0,"comment_status":"closed","ping_status":"closed","template":"","meta":[],"yoast_head":"<!-- This site is optimized with the Yoast SEO plugin v16.3 - https:\/\/yoast.com\/wordpress\/plugins\/seo\/ -->\n<title>\u00d6SV Mitgliedschaft - Skibergsteigen<\/title>\n<meta name=\"robots\" content=\"index, follow, max-snippet:-1, max-image-preview:large, max-video-preview:-1\" \/>\n<link rel=\"canonical\" href=\"https:\/\/skimo.73.jarolim.eu\/skibergsteigen\/service-und-downloads\/oesv-mitgliedschaft\/\" \/>\n<meta property=\"og:locale\" content=\"de_DE\" \/>\n<meta property=\"og:type\" content=\"article\" \/>\n<meta property=\"og:title\" content=\"\u00d6SV Mitgliedschaft - Skibergsteigen\" \/>\n<meta property=\"og:description\" content=\"F\u00fcr die Wertung in der \u00d6sterreichischen Meisterschaft ist eine g\u00fcltige \u00d6SV Mitgliedschaft Voraussetzung! Das Vorweisen einer \u00d6SV Mitgliedskarte wird verlangt.\" \/>\n<meta property=\"og:url\" content=\"https:\/\/skimo.73.jarolim.eu\/skibergsteigen\/service-und-downloads\/oesv-mitgliedschaft\/\" \/>\n<meta property=\"og:site_name\" content=\"Skibergsteigen\" \/>\n<meta property=\"article:modified_time\" content=\"2018-12-23T13:58:01+00:00\" \/>\n<meta name=\"twitter:card\" content=\"summary\" \/>\n<script type=\"application\/ld+json\" class=\"yoast-schema-graph\">{\"@context\":\"https:\/\/schema.org\",\"@graph\":[{\"@type\":\"WebSite\",\"@id\":\"https:\/\/skimo.73.jarolim.eu\/skibergsteigen\/#website\",\"url\":\"https:\/\/skimo.73.jarolim.eu\/skibergsteigen\/\",\"name\":\"Skibergsteigen\",\"description\":\"Skibergsteigen in \\u00d6sterreich\",\"potentialAction\":[{\"@type\":\"SearchAction\",\"target\":\"https:\/\/skimo.73.jarolim.eu\/skibergsteigen\/?s={search_term_string}\",\"query-input\":\"required name=search_term_string\"}],\"inLanguage\":\"de\"},{\"@type\":\"WebPage\",\"@id\":\"https:\/\/skimo.73.jarolim.eu\/skibergsteigen\/service-und-downloads\/oesv-mitgliedschaft\/#webpage\",\"url\":\"https:\/\/skimo.73.jarolim.eu\/skibergsteigen\/service-und-downloads\/oesv-mitgliedschaft\/\",\"name\":\"\\u00d6SV Mitgliedschaft - Skibergsteigen\",\"isPartOf\":{\"@id\":\"https:\/\/skimo.73.jarolim.eu\/skibergsteigen\/#website\"},\"datePublished\":\"2015-10-23T12:00:41+00:00\",\"dateModified\":\"2018-12-23T13:58:01+00:00\",\"breadcrumb\":{\"@id\":\"https:\/\/skimo.73.jarolim.eu\/skibergsteigen\/service-und-downloads\/oesv-mitgliedschaft\/#breadcrumb\"},\"inLanguage\":\"de\",\"potentialAction\":[{\"@type\":\"ReadAction\",\"target\":[\"https:\/\/skimo.73.jarolim.eu\/skibergsteigen\/service-und-downloads\/oesv-mitgliedschaft\/\"]}]},{\"@type\":\"BreadcrumbList\",\"@id\":\"https:\/\/skimo.73.jarolim.eu\/skibergsteigen\/service-und-downloads\/oesv-mitgliedschaft\/#breadcrumb\",\"itemListElement\":[{\"@type\":\"ListItem\",\"position\":1,\"item\":{\"@type\":\"WebPage\",\"@id\":\"https:\/\/skimo.73.jarolim.eu\/skibergsteigen\/\",\"url\":\"https:\/\/skimo.73.jarolim.eu\/skibergsteigen\/\",\"name\":\"Home\"}},{\"@type\":\"ListItem\",\"position\":2,\"item\":{\"@type\":\"WebPage\",\"@id\":\"https:\/\/skimo.73.jarolim.eu\/skibergsteigen\/service-und-downloads\/\",\"url\":\"https:\/\/skimo.73.jarolim.eu\/skibergsteigen\/service-und-downloads\/\",\"name\":\"Service und Downloads\"}},{\"@type\":\"ListItem\",\"position\":3,\"item\":{\"@id\":\"https:\/\/skimo.73.jarolim.eu\/skibergsteigen\/service-und-downloads\/oesv-mitgliedschaft\/#webpage\"}}]}]}<\/script>\n<!-- \/ Yoast SEO plugin. -->","_links":{"self":[{"href":"https:\/\/www.skimo.at\/skibergsteigen\/wp-json\/wp\/v2\/pages\/184939"}],"collection":[{"href":"https:\/\/www.skimo.at\/skibergsteigen\/wp-json\/wp\/v2\/pages"}],"about":[{"href":"https:\/\/www.skimo.at\/skibergsteigen\/wp-json\/wp\/v2\/types\/page"}],"author":[{"embeddable":true,"href":"https:\/\/www.skimo.at\/skibergsteigen\/wp-json\/wp\/v2\/users\/1"}],"replies":[{"embeddable":true,"href":"https:\/\/www.skimo.at\/skibergsteigen\/wp-json\/wp\/v2\/comments?post=184939"}],"version-history":[{"count":13,"href":"https:\/\/www.skimo.at\/skibergsteigen\/wp-json\/wp\/v2\/pages\/184939\/revisions"}],"predecessor-version":[{"id":189147,"href":"https:\/\/www.skimo.at\/skibergsteigen\/wp-json\/wp\/v2\/pages\/184939\/revisions\/189147"}],"up":[{"embeddable":true,"href":"https:\/\/www.skimo.at\/skibergsteigen\/wp-json\/wp\/v2\/pages\/73976"}],"wp:attachment":[{"href":"https:\/\/www.skimo.at\/skibergsteigen\/wp-json\/wp\/v2\/media?parent=184939"}],"curies":[{"name":"wp","href":"https:\/\/api.w.org\/{rel}","templated":true}]}}