{"id":18,"date":"2012-09-10T18:43:20","date_gmt":"2012-09-10T16:43:20","guid":{"rendered":"http:\/\/www.skimo.at\/skibergsteigen\/?page_id=18"},"modified":"2025-01-24T17:02:31","modified_gmt":"2025-01-24T15:02:31","slug":"chronik","status":"publish","type":"page","link":"https:\/\/www.skimo.at\/skibergsteigen\/organisation\/chronik\/","title":{"rendered":"Chronik"},"content":{"rendered":"<p>Die lange Tradition des Wettkampf-Skibergsteigens<\/p>\n<p><!--more--><\/p>\n<h2>Entwicklung des Skibergsteigens<\/h2>\n<p>Skibergsteigen (oder auch Tourengehen, beide Bezeichnungen sind in Ordnung) ist eine uralte Sportart, eigentlich die \u00e4lteste Skisportart. Schon mindestens ab dem 12. Jahrhundert waren Schi speziell in den nordischen L\u00e4ndern ein Hilfsmittel zur Fortbewegung f\u00fcr Jagd und Alltag. Als eines der ersten Dokumente des Gebrauchs von Schiern gilt der &#8222;Birkebeinerritt&#8220;, bei dem 1206 der norwegische K\u00f6nigssohn Hakon Hakonssson \u00fcber die Berge ins sichere Exil gebracht wurde &#8211; mit Skiern!<\/p>\n<p>Schon vor 110 Jahren waren Menschen mit Ski und Fell unterwegs um sich gegenseitig zu messen. Belegt ist ein erstes Tourenskirennen im Jahr 1893 in M\u00fcnchen. Die rasante Entwicklung danach war gepr\u00e4gt durch engagierte Menschen wie Matthias Zdarsky aus dem \u00f6sterreichischen Lilienfeld, durch die vor allem die Technik verbessert wurde.<\/p>\n<figure id=\"attachment_185064\" aria-describedby=\"caption-attachment-185064\" style=\"width: 300px\" class=\"wp-caption alignleft\"><img loading=\"lazy\" class=\"wp-image-185064 size-medium\" src=\"http:\/\/www.skimo.at\/skibergsteigen\/files\/2012\/09\/Gletscherrennen-Gosau-1935-_-4-_-Bild-Gapp-Leopold-_-web-300x215.jpg\" alt=\"Gro\u00dfer Andrang beim Gletscherrennen im Jahr 1935 (Bild Leopold Gapp)\" width=\"300\" height=\"215\" srcset=\"https:\/\/www.skimo.at\/skibergsteigen\/files\/2012\/09\/Gletscherrennen-Gosau-1935-_-4-_-Bild-Gapp-Leopold-_-web-300x215.jpg 300w, https:\/\/www.skimo.at\/skibergsteigen\/files\/2012\/09\/Gletscherrennen-Gosau-1935-_-4-_-Bild-Gapp-Leopold-_-web-554x396.jpg 554w, https:\/\/www.skimo.at\/skibergsteigen\/files\/2012\/09\/Gletscherrennen-Gosau-1935-_-4-_-Bild-Gapp-Leopold-_-web-130x93.jpg 130w, https:\/\/www.skimo.at\/skibergsteigen\/files\/2012\/09\/Gletscherrennen-Gosau-1935-_-4-_-Bild-Gapp-Leopold-_-web.jpg 600w\" sizes=\"(max-width: 300px) 100vw, 300px\" \/><figcaption id=\"caption-attachment-185064\" class=\"wp-caption-text\">Gro\u00dfer Andrang beim Gletscherrennen im Jahr 1935 (Bild Leopold Gapp)<\/figcaption><\/figure>\n<figure id=\"attachment_185070\" aria-describedby=\"caption-attachment-185070\" style=\"width: 300px\" class=\"wp-caption alignleft\"><img loading=\"lazy\" class=\"wp-image-185070 size-medium\" src=\"http:\/\/www.skimo.at\/skibergsteigen\/files\/2012\/09\/World-Championships-Verbier-2015_Vertical-senior_46_Photo-Willi-Seebacher-LR1-300x200.jpg\" alt=\"Gro\u00dfe Zuschauermengen bei den Rennen heute (WM Verbier 2015, Bild Willi Seebacher)\" width=\"300\" height=\"200\" srcset=\"https:\/\/www.skimo.at\/skibergsteigen\/files\/2012\/09\/World-Championships-Verbier-2015_Vertical-senior_46_Photo-Willi-Seebacher-LR1-300x200.jpg 300w, https:\/\/www.skimo.at\/skibergsteigen\/files\/2012\/09\/World-Championships-Verbier-2015_Vertical-senior_46_Photo-Willi-Seebacher-LR1-600x400.jpg 600w, https:\/\/www.skimo.at\/skibergsteigen\/files\/2012\/09\/World-Championships-Verbier-2015_Vertical-senior_46_Photo-Willi-Seebacher-LR1-768x512.jpg 768w, https:\/\/www.skimo.at\/skibergsteigen\/files\/2012\/09\/World-Championships-Verbier-2015_Vertical-senior_46_Photo-Willi-Seebacher-LR1-746x497.jpg 746w, https:\/\/www.skimo.at\/skibergsteigen\/files\/2012\/09\/World-Championships-Verbier-2015_Vertical-senior_46_Photo-Willi-Seebacher-LR1-618x412.jpg 618w, https:\/\/www.skimo.at\/skibergsteigen\/files\/2012\/09\/World-Championships-Verbier-2015_Vertical-senior_46_Photo-Willi-Seebacher-LR1-554x369.jpg 554w, https:\/\/www.skimo.at\/skibergsteigen\/files\/2012\/09\/World-Championships-Verbier-2015_Vertical-senior_46_Photo-Willi-Seebacher-LR1-299x199.jpg 299w, https:\/\/www.skimo.at\/skibergsteigen\/files\/2012\/09\/World-Championships-Verbier-2015_Vertical-senior_46_Photo-Willi-Seebacher-LR1-1224x816.jpg 1224w, https:\/\/www.skimo.at\/skibergsteigen\/files\/2012\/09\/World-Championships-Verbier-2015_Vertical-senior_46_Photo-Willi-Seebacher-LR1-970x646.jpg 970w, https:\/\/www.skimo.at\/skibergsteigen\/files\/2012\/09\/World-Championships-Verbier-2015_Vertical-senior_46_Photo-Willi-Seebacher-LR1-140x93.jpg 140w, https:\/\/www.skimo.at\/skibergsteigen\/files\/2012\/09\/World-Championships-Verbier-2015_Vertical-senior_46_Photo-Willi-Seebacher-LR1.jpg 1772w\" sizes=\"(max-width: 300px) 100vw, 300px\" \/><figcaption id=\"caption-attachment-185070\" class=\"wp-caption-text\">Gro\u00dfe Zuschauermengen bei den Rennen heute (WM Verbier 2015, Bild Willi Seebacher)<\/figcaption><\/figure>\n<p>In den 20er Jahren des letzten Jahrhunderts war das Skibergsteigen (eigentlich das Skifahren an sich, denn Aufstiegshilfen gab es nicht, also musst sowieso \u00fcberall zu Fu\u00df hinaufgegangen werden) bereits ein Volkssport geworden. Dazu beigetragen hat auch der 1. Weltkrieg, bei dem die Bedeutung der Mobilit\u00e4t im winterlichen Gebirgskampf erkannt wurde. Wie bei jedem Sport gab es auch eine gro\u00dfe Bewegung f\u00fcr Rennl\u00e4ufe, die sich aus den milit\u00e4rischen Patroillenl\u00e4ufen entwickelt hatte. Als Beispiel f\u00fcr solche L\u00e4ufe gelten das &#8222;Mairennen&#8220; in Gosau\/O\u00d6 und der &#8222;Geierlauf&#8220; in Absam\/Tirol. Interessant: Skibergsteigen war in den Jahren 1924, 1928, 1936 und 1948 olympisch!<\/p>\n<p>Die erste Bl\u00fcte dieses Sports hielt sich bis in die 50er Jahre des letzten Jahrhunderts. Mit dem Wirtschaftswunder kamen dann allerdings Seilbahnen und Lifte, und das Tourengehen wurde zunehmend eine Randerscheinung im wachsenden alpinen Schilauf. Erst vor rund 30 Jahren begann langsam wieder die Besinnung auf die Natur und damit der neuerliche Aufschwung.<\/p>\n<p>Seit nunmehr etwa 15 Jahren kann von einer massiv positiven Entwicklung im Skibergsteigen gesprochen werden. Der aktuelle Gesundheits- und Fitnesstrend sowie die verbesserte Ausr\u00fcstung haben dazu beigetragen, dass dieser wundersch\u00f6ne Sport eine neue Bl\u00fcte erlebt.<\/p>\n<h2>Was macht diesen Sport aus?<\/h2>\n<figure id=\"attachment_185063\" aria-describedby=\"caption-attachment-185063\" style=\"width: 300px\" class=\"wp-caption alignright\"><img loading=\"lazy\" class=\"size-medium wp-image-185063\" src=\"http:\/\/www.skimo.at\/skibergsteigen\/files\/2012\/09\/Gletscherrennen-Gosau-1935-_-2-_-Bild-Gapp-Leopold-_-web2-300x206.jpg\" alt=\"Aufstiegstechnik und Tragepassage im Jahr 1935 (Bild Gletscherrennen in Gosau, Leopold Gapp) \" width=\"300\" height=\"206\" srcset=\"https:\/\/www.skimo.at\/skibergsteigen\/files\/2012\/09\/Gletscherrennen-Gosau-1935-_-2-_-Bild-Gapp-Leopold-_-web2-300x206.jpg 300w, https:\/\/www.skimo.at\/skibergsteigen\/files\/2012\/09\/Gletscherrennen-Gosau-1935-_-2-_-Bild-Gapp-Leopold-_-web2-554x379.jpg 554w, https:\/\/www.skimo.at\/skibergsteigen\/files\/2012\/09\/Gletscherrennen-Gosau-1935-_-2-_-Bild-Gapp-Leopold-_-web2-136x93.jpg 136w, https:\/\/www.skimo.at\/skibergsteigen\/files\/2012\/09\/Gletscherrennen-Gosau-1935-_-2-_-Bild-Gapp-Leopold-_-web2.jpg 600w\" sizes=\"(max-width: 300px) 100vw, 300px\" \/><figcaption id=\"caption-attachment-185063\" class=\"wp-caption-text\">Aufstiegstechnik und Tragepassage im Jahr 1935 (Bild Gletscherrennen in Gosau, Leopold Gapp)<\/figcaption><\/figure>\n<figure id=\"attachment_185071\" aria-describedby=\"caption-attachment-185071\" style=\"width: 300px\" class=\"wp-caption alignright\"><img loading=\"lazy\" class=\"size-medium wp-image-185071\" src=\"http:\/\/www.skimo.at\/skibergsteigen\/files\/2012\/09\/Weltcup-Font-Blanca-2015_Individual_44_Willi-Seebacher-LR-300x200.jpg\" alt=\"Tragepassage im Jahr 2015 (Bild Willi Seebacher)\" width=\"300\" height=\"200\" srcset=\"https:\/\/www.skimo.at\/skibergsteigen\/files\/2012\/09\/Weltcup-Font-Blanca-2015_Individual_44_Willi-Seebacher-LR-300x200.jpg 300w, https:\/\/www.skimo.at\/skibergsteigen\/files\/2012\/09\/Weltcup-Font-Blanca-2015_Individual_44_Willi-Seebacher-LR-600x400.jpg 600w, https:\/\/www.skimo.at\/skibergsteigen\/files\/2012\/09\/Weltcup-Font-Blanca-2015_Individual_44_Willi-Seebacher-LR-768x512.jpg 768w, https:\/\/www.skimo.at\/skibergsteigen\/files\/2012\/09\/Weltcup-Font-Blanca-2015_Individual_44_Willi-Seebacher-LR-746x497.jpg 746w, https:\/\/www.skimo.at\/skibergsteigen\/files\/2012\/09\/Weltcup-Font-Blanca-2015_Individual_44_Willi-Seebacher-LR-618x412.jpg 618w, https:\/\/www.skimo.at\/skibergsteigen\/files\/2012\/09\/Weltcup-Font-Blanca-2015_Individual_44_Willi-Seebacher-LR-554x369.jpg 554w, https:\/\/www.skimo.at\/skibergsteigen\/files\/2012\/09\/Weltcup-Font-Blanca-2015_Individual_44_Willi-Seebacher-LR-299x199.jpg 299w, https:\/\/www.skimo.at\/skibergsteigen\/files\/2012\/09\/Weltcup-Font-Blanca-2015_Individual_44_Willi-Seebacher-LR-1224x816.jpg 1224w, https:\/\/www.skimo.at\/skibergsteigen\/files\/2012\/09\/Weltcup-Font-Blanca-2015_Individual_44_Willi-Seebacher-LR-970x646.jpg 970w, https:\/\/www.skimo.at\/skibergsteigen\/files\/2012\/09\/Weltcup-Font-Blanca-2015_Individual_44_Willi-Seebacher-LR-140x93.jpg 140w, https:\/\/www.skimo.at\/skibergsteigen\/files\/2012\/09\/Weltcup-Font-Blanca-2015_Individual_44_Willi-Seebacher-LR.jpg 1772w\" sizes=\"(max-width: 300px) 100vw, 300px\" \/><figcaption id=\"caption-attachment-185071\" class=\"wp-caption-text\">Tragepassage im Jahr 2015 (Bild Willi Seebacher)<\/figcaption><\/figure>\n<p>Der Hauptgrund f\u00fcr die Faszination, die dieser Sport aus\u00fcbt, ist die Mischung aus Abenteuer und Flexibilit\u00e4t, die jedem seine eigene Art der Sportaus\u00fcbung finden l\u00e4sst. Die individuelle Zusammensetzbarkeit jeder Skitour, gemischt mit der n\u00f6tigen Eigenverantwortung was die Routenwahl und Einsch\u00e4tzung der aktuellen Gefahrenlage betrifft, machen diese Sportart so einzigartig. Trotz Reglements und Verhaltensregeln bleibt jede Tour einzigartig und ist nicht wiederholbar.<\/p>\n<p>Das Skibergsteigen &#8211; im Breitensport- sowie im Wettkampfbereich &#8211; \u00a0besteht aus drei Komponenten:<\/p>\n<ul>\n<li>Aufstieg<\/li>\n<li>Abfahrt<\/li>\n<li>Technik (Materialtechnik und Bergtechnik)<\/li>\n<\/ul>\n<h2>\u00a0Wettkampfsport Skibergsteigen<\/h2>\n<p>Rennen im Schibergsteigen gibt es schon seit \u00fcber 100 Jahren. Jedoch erst 1988 wurde von Frankreich, Italien, Spanien, Andorra, der Slowakei und der Schweiz die CISAC gegr\u00fcndet, die erste verbands\u00e4hnliche Struktur. 1992 folgte dann der erste Europacup, 2002 die erste Weltmeisterschaft und 2004 der erste Weltcup.Heute ist das Skibergsteigen in der ISMF (International Ski Mountaineering Federation) mit aktuell 31 Mitgliedernationen (Stand 10.2015) organisiert und wird weltweit von ca. 6 Mio. Sportlern bei 500 Wettk\u00e4mpfen betrieben. Der \u00d6sterreichische Wettkampf- Sport war von\u00a02006 bis 2014 im von SKIMO-Urgestein Karl Posch gegr\u00fcndeten Verband ASKIMO (Austrian Skimountaineering Orgaization for Competitions) organisiert und wurde danach schrittweise in den \u00d6sterreichischen Skiverband \u00d6SV als Sparte Skibergsteigen eingegliedert.<\/p>\n<p>Es gibt 5 Arten des Wettkampfes:<\/p>\n<ul>\n<li>Individual (Einzelwettkampf mit Aufstieg und Abfahrt, oft auch Tragepassagen beinhaltet)<\/li>\n<li>Team (2-er\u00a0Teams mit Aufstieg und Abfahrt)<\/li>\n<li>Vertical (reine Aufstiegsrennen als Einzelwettk\u00e4mpfe)<\/li>\n<li>Relay (Staffelbewerb)<\/li>\n<li>Sprint (kurzer Parcours mit Aufstieg, Tragepassage und\u00a0Abfahrt, aufgeteilt in mehrere Durchg\u00e4nge: Qualifikation-Viertelfinale-Halbfinale-Finale)<\/li>\n<\/ul>\n<p>In \u00d6sterreich gibt es fast ausschlie\u00dflich Individual und Vertical Rennen.<\/p>\n<p>Die Athleten werden in 4 Kategorien eingeteilt:<\/p>\n<ul>\n<li>\n<ul>\n<li>U12: 11 \u2013 12 (2013 \u2013 2014)<\/li>\n<li>U14: 13 \u2013 14 (2011 \u2013 20121)<\/li>\n<\/ul>\n<ul>\n<li>U16: 15 \u2013 16 (2009 \u2013 2010)<\/li>\n<li>U18: 17 \u2013 18 (2007 \u2013 2008)<\/li>\n<li>U20: 19 \u2013 20 (2005 \u2013 2006)<\/li>\n<li>Senior: 21 \u2013 45 (1980 \u2013 2004)<\/li>\n<li>Masters: ab 46 (1979 und \u00e4lter)<\/li>\n<\/ul>\n<\/li>\n<\/ul>\n<p>U12 bis U18 bewegen sich auf verk\u00fcrzten Jugendstrecken, U20 bis Masters auf langen Originalstrecken.<\/p>\n<p>In \u00d6sterreich gibt es aktuell \u00fcber 100\u00a0Wettk\u00e4mpfe im Skibergsteigen je Saison, die wichtigsten\u00a0darunter\u00a0sind im SKIMO\u00a0<a href=\"http:\/\/www.skimo.at\/rennen\/rennen\/#event-next\" target=\"_blank\" rel=\"noopener\">Rennkalender<\/a> zu finden.\u00a0Seit 2002 gibt es organisierte Rennserien wie z.B. den Austria Skitour Cup und den <a href=\"http:\/\/www.skimo.at\/rennen\/skimo-rennen\/\">SKIMO Alpencup<\/a>.<\/p>\n<h2>Gesundheit und Fitness beim Skibergsteigen<\/h2>\n<p>Das gesellschaftliche Trendbarometer steht seit Jahren auf sportlicher Bet\u00e4tigung. Warum? Man hat aus der Erfahrung gesehen, dass Bewegung eine Erh\u00f6hung der Lebensqualit\u00e4t bringt. Diese Lebensqualit\u00e4t \u00e4u\u00dfert sich nicht nur in mehr Spa\u00df und Vergn\u00fcgen, sondern &#8211; und das ist das entscheidende &#8211; auch in mehr Gesundheit.<\/p>\n<p>Diese Erkenntnis hat neben den ewigen Sportlern auch diverse Gesundheitsbotschafter und auch die Politik auf den Plan gebracht. Schlie\u00dflich hei\u00dft ein ges\u00fcnderes Leben auch geringere Kosten im Gesundheitssystem.<\/p>\n<p>Jede Art der sportlichen Bet\u00e4tigung ist nat\u00fcrlich geeignet, die pers\u00f6nliche Gesundheit zu f\u00f6rdern. Wie kaum ein anderer Wintersport ist allerdings das Schibergsteigen dazu geschaffen, umfassende Ert\u00fcchtigung mit einer geh\u00f6rigen Portion an Spa\u00df und Abenteuer zu verbinden. Ein langer Aufstieg bei K\u00e4lte wird belohnt durch einen Gipfelsieg und die Abfahrt im Pulverschnee. Ein Wintertraum, der &#8211; und das ist das wichtig &#8211; von jedermann ausge\u00fcbt werden kann, ob jung, alt, reich, arm, sportlich talentiert oder nicht&#8230;der Tourenskisport ist eine Sache f\u00fcr jedermann und -frau!<\/p>\n<h2 align=\"left\">Skibergsteigen \u2013 ein Wintersport steigt wirtschaftlich auf<\/h2>\n<p>Die Wintersport-Nation \u00d6sterreich entdeckt einen neuen Umsatzbringer: der Aufstieg mit Fellen an den Skiern anstatt mit k\u00fcnstlichen Aufstiegshilfen wird immer beliebter, wie die j\u00fcngst ver\u00f6ffentlichten Zahlen der vergangenen Saison belegen. Ob dabei (traditionell) vom Tourengehen oder (moderner und internationaler) vom Skibergsteigen geredet wird, kann die Aufbruchsstimmung nicht beeinflussen.<\/p>\n<figure id=\"attachment_185233\" aria-describedby=\"caption-attachment-185233\" style=\"width: 300px\" class=\"wp-caption alignleft\"><img loading=\"lazy\" class=\"wp-image-185233 size-medium\" src=\"http:\/\/www.skimo.at\/skibergsteigen\/files\/2012\/09\/ASKIMO-Sommergespraech_Vortrag_Bild-Mario-Billich_LR-300x200.jpg\" alt=\"ASKIMO Sommergespraech_Vortrag_Bild Mario Billich_LR\" width=\"300\" height=\"200\" srcset=\"https:\/\/www.skimo.at\/skibergsteigen\/files\/2012\/09\/ASKIMO-Sommergespraech_Vortrag_Bild-Mario-Billich_LR-300x200.jpg 300w, https:\/\/www.skimo.at\/skibergsteigen\/files\/2012\/09\/ASKIMO-Sommergespraech_Vortrag_Bild-Mario-Billich_LR-600x400.jpg 600w, https:\/\/www.skimo.at\/skibergsteigen\/files\/2012\/09\/ASKIMO-Sommergespraech_Vortrag_Bild-Mario-Billich_LR-768x511.jpg 768w, https:\/\/www.skimo.at\/skibergsteigen\/files\/2012\/09\/ASKIMO-Sommergespraech_Vortrag_Bild-Mario-Billich_LR-746x497.jpg 746w, https:\/\/www.skimo.at\/skibergsteigen\/files\/2012\/09\/ASKIMO-Sommergespraech_Vortrag_Bild-Mario-Billich_LR-618x412.jpg 618w, https:\/\/www.skimo.at\/skibergsteigen\/files\/2012\/09\/ASKIMO-Sommergespraech_Vortrag_Bild-Mario-Billich_LR-554x369.jpg 554w, https:\/\/www.skimo.at\/skibergsteigen\/files\/2012\/09\/ASKIMO-Sommergespraech_Vortrag_Bild-Mario-Billich_LR-299x199.jpg 299w, https:\/\/www.skimo.at\/skibergsteigen\/files\/2012\/09\/ASKIMO-Sommergespraech_Vortrag_Bild-Mario-Billich_LR-970x646.jpg 970w, https:\/\/www.skimo.at\/skibergsteigen\/files\/2012\/09\/ASKIMO-Sommergespraech_Vortrag_Bild-Mario-Billich_LR-140x93.jpg 140w, https:\/\/www.skimo.at\/skibergsteigen\/files\/2012\/09\/ASKIMO-Sommergespraech_Vortrag_Bild-Mario-Billich_LR.jpg 1000w\" sizes=\"(max-width: 300px) 100vw, 300px\" \/><figcaption id=\"caption-attachment-185233\" class=\"wp-caption-text\">Voller Saal bei der ASKIMO Pressekonferenz zum Thema Skibergsteigen auf der \u00d6SFA (Bild Mario Billich)<\/figcaption><\/figure>\n<p>Nach den gro\u00dfen Sportmessen des Sommers, der OUTDOOR in Friedrichshafen und der \u00d6SFA in Salzburg, werden regelm\u00e4\u00dfig die Eckdaten der Branchenverk\u00e4ufe in der letzten Wintersaison verk\u00fcndet. Demnach steigen die Verk\u00e4ufe im Tourenski-Sektor trotz der letzten\u00a0schneearmen\u00a0Winter im Vergleich zu Alpinski, Langlauf und Snowboard noch immer kontinuierlich an und haben die beiden letztgenannten inzwischen deutlich \u00fcberstiegen. Der Tourenskisport ist damit\u00a0endg\u00fcltig zu einer wichtigen\u00a0wirtschaftlichen Gr\u00f6\u00dfe in \u00d6sterreich geworden.<\/p>\n<p>Das Skibergsteigen ist zwar ein vergleichsweise g\u00fcnstiger Sport, vor allem durch fehlende Fixkosten f\u00fcr den Skipass und durch die Modularit\u00e4t der Ausr\u00fcstung. Dennoch bescheren gerade die j\u00fcngeren Protagonisten mit dem Credo \u201eleicht und schnell&#8220; der Szene eine positive Entwicklung. Der Trend in Entwicklung und Verkauf geht in Richtung Sicherheit und gleichzeitig zu leichter Ausr\u00fcstung. Dadurch wird der Sport immer attraktiver f\u00fcr junge Neueinsteiger, auch der Anteil der weiblichen Sportlerinnen steigt st\u00e4ndig an.<\/p>\n<p>Diese Entwicklung ist im internationalen Kontext schon l\u00e4nger bekannt. Das Skibergsteigen hat \u2013 wie der gesamte Outdoormarkt \u2013 hohe Zuwachsraten und rosige Zukunftsaussichten. Die Schweiz, Italien und Frankreich sind die Kernl\u00e4nder dieses Sports, Skandinavien und die Region USA\/Kanada die Wachstumsm\u00e4rkte. Das Alpinland \u00d6sterreich gilt mit mehr als\u00a0500.000 aktiven Tourengehern und einem Marktanteil von \u00fcber 20%\u00a0als das\u00a0wichtigste Land f\u00fcr den\u00a0weltweiten Absatzmarkt. Dass die meisten der gro\u00dfen Hersteller von Tourenski, aber auch von spezifischer Ausr\u00fcstung wie VS-Ger\u00e4ten, Fellen und Bekleidung in \u00d6sterreich beheimatet sind, l\u00e4sst wirtschaftlich f\u00fcr die Zukunft einiges erwarten.<\/p>\n<p>Datenquellen: \u00d6sterreichische Wintersportindustrie, VSS\u00d6, \u00d6sterreichischer Alpenverein<\/p>\n<h2>SKIMO Austria als Motor der Entwicklung im Skibergsteigen<\/h2>\n<p>Das Team von SKIMO Austria\u00a0hat die Entwicklung des Skibergsteigens ma\u00dfgeblich geleitet und gef\u00fchrt. Karl Posch als Gr\u00fcnder des Austria Skitour Cups 2002 hat mit einem Team aus Enthusiasten und Skitourenliebhabern und mit der Hilfe vieler Partner enormes bewegt. Reglement, TV- und Medienpr\u00e4senz, Veranstaltungs- und Versicherungswesen sowie Jugendarbeit wurden im Lauf der Jahre gepflegt und auf ein qualitativ hohes Niveau gebracht, das keinen internationalen Vergleich scheuen muss. Apropos International: gute internationale Beziehungen zum Weltverband ISMF und zu den benachbarten\u00a0L\u00e4ndern waren und sind die Basis f\u00fcr das gute Ansehen, das \u00d6sterreich im Kreis der Skibergsteiger-Nationen genie\u00dft.<\/p>\n<p>Die Integration der Wettkampfstrukturen in den \u00d6SV 2014 hat f\u00fcr die Sportler der Nationalmannschaft einiges an finanzieller Absicherung gebracht. Die sportlichen Erfolge werden sicherlich folgen. SKIMO Austria bem\u00fcht sich weiterhin, die Rahmenbedingungen und die Entwicklung der Sportart zu verbessern.<\/p>\n<p>Die Entwicklung der gesamten Sportart durch SKIMO Austria ist gesamt betrachtet seit vielen Jahren au\u00dferordentlich positiv zu bewerten, vor allem der Breitensport hat noch gro\u00dfes Potential.\u00a0Zukunftsziele wie die Olympischen Spiele 2026 halten die Begeisterung hoch und lassen noch einiges erwarten.<\/p>\n","protected":false},"excerpt":{"rendered":"<p>Die lange Tradition des Wettkampf-Skibergsteigens<\/p>\n","protected":false},"author":2,"featured_media":185065,"parent":6,"menu_order":0,"comment_status":"closed","ping_status":"closed","template":"","meta":[],"yoast_head":"<!-- This site is optimized with the Yoast SEO plugin v16.3 - https:\/\/yoast.com\/wordpress\/plugins\/seo\/ -->\n<title>Chronik - Skibergsteigen<\/title>\n<meta name=\"robots\" content=\"index, follow, max-snippet:-1, max-image-preview:large, max-video-preview:-1\" \/>\n<link rel=\"canonical\" href=\"https:\/\/www.skimo.at\/skibergsteigen\/organisation\/chronik\/\" \/>\n<meta property=\"og:locale\" content=\"de_DE\" \/>\n<meta property=\"og:type\" content=\"article\" \/>\n<meta property=\"og:title\" content=\"Chronik - Skibergsteigen\" \/>\n<meta property=\"og:description\" content=\"Die lange Tradition des Wettkampf-Skibergsteigens\" \/>\n<meta property=\"og:url\" content=\"https:\/\/www.skimo.at\/skibergsteigen\/organisation\/chronik\/\" \/>\n<meta property=\"og:site_name\" content=\"Skibergsteigen\" \/>\n<meta property=\"article:modified_time\" content=\"2025-01-24T15:02:31+00:00\" \/>\n<meta property=\"og:image\" content=\"https:\/\/www.skimo.at\/skibergsteigen\/files\/2012\/09\/Gletscherrennen-Gosau-1935-_-5-_-Bild-Gapp-Leopold-_-web.jpg\" \/>\n\t<meta property=\"og:image:width\" content=\"600\" \/>\n\t<meta property=\"og:image:height\" content=\"427\" \/>\n<meta name=\"twitter:card\" content=\"summary\" \/>\n<meta name=\"twitter:label1\" content=\"Gesch\u00e4tzte Lesezeit\">\n\t<meta name=\"twitter:data1\" content=\"7\u00a0Minuten\">\n<script type=\"application\/ld+json\" class=\"yoast-schema-graph\">{\"@context\":\"https:\/\/schema.org\",\"@graph\":[{\"@type\":\"WebSite\",\"@id\":\"https:\/\/skimo.73.jarolim.eu\/skibergsteigen\/#website\",\"url\":\"https:\/\/skimo.73.jarolim.eu\/skibergsteigen\/\",\"name\":\"Skibergsteigen\",\"description\":\"Skibergsteigen in \\u00d6sterreich\",\"potentialAction\":[{\"@type\":\"SearchAction\",\"target\":\"https:\/\/skimo.73.jarolim.eu\/skibergsteigen\/?s={search_term_string}\",\"query-input\":\"required name=search_term_string\"}],\"inLanguage\":\"de\"},{\"@type\":\"ImageObject\",\"@id\":\"https:\/\/www.skimo.at\/skibergsteigen\/organisation\/chronik\/#primaryimage\",\"inLanguage\":\"de\",\"url\":\"https:\/\/www.skimo.at\/skibergsteigen\/files\/2012\/09\/Gletscherrennen-Gosau-1935-_-5-_-Bild-Gapp-Leopold-_-web.jpg\",\"contentUrl\":\"https:\/\/www.skimo.at\/skibergsteigen\/files\/2012\/09\/Gletscherrennen-Gosau-1935-_-5-_-Bild-Gapp-Leopold-_-web.jpg\",\"width\":600,\"height\":427,\"caption\":\"Bild Leopold Gapp\"},{\"@type\":\"WebPage\",\"@id\":\"https:\/\/www.skimo.at\/skibergsteigen\/organisation\/chronik\/#webpage\",\"url\":\"https:\/\/www.skimo.at\/skibergsteigen\/organisation\/chronik\/\",\"name\":\"Chronik - Skibergsteigen\",\"isPartOf\":{\"@id\":\"https:\/\/skimo.73.jarolim.eu\/skibergsteigen\/#website\"},\"primaryImageOfPage\":{\"@id\":\"https:\/\/www.skimo.at\/skibergsteigen\/organisation\/chronik\/#primaryimage\"},\"datePublished\":\"2012-09-10T16:43:20+00:00\",\"dateModified\":\"2025-01-24T15:02:31+00:00\",\"breadcrumb\":{\"@id\":\"https:\/\/www.skimo.at\/skibergsteigen\/organisation\/chronik\/#breadcrumb\"},\"inLanguage\":\"de\",\"potentialAction\":[{\"@type\":\"ReadAction\",\"target\":[\"https:\/\/www.skimo.at\/skibergsteigen\/organisation\/chronik\/\"]}]},{\"@type\":\"BreadcrumbList\",\"@id\":\"https:\/\/www.skimo.at\/skibergsteigen\/organisation\/chronik\/#breadcrumb\",\"itemListElement\":[{\"@type\":\"ListItem\",\"position\":1,\"item\":{\"@type\":\"WebPage\",\"@id\":\"https:\/\/skimo.73.jarolim.eu\/skibergsteigen\/\",\"url\":\"https:\/\/skimo.73.jarolim.eu\/skibergsteigen\/\",\"name\":\"Home\"}},{\"@type\":\"ListItem\",\"position\":2,\"item\":{\"@type\":\"WebPage\",\"@id\":\"https:\/\/skimo.73.jarolim.eu\/skibergsteigen\/organisation\/\",\"url\":\"https:\/\/skimo.73.jarolim.eu\/skibergsteigen\/organisation\/\",\"name\":\"Organisation\"}},{\"@type\":\"ListItem\",\"position\":3,\"item\":{\"@id\":\"https:\/\/www.skimo.at\/skibergsteigen\/organisation\/chronik\/#webpage\"}}]}]}<\/script>\n<!-- \/ Yoast SEO plugin. -->","_links":{"self":[{"href":"https:\/\/www.skimo.at\/skibergsteigen\/wp-json\/wp\/v2\/pages\/18"}],"collection":[{"href":"https:\/\/www.skimo.at\/skibergsteigen\/wp-json\/wp\/v2\/pages"}],"about":[{"href":"https:\/\/www.skimo.at\/skibergsteigen\/wp-json\/wp\/v2\/types\/page"}],"author":[{"embeddable":true,"href":"https:\/\/www.skimo.at\/skibergsteigen\/wp-json\/wp\/v2\/users\/2"}],"replies":[{"embeddable":true,"href":"https:\/\/www.skimo.at\/skibergsteigen\/wp-json\/wp\/v2\/comments?post=18"}],"version-history":[{"count":59,"href":"https:\/\/www.skimo.at\/skibergsteigen\/wp-json\/wp\/v2\/pages\/18\/revisions"}],"predecessor-version":[{"id":192228,"href":"https:\/\/www.skimo.at\/skibergsteigen\/wp-json\/wp\/v2\/pages\/18\/revisions\/192228"}],"up":[{"embeddable":true,"href":"https:\/\/www.skimo.at\/skibergsteigen\/wp-json\/wp\/v2\/pages\/6"}],"wp:featuredmedia":[{"embeddable":true,"href":"https:\/\/www.skimo.at\/skibergsteigen\/wp-json\/wp\/v2\/media\/185065"}],"wp:attachment":[{"href":"https:\/\/www.skimo.at\/skibergsteigen\/wp-json\/wp\/v2\/media?parent=18"}],"curies":[{"name":"wp","href":"https:\/\/api.w.org\/{rel}","templated":true}]}}