{"id":11,"date":"2012-09-10T18:38:26","date_gmt":"2012-09-10T16:38:26","guid":{"rendered":"http:\/\/www.skimo.at\/skibergsteigen\/?page_id=11"},"modified":"2018-12-23T16:19:59","modified_gmt":"2018-12-23T14:19:59","slug":"skimo-versicherung","status":"publish","type":"page","link":"https:\/\/www.skimo.at\/skibergsteigen\/service-und-downloads\/skimo-versicherung\/","title":{"rendered":"SKIMO Versicherung"},"content":{"rendered":"<p>Versicherungsschutz f\u00fcr die\u00a0Teilnahme an\u00a0allen nationalen und internationalen Wettk\u00e4mpfen des SKIMO-Rennkalenders\u00a0bietet\u00a0die Versicherung des neu gegr\u00fcndeten Vereins SKIMO Austria. <strong>Die Mitgliedschaft inkl. Versicherung im Verein SKIMO Austria gilt auch als Startberechtigung f\u00fcr Rennen im Ausland.<\/strong> Das Vorweisen einer solchen Lizenzkarte\u00a0bzw. dem dazugeh\u00f6rigen Versicherungsschutz f\u00fcr Rennen im Skibergsteigen ist in vielen Nationen (z.B. allen voran Italien)\u00a0bereits bei der Anmeldung Pflicht!<\/p>\n<p>Die Mitgliedschaft im Verein SKIMO Austria, inklusive dem umfangreichen Versicherungsschutz f\u00fcr alle Wettk\u00e4mpfe des SKIMO Rennkalenders betr\u00e4gt <strong>EUR 49,-\/Jahr<\/strong> und ist von 1. Juli bis 30. Juni g\u00fcltig. Nach dem Antrag bekommt jedes Mitglied eine <strong>international g\u00fcltige Lizenz- ID- Karte<\/strong> zugesandt.<\/p>\n<h2><strong>Folgende Versicherungsleistungen sind in der Mitgliedschaft inkludiert:<\/strong><\/h2>\n<ul>\n<li>Unfall-Versicherung bei allen Wettk\u00e4mpfen des SKIMO Rennkalenders im In- und Ausland<\/li>\n<li>Unfall Versicherung beim dazugeh\u00f6rigen Training zu diesen Veranstaltungen<\/li>\n<li>Unfallversicherung auf der direkten An- und Abreise zu diesen Veranstaltungen<\/li>\n<\/ul>\n<h2><strong>Versicherungssummen im Detail:<\/strong><\/h2>\n<ul>\n<li>Bergungskosten EUR 7.267,&#8211;<\/li>\n<li>Unfallbedingte R\u00fcckholkosten EUR 15.000,&#8211;<\/li>\n<li>Unfalltod EUR 3.640,&#8211;<\/li>\n<li>Dauerinvalidit\u00e4t EUR 72.680,&#8211;<\/li>\n<li>Unfallheilkosten EUR 1.000,&#8211;<\/li>\n<li>Kosmetische Operation (ausgen. Zahnersatz) EUR 10.000,&#8211;<\/li>\n<li>Rehab-Pauschale EUR 300,&#8211;<\/li>\n<\/ul>\n<h2><strong>Bitte zu beachten:<\/strong><\/h2>\n<ul>\n<li><strong>Der Versicherungsschutz tritt erst nach der Bezahlung des Mitgliedsbeitrages in Kraft!<\/strong> N\u00e4here Infos dazu bzw. die Bankverbindung sind am Anmeldeformular (unten im Anhang) zu finden.<\/li>\n<\/ul>\n","protected":false},"excerpt":{"rendered":"<p>Versicherungsschutz f\u00fcr die\u00a0Teilnahme an\u00a0allen nationalen und internationalen Wettk\u00e4mpfen des SKIMO-Rennkalenders\u00a0bietet\u00a0die Versicherung des neu gegr\u00fcndeten Vereins SKIMO Austria. Die Mitgliedschaft inkl. Versicherung im Verein SKIMO Austria gilt auch als Startberechtigung f\u00fcr Rennen im Ausland. Das Vorweisen einer solchen Lizenzkarte\u00a0bzw. dem dazugeh\u00f6rigen Versicherungsschutz f\u00fcr Rennen im Skibergsteigen ist in vielen Nationen (z.B. allen voran Italien)\u00a0bereits bei der [&hellip;]<\/p>\n","protected":false},"author":2,"featured_media":0,"parent":73976,"menu_order":0,"comment_status":"closed","ping_status":"closed","template":"","meta":[],"yoast_head":"<!-- This site is optimized with the Yoast SEO plugin v16.3 - https:\/\/yoast.com\/wordpress\/plugins\/seo\/ -->\n<title>SKIMO Versicherung - Skibergsteigen<\/title>\n<meta name=\"robots\" content=\"index, follow, max-snippet:-1, max-image-preview:large, max-video-preview:-1\" \/>\n<link rel=\"canonical\" href=\"https:\/\/skimo.73.jarolim.eu\/skibergsteigen\/service-und-downloads\/skimo-versicherung\/\" \/>\n<meta property=\"og:locale\" content=\"de_DE\" \/>\n<meta property=\"og:type\" content=\"article\" \/>\n<meta property=\"og:title\" content=\"SKIMO Versicherung - Skibergsteigen\" \/>\n<meta property=\"og:description\" content=\"Versicherungsschutz f\u00fcr die\u00a0Teilnahme an\u00a0allen nationalen und internationalen Wettk\u00e4mpfen des SKIMO-Rennkalenders\u00a0bietet\u00a0die Versicherung des neu gegr\u00fcndeten Vereins SKIMO Austria. Die Mitgliedschaft inkl. Versicherung im Verein SKIMO Austria gilt auch als Startberechtigung f\u00fcr Rennen im Ausland. Das Vorweisen einer solchen Lizenzkarte\u00a0bzw. dem dazugeh\u00f6rigen Versicherungsschutz f\u00fcr Rennen im Skibergsteigen ist in vielen Nationen (z.B. allen voran Italien)\u00a0bereits bei der [&hellip;]\" \/>\n<meta property=\"og:url\" content=\"https:\/\/skimo.73.jarolim.eu\/skibergsteigen\/service-und-downloads\/skimo-versicherung\/\" \/>\n<meta property=\"og:site_name\" content=\"Skibergsteigen\" \/>\n<meta property=\"article:modified_time\" content=\"2018-12-23T14:19:59+00:00\" \/>\n<meta name=\"twitter:card\" content=\"summary\" \/>\n<meta name=\"twitter:label1\" content=\"Gesch\u00e4tzte Lesezeit\">\n\t<meta name=\"twitter:data1\" content=\"1\u00a0Minute\">\n<script type=\"application\/ld+json\" class=\"yoast-schema-graph\">{\"@context\":\"https:\/\/schema.org\",\"@graph\":[{\"@type\":\"WebSite\",\"@id\":\"https:\/\/skimo.73.jarolim.eu\/skibergsteigen\/#website\",\"url\":\"https:\/\/skimo.73.jarolim.eu\/skibergsteigen\/\",\"name\":\"Skibergsteigen\",\"description\":\"Skibergsteigen in \\u00d6sterreich\",\"potentialAction\":[{\"@type\":\"SearchAction\",\"target\":\"https:\/\/skimo.73.jarolim.eu\/skibergsteigen\/?s={search_term_string}\",\"query-input\":\"required name=search_term_string\"}],\"inLanguage\":\"de\"},{\"@type\":\"WebPage\",\"@id\":\"https:\/\/skimo.73.jarolim.eu\/skibergsteigen\/service-und-downloads\/skimo-versicherung\/#webpage\",\"url\":\"https:\/\/skimo.73.jarolim.eu\/skibergsteigen\/service-und-downloads\/skimo-versicherung\/\",\"name\":\"SKIMO Versicherung - Skibergsteigen\",\"isPartOf\":{\"@id\":\"https:\/\/skimo.73.jarolim.eu\/skibergsteigen\/#website\"},\"datePublished\":\"2012-09-10T16:38:26+00:00\",\"dateModified\":\"2018-12-23T14:19:59+00:00\",\"breadcrumb\":{\"@id\":\"https:\/\/skimo.73.jarolim.eu\/skibergsteigen\/service-und-downloads\/skimo-versicherung\/#breadcrumb\"},\"inLanguage\":\"de\",\"potentialAction\":[{\"@type\":\"ReadAction\",\"target\":[\"https:\/\/skimo.73.jarolim.eu\/skibergsteigen\/service-und-downloads\/skimo-versicherung\/\"]}]},{\"@type\":\"BreadcrumbList\",\"@id\":\"https:\/\/skimo.73.jarolim.eu\/skibergsteigen\/service-und-downloads\/skimo-versicherung\/#breadcrumb\",\"itemListElement\":[{\"@type\":\"ListItem\",\"position\":1,\"item\":{\"@type\":\"WebPage\",\"@id\":\"https:\/\/skimo.73.jarolim.eu\/skibergsteigen\/\",\"url\":\"https:\/\/skimo.73.jarolim.eu\/skibergsteigen\/\",\"name\":\"Home\"}},{\"@type\":\"ListItem\",\"position\":2,\"item\":{\"@type\":\"WebPage\",\"@id\":\"https:\/\/skimo.73.jarolim.eu\/skibergsteigen\/service-und-downloads\/\",\"url\":\"https:\/\/skimo.73.jarolim.eu\/skibergsteigen\/service-und-downloads\/\",\"name\":\"Service und Downloads\"}},{\"@type\":\"ListItem\",\"position\":3,\"item\":{\"@id\":\"https:\/\/skimo.73.jarolim.eu\/skibergsteigen\/service-und-downloads\/skimo-versicherung\/#webpage\"}}]}]}<\/script>\n<!-- \/ Yoast SEO plugin. -->","_links":{"self":[{"href":"https:\/\/www.skimo.at\/skibergsteigen\/wp-json\/wp\/v2\/pages\/11"}],"collection":[{"href":"https:\/\/www.skimo.at\/skibergsteigen\/wp-json\/wp\/v2\/pages"}],"about":[{"href":"https:\/\/www.skimo.at\/skibergsteigen\/wp-json\/wp\/v2\/types\/page"}],"author":[{"embeddable":true,"href":"https:\/\/www.skimo.at\/skibergsteigen\/wp-json\/wp\/v2\/users\/2"}],"replies":[{"embeddable":true,"href":"https:\/\/www.skimo.at\/skibergsteigen\/wp-json\/wp\/v2\/comments?post=11"}],"version-history":[{"count":43,"href":"https:\/\/www.skimo.at\/skibergsteigen\/wp-json\/wp\/v2\/pages\/11\/revisions"}],"predecessor-version":[{"id":189144,"href":"https:\/\/www.skimo.at\/skibergsteigen\/wp-json\/wp\/v2\/pages\/11\/revisions\/189144"}],"up":[{"embeddable":true,"href":"https:\/\/www.skimo.at\/skibergsteigen\/wp-json\/wp\/v2\/pages\/73976"}],"wp:attachment":[{"href":"https:\/\/www.skimo.at\/skibergsteigen\/wp-json\/wp\/v2\/media?parent=11"}],"curies":[{"name":"wp","href":"https:\/\/api.w.org\/{rel}","templated":true}]}}