{"id":632,"date":"2013-11-05T17:49:59","date_gmt":"2013-11-05T15:49:59","guid":{"rendered":"http:\/\/www.skimo.at\/rennen\/?page_id=632"},"modified":"2014-11-15T13:26:10","modified_gmt":"2014-11-15T11:26:10","slug":"service-und-downloads","status":"publish","type":"page","link":"https:\/\/www.skimo.at\/rennen\/service-und-downloads\/","title":{"rendered":"Service und Downloads"},"content":{"rendered":"<h3>Hier die Links zu den wichtigsten Downloads<\/h3>\n<p><a href=\"http:\/\/www.skimo.at\/verband\/bundesverband\/mitgliedschaftundversicherung\/\" target=\"_blank\">Mitgliedschaft und Versicherung:<\/a>\u00a0Durch die Kooperation mit dem \u00d6sterreichischen Skiverband \u00d6SV als Sparte Skibergsteigen, ist es m\u00f6glich, mit einer Mitgliedschaft im Club Skibergsteigen Austria Versicherungsleistungen zu erhalten.\u00a0Die Mitgliedschaft im Club Skibergsteigen Austria bietet alle Vorteile einer g\u00fcltigen \u00d6SV-Karte, sprich neben den Versicherungsleistungen (auch im Wettkampf) auch noch etliche Verg\u00fcnstigungen.<\/p>\n<p><a href=\"http:\/\/www.skimo.at\/verband\/die-rennen\/lizenzen\/\" target=\"_blank\">Kalendergeb\u00fchr und Veranstaltermitgliedschaft<\/a>: Hier gibt es die aktuellen Infos f\u00fcr Veranstalter f\u00fcr Wettk\u00e4mpfe im Skibergsteigen hinsichtlich Kalendereintrag, Bewerbung der Veranstaltung, sowie Versicherungsfragen.<\/p>\n<p><a href=\"http:\/\/www.skimo.at\/verband\/die-rennen\/reglement\/\">Reglement<\/a>:\u00a0Der ASKIMO hat f\u00fcr \u00d6sterreichische Rennen ein zusammengefasstes Basisreglement zusammengestellt, dessen Einhaltung bei offiziellen Verbands-Veranstaltungen Pflicht ist und allen Rennveranstaltern generell empfohlen wird.<\/p>\n<p><a href=\"http:\/\/www.skimo.at\/verband\/die-rennen\/ergebnisse\/\">Ergebnisse<\/a>: Link zu allen Ergebnissen der ASTC Rennen und ISMF Rennen (Weltcup, WM, EM) ab 2004 bis zu den aktuellen der Saison.<\/p>\n","protected":false},"excerpt":{"rendered":"<p>Hier die Links zu den wichtigsten Downloads Mitgliedschaft und Versicherung:\u00a0Durch die Kooperation mit dem \u00d6sterreichischen Skiverband \u00d6SV als Sparte Skibergsteigen, ist es m\u00f6glich, mit einer Mitgliedschaft im Club Skibergsteigen Austria Versicherungsleistungen zu erhalten.\u00a0Die Mitgliedschaft im Club Skibergsteigen Austria bietet alle Vorteile einer g\u00fcltigen \u00d6SV-Karte, sprich neben den Versicherungsleistungen (auch im Wettkampf) auch noch etliche Verg\u00fcnstigungen. [&hellip;]<\/p>\n","protected":false},"author":1,"featured_media":0,"parent":0,"menu_order":0,"comment_status":"closed","ping_status":"closed","template":"","meta":[],"yoast_head":"<!-- This site is optimized with the Yoast SEO plugin v16.3 - https:\/\/yoast.com\/wordpress\/plugins\/seo\/ -->\n<title>Service und Downloads - Rennen<\/title>\n<meta name=\"robots\" content=\"index, follow, max-snippet:-1, max-image-preview:large, max-video-preview:-1\" \/>\n<link rel=\"canonical\" href=\"https:\/\/skimo.73.jarolim.eu\/rennen\/service-und-downloads\/\" \/>\n<meta property=\"og:locale\" content=\"de_DE\" \/>\n<meta property=\"og:type\" content=\"article\" \/>\n<meta property=\"og:title\" content=\"Service und Downloads - Rennen\" \/>\n<meta property=\"og:description\" content=\"Hier die Links zu den wichtigsten Downloads Mitgliedschaft und Versicherung:\u00a0Durch die Kooperation mit dem \u00d6sterreichischen Skiverband \u00d6SV als Sparte Skibergsteigen, ist es m\u00f6glich, mit einer Mitgliedschaft im Club Skibergsteigen Austria Versicherungsleistungen zu erhalten.\u00a0Die Mitgliedschaft im Club Skibergsteigen Austria bietet alle Vorteile einer g\u00fcltigen \u00d6SV-Karte, sprich neben den Versicherungsleistungen (auch im Wettkampf) auch noch etliche Verg\u00fcnstigungen. [&hellip;]\" \/>\n<meta property=\"og:url\" content=\"https:\/\/skimo.73.jarolim.eu\/rennen\/service-und-downloads\/\" \/>\n<meta property=\"og:site_name\" content=\"Rennen\" \/>\n<meta property=\"article:modified_time\" content=\"2014-11-15T11:26:10+00:00\" \/>\n<meta name=\"twitter:card\" content=\"summary\" \/>\n<meta name=\"twitter:label1\" content=\"Gesch\u00e4tzte Lesezeit\">\n\t<meta name=\"twitter:data1\" content=\"1\u00a0Minute\">\n<script type=\"application\/ld+json\" class=\"yoast-schema-graph\">{\"@context\":\"https:\/\/schema.org\",\"@graph\":[{\"@type\":\"WebSite\",\"@id\":\"https:\/\/skimo.73.jarolim.eu\/rennen\/#website\",\"url\":\"https:\/\/skimo.73.jarolim.eu\/rennen\/\",\"name\":\"Rennen\",\"description\":\"\",\"potentialAction\":[{\"@type\":\"SearchAction\",\"target\":\"https:\/\/skimo.73.jarolim.eu\/rennen\/?s={search_term_string}\",\"query-input\":\"required name=search_term_string\"}],\"inLanguage\":\"de\"},{\"@type\":\"WebPage\",\"@id\":\"https:\/\/skimo.73.jarolim.eu\/rennen\/service-und-downloads\/#webpage\",\"url\":\"https:\/\/skimo.73.jarolim.eu\/rennen\/service-und-downloads\/\",\"name\":\"Service und Downloads - Rennen\",\"isPartOf\":{\"@id\":\"https:\/\/skimo.73.jarolim.eu\/rennen\/#website\"},\"datePublished\":\"2013-11-05T15:49:59+00:00\",\"dateModified\":\"2014-11-15T11:26:10+00:00\",\"breadcrumb\":{\"@id\":\"https:\/\/skimo.73.jarolim.eu\/rennen\/service-und-downloads\/#breadcrumb\"},\"inLanguage\":\"de\",\"potentialAction\":[{\"@type\":\"ReadAction\",\"target\":[\"https:\/\/skimo.73.jarolim.eu\/rennen\/service-und-downloads\/\"]}]},{\"@type\":\"BreadcrumbList\",\"@id\":\"https:\/\/skimo.73.jarolim.eu\/rennen\/service-und-downloads\/#breadcrumb\",\"itemListElement\":[{\"@type\":\"ListItem\",\"position\":1,\"item\":{\"@type\":\"WebPage\",\"@id\":\"https:\/\/skimo.73.jarolim.eu\/rennen\/\",\"url\":\"https:\/\/skimo.73.jarolim.eu\/rennen\/\",\"name\":\"Home\"}},{\"@type\":\"ListItem\",\"position\":2,\"item\":{\"@id\":\"https:\/\/skimo.73.jarolim.eu\/rennen\/service-und-downloads\/#webpage\"}}]}]}<\/script>\n<!-- \/ Yoast SEO plugin. -->","_links":{"self":[{"href":"https:\/\/www.skimo.at\/rennen\/wp-json\/wp\/v2\/pages\/632"}],"collection":[{"href":"https:\/\/www.skimo.at\/rennen\/wp-json\/wp\/v2\/pages"}],"about":[{"href":"https:\/\/www.skimo.at\/rennen\/wp-json\/wp\/v2\/types\/page"}],"author":[{"embeddable":true,"href":"https:\/\/www.skimo.at\/rennen\/wp-json\/wp\/v2\/users\/1"}],"replies":[{"embeddable":true,"href":"https:\/\/www.skimo.at\/rennen\/wp-json\/wp\/v2\/comments?post=632"}],"version-history":[{"count":7,"href":"https:\/\/www.skimo.at\/rennen\/wp-json\/wp\/v2\/pages\/632\/revisions"}],"predecessor-version":[{"id":1407,"href":"https:\/\/www.skimo.at\/rennen\/wp-json\/wp\/v2\/pages\/632\/revisions\/1407"}],"wp:attachment":[{"href":"https:\/\/www.skimo.at\/rennen\/wp-json\/wp\/v2\/media?parent=632"}],"curies":[{"name":"wp","href":"https:\/\/api.w.org\/{rel}","templated":true}]}}