{"id":273949,"date":"2017-10-31T15:12:09","date_gmt":"2017-10-31T13:12:09","guid":{"rendered":"http:\/\/www.skimo.at\/rennen\/?page_id=273949"},"modified":"2021-11-24T09:53:51","modified_gmt":"2021-11-24T07:53:51","slug":"jugendcamp","status":"publish","type":"page","link":"https:\/\/www.skimo.at\/rennen\/jugendcamp\/","title":{"rendered":"SKIMO Jugendcamp"},"content":{"rendered":"<div class=\"mceTemp\"><\/div>\n<p>Das \u201eInternationale SKIMO Jugendcamp\u201c hat eine mittlerweile lange und legend\u00e4re Geschichte. Es begann mit einer Diskussion im Fr\u00fchling der Saison 2005\/06 nach einem Weltcupbewerb. Skibergsteiger-Funktion\u00e4re aus \u00d6sterreich, Deutschland und der Slowakei unterhielten sich mit den Vertretern des Weltverbandes \u2013 damals noch mit Namen ISMC und Teil der UIAA \u2013 \u00fcber die mangelnde Jugendarbeit. Katarina Belicova aus der Slowakei, Stefan Winter aus Deutschland, Karl Posch aus \u00d6sterreich und der spanische ISMC Generalsekret\u00e4r Josep Castellet waren nach 2, 3 Gl\u00e4sern Rotwein handelseins: zu Beginn der kommenden Saison sollte in \u00d6sterreich ein Jugendcamp stattfinden!<\/p>\n<figure id=\"attachment_273991\" aria-describedby=\"caption-attachment-273991\" style=\"width: 150px\" class=\"wp-caption alignright\"><a href=\"http:\/\/www.skimo.at\/rennen\/files\/2017\/10\/Kuehtai_II0062.jpg\" rel=\"attachment wp-att-273991\"><img loading=\"lazy\" class=\"size-thumbnail wp-image-273991\" src=\"http:\/\/www.skimo.at\/rennen\/files\/2017\/10\/Kuehtai_II0062-150x150.jpg\" alt=\"Jugendcamp 2006\/07\" width=\"150\" height=\"150\" \/><\/a><figcaption id=\"caption-attachment-273991\" class=\"wp-caption-text\">Jugendcamp 2006\/07<\/figcaption><\/figure>\n<p>Nicht weniger als 36 Jugendliche aus 4 Nationen fanden sich dann im Dezember 2006 im Alpengasthof Praxmar oberhalb von Innsbruck ein, um 3 Tage im Schnee zu verbringen. Abgesichert durch treue Sponsoren des damaligen ASKIMO (heute SKIMO) DYNAFIT, PIEPS, ABS, SILVRETTA und KOCHALPIN und mit der Unterst\u00fctzung von Orga-Urgestein Werner Brugger vor Ort konnte den Jugendlichen ein tolles Programm geboten werden. Viele der damaligen jugendlichen Teilnehmer sind in der Szene immer noch bekannt, so z.B. Michi Pfanzelt, Alex Schuster, Philipp Brugger, Jonas Schlachter, Philipp Reiter und einige mehr.<\/p>\n<figure id=\"attachment_273996\" aria-describedby=\"caption-attachment-273996\" style=\"width: 150px\" class=\"wp-caption alignleft\"><a href=\"http:\/\/www.skimo.at\/rennen\/files\/2017\/10\/SANY1831.jpg\" rel=\"attachment wp-att-273996\"><img loading=\"lazy\" class=\"size-thumbnail wp-image-273996\" src=\"http:\/\/www.skimo.at\/rennen\/files\/2017\/10\/SANY1831-150x150.jpg\" alt=\"Start zu einem kleinen Testrennen 2007\/08\" width=\"150\" height=\"150\" \/><\/a><figcaption id=\"caption-attachment-273996\" class=\"wp-caption-text\">Start zu einem kleinen Testrennen 2007\/08<\/figcaption><\/figure>\n<p>Das Ziel des Camps war und ist es, jugendlichen Nachwuchssportlern die Gelegenheit zu geben, abseits von zeitgedr\u00e4ngten Rennen etwas internationale Luft zu schnuppern. Nat\u00fcrlich auch mit etwas Renndruck, schlie\u00dflich soll der eine oder andere ja auch mal an einer Rennstrecke stehen. Vor allem aber auch um etwas \u00fcber Geh- und Fahrtechnik, Lawinenkunde und Spuranlage von Profis zu erfahren. Und obwohl der Lehrinhalt in Kombi mit den vielen Praxisstunden nat\u00fcrlich anstrengend ist, bleibt eines bei den M\u00e4dchen und Buben immer bestehen: der internationale, mehrsprachige Geist einer Community. Nein, man ist nicht allein in dieser exotischen Sportart, auch in anderen L\u00e4ndern gibt\u2019s die gleichen \u201eSpinner\u201c!<\/p>\n<figure id=\"attachment_273997\" aria-describedby=\"caption-attachment-273997\" style=\"width: 150px\" class=\"wp-caption alignright\"><a href=\"http:\/\/www.skimo.at\/rennen\/files\/2017\/10\/ASKIMOJugendcamp-_-Skipr\u00e4parierung-_-Bild-Matthias-Keller-_-LR.jpg\" rel=\"attachment wp-att-273997\"><img loading=\"lazy\" class=\"size-thumbnail wp-image-273997\" src=\"http:\/\/www.skimo.at\/rennen\/files\/2017\/10\/ASKIMOJugendcamp-_-Skipr\u00e4parierung-_-Bild-Matthias-Keller-_-LR-150x150.jpg\" alt=\"Martin Dufter von Riap Sport lehrt Skipflege 2012\/13\" width=\"150\" height=\"150\" \/><\/a><figcaption id=\"caption-attachment-273997\" class=\"wp-caption-text\">Martin Dufter von Riap Sport lehrt Skipflege 2012\/13<\/figcaption><\/figure>\n<p>Das sch\u00f6ne \u00fcber all die Jahre: gef\u00fchrt von staatlich gepr\u00fcften Berg- und Skif\u00fchrern finden sich allj\u00e4hrlich mehr als genug topmotivierte und -qualifizierte Helfer, die Ihr Wissen gern an den Nachwuchs weitergeben. Kapazunder wie Martin Dufter, Alex Lugger, Andi Ringhofer, Heli Eichholzer, Beni B\u00f6hm, Georg W\u00f6rter, Oscar Angeloni, Laura Orgue, Mireia Miro, Alex Fasser, Miroslav Leitner, Andi Hofer, Toni Steurer, Rebecca Vernon, Konrad Lex, Barbara Gruber, Luca Salini, Steffi Koch, Andi Eisenmann, Judith Grassl und viele mehr gaben sich im Lauf der Jahre ein Stelldichein. Es sei an dieser Stelle nochmals allen gedankt, auch denen, die uns in dem Artikel nicht eingefallen sind!<\/p>\n<figure id=\"attachment_273998\" aria-describedby=\"caption-attachment-273998\" style=\"width: 150px\" class=\"wp-caption alignleft\"><a href=\"http:\/\/www.skimo.at\/rennen\/files\/2017\/10\/Int.-Jugendcamp-2014-Lienz-_-Armando-Mariotta-und-Rebecca-Vernon-_-Bild-Willi-Seebacher-_-LR.jpg\" rel=\"attachment wp-att-273998\"><img loading=\"lazy\" class=\"size-thumbnail wp-image-273998\" src=\"http:\/\/www.skimo.at\/rennen\/files\/2017\/10\/Int.-Jugendcamp-2014-Lienz-_-Armando-Mariotta-und-Rebecca-Vernon-_-Bild-Willi-Seebacher-_-LR-150x150.jpg\" alt=\"Besuch der ISMF 2014\/15\" width=\"150\" height=\"150\" \/><\/a><figcaption id=\"caption-attachment-273998\" class=\"wp-caption-text\">Besuch der ISMF F\u00fchrung 2014\/15<\/figcaption><\/figure>\n<p>Mit nur einer Saison Unterbrechung im Winter 2010\/2011 wurde das Camp seit Beginn j\u00e4hrlich an wechselnden Orten wiederholt. Die sportpolitische Situation der Slowaken lie\u00df eine weitere Beteiligung zwar\u00a0bald nicht mehr zu, gemeinsam konnten aber der <a href=\"https:\/\/www.alpenverein.de\/\">Deutsche Alpenverein DAV<\/a> und SKIMO Austria das Camp festigen und mit der <a href=\"http:\/\/www.ismf-ski.org\/\">ISMF<\/a> zu einem fixen Bestandteil der internationalen Szene gestalten. In den aktuellen Bestrebungen zur Olympia-Aufnahme der Sportart Skibergsteigen spielte die Veranstaltungsserie eine nicht unwesentliche Rolle.<\/p>\n<figure id=\"attachment_273994\" aria-describedby=\"caption-attachment-273994\" style=\"width: 150px\" class=\"wp-caption alignright\"><a href=\"http:\/\/www.skimo.at\/rennen\/files\/2017\/10\/Nachwuchscamp2016-_-SKIMO-Motiv-02-_-Bild-Karl-Posch-_-LR.jpg\" rel=\"attachment wp-att-273994\"><img loading=\"lazy\" class=\"size-thumbnail wp-image-273994\" src=\"http:\/\/www.skimo.at\/rennen\/files\/2017\/10\/Nachwuchscamp2016-_-SKIMO-Motiv-02-_-Bild-Karl-Posch-_-LR-150x150.jpg\" alt=\"Lehreinheit beim Jugendcamp 2016\/17\" width=\"150\" height=\"150\" \/><\/a><figcaption id=\"caption-attachment-273994\" class=\"wp-caption-text\">Lehreinheit beim Jugendcamp 2016\/17<\/figcaption><\/figure>\n<p>Traditionell versucht SKIMO Austria, die Kosten niedrig zu halten um die Teilnahme f\u00fcr jedermann m\u00f6glich zu machen. Elternteile und Betreuer sind jeweils herzlich willkommen. Die Vorkenntnisse der Teilnehmer m\u00fcssen jeweils so sein, dass ein selbstst\u00e4ndiges und verantwortungsbewusstes bewegen im freien Skiraum m\u00f6glich ist. Spa\u00df am Skitourensport steht an vorderster Front, wenn aber Leistung gezeigt wird, kann gerne auch a bissl angedr\u00fcckt werden, wie die ehemaligen Teilnehmer Ina Forchthammer (AUT), Klara Meglic (SLO) Martin Mattle (AUT), Andrzej Bargiel (POL), oder Seppi Rottmoser und Toni Palzer (GER) bereits gezeigt haben.<\/p>\n<p>Dass das Camp von Jahr zu Jahr immer besser angenommen wird, hat die Rekordbeteiligung vom Jahr 2018 gezeigt. 50 Jugendliche aus 11 Nationen waren ins K\u00fchtai gereist um auf Steigfellen etwas zu lernen und Spa\u00df zu haben. Samt Betreuern waren es gut 80 Personen, die das 12. Camp zu einem Mega- Erfolg machten. Auch wenn&#8217;s n\u00e4mlich um keine Teilnehmerrekorde o.\u00e4. geht, es ist doch erfreulich, wenn viele junge Sportler dem Ruf ins Camp folgen.<\/p>\n<p><strong>Untenstehend findet sich die\u00a0Ausschreibung zum aktuellen <a href=\"https:\/\/www.skimo.at\/rennen\/?page_id=288203&amp;preview=true\" target=\"_blank\" rel=\"noopener\">14. Int. SKIMO Jugendcamp im Kaunertal<\/a> von 5. &#8211; 7.11.2021.<\/strong><\/p>\n<p>Danke an die aktuellen Sponsoren <a href=\"https:\/\/www.dynafit.com\/de-de\/\">DYNAFIT Bergausdauersport<\/a>, <a href=\"http:\/\/www.pieps.com\/\">PIEPS Lvs Ger\u00e4te<\/a>, <a href=\"http:\/\/www.bergsport-bgl.de\/\">RIAP Sport<\/a> und <a href=\"http:\/\/www.sonnleitner.at\/\">SONNLEITNER Autos<\/a>.<\/p>\n","protected":false},"excerpt":{"rendered":"<p>Das \u201eInternationale SKIMO Jugendcamp\u201c hat eine mittlerweile lange und legend\u00e4re Geschichte. Es begann mit einer Diskussion im Fr\u00fchling der Saison 2005\/06 nach einem Weltcupbewerb. Skibergsteiger-Funktion\u00e4re aus \u00d6sterreich, Deutschland und der Slowakei unterhielten sich mit den Vertretern des Weltverbandes \u2013 damals noch mit Namen ISMC und Teil der UIAA \u2013 \u00fcber die mangelnde Jugendarbeit. Katarina Belicova [&hellip;]<\/p>\n","protected":false},"author":3,"featured_media":0,"parent":0,"menu_order":0,"comment_status":"closed","ping_status":"closed","template":"","meta":[],"yoast_head":"<!-- This site is optimized with the Yoast SEO plugin v16.3 - https:\/\/yoast.com\/wordpress\/plugins\/seo\/ -->\n<title>SKIMO Jugendcamp - Rennen<\/title>\n<meta name=\"robots\" content=\"index, follow, max-snippet:-1, max-image-preview:large, max-video-preview:-1\" \/>\n<link rel=\"canonical\" href=\"https:\/\/www.skimo.at\/rennen\/jugendcamp\/\" \/>\n<meta property=\"og:locale\" content=\"de_DE\" \/>\n<meta property=\"og:type\" content=\"article\" \/>\n<meta property=\"og:title\" content=\"SKIMO Jugendcamp - Rennen\" \/>\n<meta property=\"og:description\" content=\"Das \u201eInternationale SKIMO Jugendcamp\u201c hat eine mittlerweile lange und legend\u00e4re Geschichte. Es begann mit einer Diskussion im Fr\u00fchling der Saison 2005\/06 nach einem Weltcupbewerb. Skibergsteiger-Funktion\u00e4re aus \u00d6sterreich, Deutschland und der Slowakei unterhielten sich mit den Vertretern des Weltverbandes \u2013 damals noch mit Namen ISMC und Teil der UIAA \u2013 \u00fcber die mangelnde Jugendarbeit. Katarina Belicova [&hellip;]\" \/>\n<meta property=\"og:url\" content=\"https:\/\/www.skimo.at\/rennen\/jugendcamp\/\" \/>\n<meta property=\"og:site_name\" content=\"Rennen\" \/>\n<meta property=\"article:modified_time\" content=\"2021-11-24T07:53:51+00:00\" \/>\n<meta property=\"og:image\" content=\"http:\/\/www.skimo.at\/rennen\/files\/2017\/10\/Kuehtai_II0062-150x150.jpg\" \/>\n<meta name=\"twitter:card\" content=\"summary\" \/>\n<meta name=\"twitter:label1\" content=\"Gesch\u00e4tzte Lesezeit\">\n\t<meta name=\"twitter:data1\" content=\"5\u00a0Minuten\">\n<script type=\"application\/ld+json\" class=\"yoast-schema-graph\">{\"@context\":\"https:\/\/schema.org\",\"@graph\":[{\"@type\":\"WebSite\",\"@id\":\"https:\/\/skimo.73.jarolim.eu\/rennen\/#website\",\"url\":\"https:\/\/skimo.73.jarolim.eu\/rennen\/\",\"name\":\"Rennen\",\"description\":\"\",\"potentialAction\":[{\"@type\":\"SearchAction\",\"target\":\"https:\/\/skimo.73.jarolim.eu\/rennen\/?s={search_term_string}\",\"query-input\":\"required name=search_term_string\"}],\"inLanguage\":\"de\"},{\"@type\":\"ImageObject\",\"@id\":\"https:\/\/www.skimo.at\/rennen\/jugendcamp\/#primaryimage\",\"inLanguage\":\"de\",\"url\":\"http:\/\/www.skimo.at\/rennen\/files\/2017\/10\/Kuehtai_II0062-150x150.jpg\",\"contentUrl\":\"http:\/\/www.skimo.at\/rennen\/files\/2017\/10\/Kuehtai_II0062-150x150.jpg\"},{\"@type\":\"WebPage\",\"@id\":\"https:\/\/www.skimo.at\/rennen\/jugendcamp\/#webpage\",\"url\":\"https:\/\/www.skimo.at\/rennen\/jugendcamp\/\",\"name\":\"SKIMO Jugendcamp - Rennen\",\"isPartOf\":{\"@id\":\"https:\/\/skimo.73.jarolim.eu\/rennen\/#website\"},\"primaryImageOfPage\":{\"@id\":\"https:\/\/www.skimo.at\/rennen\/jugendcamp\/#primaryimage\"},\"datePublished\":\"2017-10-31T13:12:09+00:00\",\"dateModified\":\"2021-11-24T07:53:51+00:00\",\"breadcrumb\":{\"@id\":\"https:\/\/www.skimo.at\/rennen\/jugendcamp\/#breadcrumb\"},\"inLanguage\":\"de\",\"potentialAction\":[{\"@type\":\"ReadAction\",\"target\":[\"https:\/\/www.skimo.at\/rennen\/jugendcamp\/\"]}]},{\"@type\":\"BreadcrumbList\",\"@id\":\"https:\/\/www.skimo.at\/rennen\/jugendcamp\/#breadcrumb\",\"itemListElement\":[{\"@type\":\"ListItem\",\"position\":1,\"item\":{\"@type\":\"WebPage\",\"@id\":\"https:\/\/skimo.73.jarolim.eu\/rennen\/\",\"url\":\"https:\/\/skimo.73.jarolim.eu\/rennen\/\",\"name\":\"Home\"}},{\"@type\":\"ListItem\",\"position\":2,\"item\":{\"@id\":\"https:\/\/www.skimo.at\/rennen\/jugendcamp\/#webpage\"}}]}]}<\/script>\n<!-- \/ Yoast SEO plugin. -->","_links":{"self":[{"href":"https:\/\/www.skimo.at\/rennen\/wp-json\/wp\/v2\/pages\/273949"}],"collection":[{"href":"https:\/\/www.skimo.at\/rennen\/wp-json\/wp\/v2\/pages"}],"about":[{"href":"https:\/\/www.skimo.at\/rennen\/wp-json\/wp\/v2\/types\/page"}],"author":[{"embeddable":true,"href":"https:\/\/www.skimo.at\/rennen\/wp-json\/wp\/v2\/users\/3"}],"replies":[{"embeddable":true,"href":"https:\/\/www.skimo.at\/rennen\/wp-json\/wp\/v2\/comments?post=273949"}],"version-history":[{"count":21,"href":"https:\/\/www.skimo.at\/rennen\/wp-json\/wp\/v2\/pages\/273949\/revisions"}],"predecessor-version":[{"id":288208,"href":"https:\/\/www.skimo.at\/rennen\/wp-json\/wp\/v2\/pages\/273949\/revisions\/288208"}],"wp:attachment":[{"href":"https:\/\/www.skimo.at\/rennen\/wp-json\/wp\/v2\/media?parent=273949"}],"curies":[{"name":"wp","href":"https:\/\/api.w.org\/{rel}","templated":true}]}}