{"id":241561,"date":"2016-10-20T20:57:50","date_gmt":"2016-10-20T18:57:50","guid":{"rendered":"http:\/\/www.skimo.at\/rennen\/?page_id=241561"},"modified":"2017-02-02T18:45:53","modified_gmt":"2017-02-02T16:45:53","slug":"staatsmeisterschaften-vertical-bischofshofen-04-02-2017","status":"publish","type":"page","link":"https:\/\/www.skimo.at\/rennen\/staatsmeisterschaften\/staatsmeisterschaften-vertical-bischofshofen-04-02-2017\/","title":{"rendered":"Staatsmeisterschaften Vertical, M\u00fchlbach am Hochk\u00f6nig, 04.02.2017"},"content":{"rendered":"<p>Im Rahmen der Hochk\u00f6nig Erztrophy wird am 04.02.2017 der \u00d6sterreichische Staatsmeister 2016\/17 im Vertikal ermittelt. Nachfolgend sind alle Informationen zum Programm, Klasseneinteilung, Reglement und Anmeldung zusammengefasst.<!--more--><\/p>\n<h2>Programm<\/h2>\n<h3>Freitag, 03.02.2017<\/h3>\n<ul>\n<li>ab 16:00 \u2013 18:00Uhr Streckenbesichtigung<\/li>\n<\/ul>\n<h3>Samstag, 04.02.2017<\/h3>\n<ul>\n<li>10:00- 11:30 Startnummernausgabe Talstation Kabinenbahn Karbachalm<\/li>\n<li>bis 11:30 Uhr Rucksacktransport zur Bergstation (Depot bei Stiegenaufgang Talstation)<\/li>\n<li>ab 11:30 Uhr Pistensperre Ostabfahrt Nr. 1<\/li>\n<li>ab 11:45 Uhr Startaufstellung in den Startkorridoren mit Ausr\u00fcstungskontrollen<\/li>\n<li>11:55 Uhr Briefing \u00fcber Rennverlauf (Pflicht f\u00fcr alle Teilnehmer)<\/li>\n<li>12:00 Uhr Start aller Klassen<\/li>\n<li>ab 13:30 Uhr Essen im Bergrestaurant Karbachalm<\/li>\n<li>ab 14:30 Uhr Siegerehrung Bergrestaurant Karbachalm<\/li>\n<\/ul>\n<h2>Klasseneinteilung<\/h2>\n<h3>Kurzstrecke<\/h3>\n<p><a href=\"http:\/\/www.skimo.at\/rennen\/files\/2016\/10\/Erztrophy-2017-Strecke-Vertical-Sch\u00fcler-1.png\" rel=\"attachment wp-att-260347\"><img loading=\"lazy\" class=\"alignnone  wp-image-260347\" src=\"http:\/\/www.skimo.at\/rennen\/files\/2016\/10\/Erztrophy-2017-Strecke-Vertical-Sch\u00fcler-1.png\" alt=\"Erztrophy 2017 Strecke Vertical Sch\u00fcler\" width=\"542\" height=\"408\" srcset=\"https:\/\/www.skimo.at\/rennen\/files\/2016\/10\/Erztrophy-2017-Strecke-Vertical-Sch\u00fcler-1.png 703w, https:\/\/www.skimo.at\/rennen\/files\/2016\/10\/Erztrophy-2017-Strecke-Vertical-Sch\u00fcler-1-300x226.png 300w, https:\/\/www.skimo.at\/rennen\/files\/2016\/10\/Erztrophy-2017-Strecke-Vertical-Sch\u00fcler-1-554x417.png 554w, https:\/\/www.skimo.at\/rennen\/files\/2016\/10\/Erztrophy-2017-Strecke-Vertical-Sch\u00fcler-1-124x93.png 124w\" sizes=\"(max-width: 542px) 100vw, 542px\" \/><\/a><\/p>\n<p>Talstation H\u00fcttenlift \u2013 Bergstation Karbachalmbahn, L\u00e4nge 1 Km und 290 Hm<\/p>\n<ul>\n<li>Sch\u00fcler (Jg. 2003 und j\u00fcnger) weiblich und m\u00e4nnlich<\/li>\n<\/ul>\n<h3>Vertikalstrecke<\/h3>\n<p><a href=\"http:\/\/www.skimo.at\/rennen\/files\/2016\/10\/Vertikal-Erztrophy.png\" rel=\"attachment wp-att-244801\"><img loading=\"lazy\" class=\"alignnone  wp-image-244801\" src=\"http:\/\/www.skimo.at\/rennen\/files\/2016\/10\/Vertikal-Erztrophy.png\" alt=\"vertikal-erztrophy\" width=\"535\" height=\"375\" srcset=\"https:\/\/www.skimo.at\/rennen\/files\/2016\/10\/Vertikal-Erztrophy.png 594w, https:\/\/www.skimo.at\/rennen\/files\/2016\/10\/Vertikal-Erztrophy-300x210.png 300w, https:\/\/www.skimo.at\/rennen\/files\/2016\/10\/Vertikal-Erztrophy-554x388.png 554w, https:\/\/www.skimo.at\/rennen\/files\/2016\/10\/Vertikal-Erztrophy-133x93.png 133w\" sizes=\"(max-width: 535px) 100vw, 535px\" \/><\/a><\/p>\n<p>Talstation Kabinenbahn Karbachalm &#8211; Aufstieg \u00fcber Ostabfahrt Nr. 1 bis Bergstation L\u00e4nge: 3 Km und 700 Hm<\/p>\n<ul>\n<li>Cadet (Jg. 2000 \u2013 2002) weiblich<\/li>\n<li>Cadet (Jg. 2000 \u2013 2002) m\u00e4nnlich<\/li>\n<li>Junior (Jg. 1997 \u2013 1999) weiblich<\/li>\n<li>Junior (Jg. 1997 \u2013 1999) m\u00e4nnlich<\/li>\n<li>Elite Damen Allgemein (Jg. 1973-1996)<\/li>\n<li>Elite Master Damen (Jg. 1972 \u2013 \u00e4lter)<\/li>\n<li>Elite Herren \/ Senior (Jg. 1973 \u2013 1996)<\/li>\n<li>Elite Master (Jg. 1972 \u2013 \u00e4lter) m\u00e4nnlich<\/li>\n<\/ul>\n<h3>Hobbyklasse<\/h3>\n<p>Damen und Herren<\/p>\n<p><strong>Witterungsbedingt<\/strong> kann die Strecke ge\u00e4ndert werden. Die Strecke ist mit gr\u00fcnen Fahnen markiert Ein Verlassen der Strecke und das Wegwerfen von Gegenst\u00e4nden ist verboten und f\u00fchrt ausnahmslos zur Disqualifikation.<\/p>\n<h2>Reglement<\/h2>\n<p>Ausr\u00fcstung laut Reglement SKIMO und WO des \u00d6SV (<a href=\"http:\/\/www.skimo.at\/skibergsteigen\/service-und-downloads\/reglement\/\" target=\"_blank\">Reglement und Wettkampfordnung<\/a>).<\/p>\n<p>Alle Teilnehmer m\u00fcssen sich einer etwaigen Dopingkontrolle zur Verf\u00fcgung stellen.<\/p>\n<p><strong>Info:<\/strong> Es handelt sich um eine Outdoor Veranstaltung, bei der ein Unfall- und Verletzungsrisiko f\u00fcr die Teilnehmer besteht. Eine Unfall und Bergeversicherung f\u00fcr Wettk\u00e4mpfe wird daher allen Teilnehmern empfohlen. Eine Versicherung kann bei www.skimo.at beantragt werden. Der Veranstalter haftet nicht f\u00fcr Unf\u00e4lle oder Sch\u00e4den, die den Athleten, Begleitern, Zuschauern oder an Gegenst\u00e4nden durch die Veranstaltung entstehen, auch nicht gegen\u00fcber Dritten. Mit der Anmeldung akzeptiert der Teilnehmer alle Bedingungen des Wettkampfes und das Basisreglement des Skimo und der WO des \u00d6SV im vollen Umfang.<\/p>\n<h2>Anmeldung<\/h2>\n<p><strong>Nennung bis:<\/strong> 02.02.2017 (18.00 Uhr) \u00a0<a href=\"http:\/\/erztrophy.magix.net\/register.htm\" target=\"_blank\">hier<\/a>. Nachnennungen (+ EUR 10.-) bis 1 Stunde vor Start m\u00f6glich<\/p>\n<p><strong>Nenngeld:<\/strong> Das Nenngeld &#8211; von EUR 25.- f\u00fcr Eliteklassen, EUR 15.- f\u00fcr Cadet und Junior, EUR 0.- f\u00fcr Sch\u00fcler und EUR 20.- f\u00fcr die Hobbyklasse &#8211; ist im Vorhinein zu \u00fcberweisen. Jeder Teilnehmer erh\u00e4lt ein Starterpaket mit Give Aways der Sponsoren, ein Essen im Bergrestaurant Karbachalm, Ergebnisliste (im Internet).<\/p>\n<p><span style=\"color: #ff0000\">ACHTUNG Update: Es wird eine Chipmiete von \u20ac3,- erhoben, die dann f\u00fcr beide Renntage gilt.<\/span><\/p>\n<p><strong>Informationen \u00fcber das Rennen:<br \/>\n<\/strong> bei Markus Stock +43 \/ 664 8474252 bzw. per E-Mail: erztrophy@gmail.com<\/p>\n<p><strong>\u00fcber Unterk\u00fcnfte:<\/strong> TVB M\u00fchlbach am Hkg, Am Dorfplatz 154, 5505 M\u00fchlbach, Telefon: +43(0)6584 2038840, E-Mail: region@hochkoenig.at, Internet: <a href=\"http:\/\/www.hochkoenig.at\/\" target=\"_blank\">www.hochkoenig.at <\/a>\u00a0<strong>oder<\/strong><br \/>\nTVB Bischofshofen, Salzburgerstr. 1 A-5500 Bischofshofen, Tel: +43 (0)64622471, E-Mail: info@bischofshofen.com, Internet: <a href=\"http:\/\/www.bischofshofen.com\/\" target=\"_blank\">www.bischofshofen.com<\/a><\/p>\n<p><strong>ACHTUNG:<\/strong> Im Bereich der Talstation Kabinenbahn Karbachalm sind aufgrund der Semesterferien nur begrenzte Parkm\u00f6glichkeiten.\u00a0Zeit einplanen!<\/p>\n<p><strong>Alle aktuellen Informationen zum Rennen gibt&#8217;s auf der Website der Hochk\u00f6nig-Erztrophy:<\/strong>\u00a0<a href=\"http:\/\/www.erztrophy.at\/\" target=\"_blank\">www.erztrophy.at<\/a><\/p>\n","protected":false},"excerpt":{"rendered":"<p>Im Rahmen der Hochk\u00f6nig Erztrophy wird am 04.02.2017 der \u00d6sterreichische Staatsmeister 2016\/17 im Vertikal ermittelt. Nachfolgend sind alle Informationen zum Programm, Klasseneinteilung, Reglement und Anmeldung zusammengefasst.<\/p>\n","protected":false},"author":36,"featured_media":0,"parent":4,"menu_order":0,"comment_status":"closed","ping_status":"closed","template":"","meta":[],"yoast_head":"<!-- This site is optimized with the Yoast SEO plugin v16.3 - https:\/\/yoast.com\/wordpress\/plugins\/seo\/ -->\n<title>Staatsmeisterschaften Vertical, M\u00fchlbach am Hochk\u00f6nig, 04.02.2017 - Rennen<\/title>\n<meta name=\"robots\" content=\"index, follow, max-snippet:-1, max-image-preview:large, max-video-preview:-1\" \/>\n<link rel=\"canonical\" href=\"https:\/\/skimo.73.jarolim.eu\/rennen\/staatsmeisterschaften\/staatsmeisterschaften-vertical-bischofshofen-04-02-2017\/\" \/>\n<meta property=\"og:locale\" content=\"de_DE\" \/>\n<meta property=\"og:type\" content=\"article\" \/>\n<meta property=\"og:title\" content=\"Staatsmeisterschaften Vertical, M\u00fchlbach am Hochk\u00f6nig, 04.02.2017 - Rennen\" \/>\n<meta property=\"og:description\" content=\"Im Rahmen der Hochk\u00f6nig Erztrophy wird am 04.02.2017 der \u00d6sterreichische Staatsmeister 2016\/17 im Vertikal ermittelt. Nachfolgend sind alle Informationen zum Programm, Klasseneinteilung, Reglement und Anmeldung zusammengefasst.\" \/>\n<meta property=\"og:url\" content=\"https:\/\/skimo.73.jarolim.eu\/rennen\/staatsmeisterschaften\/staatsmeisterschaften-vertical-bischofshofen-04-02-2017\/\" \/>\n<meta property=\"og:site_name\" content=\"Rennen\" \/>\n<meta property=\"article:modified_time\" content=\"2017-02-02T16:45:53+00:00\" \/>\n<meta property=\"og:image\" content=\"http:\/\/skimo.73.jarolim.eu\/rennen\/files\/2016\/10\/Erztrophy-2017-Strecke-Vertical-Sch\u00fcler-1.png\" \/>\n<meta name=\"twitter:card\" content=\"summary\" \/>\n<meta name=\"twitter:label1\" content=\"Gesch\u00e4tzte Lesezeit\">\n\t<meta name=\"twitter:data1\" content=\"2\u00a0Minuten\">\n<script type=\"application\/ld+json\" class=\"yoast-schema-graph\">{\"@context\":\"https:\/\/schema.org\",\"@graph\":[{\"@type\":\"WebSite\",\"@id\":\"https:\/\/skimo.73.jarolim.eu\/rennen\/#website\",\"url\":\"https:\/\/skimo.73.jarolim.eu\/rennen\/\",\"name\":\"Rennen\",\"description\":\"\",\"potentialAction\":[{\"@type\":\"SearchAction\",\"target\":\"https:\/\/skimo.73.jarolim.eu\/rennen\/?s={search_term_string}\",\"query-input\":\"required name=search_term_string\"}],\"inLanguage\":\"de\"},{\"@type\":\"ImageObject\",\"@id\":\"https:\/\/skimo.73.jarolim.eu\/rennen\/staatsmeisterschaften\/staatsmeisterschaften-vertical-bischofshofen-04-02-2017\/#primaryimage\",\"inLanguage\":\"de\",\"url\":\"http:\/\/www.skimo.at\/rennen\/files\/2016\/10\/Erztrophy-2017-Strecke-Vertical-Sch\\u00fcler-1.png\",\"contentUrl\":\"http:\/\/www.skimo.at\/rennen\/files\/2016\/10\/Erztrophy-2017-Strecke-Vertical-Sch\\u00fcler-1.png\"},{\"@type\":\"WebPage\",\"@id\":\"https:\/\/skimo.73.jarolim.eu\/rennen\/staatsmeisterschaften\/staatsmeisterschaften-vertical-bischofshofen-04-02-2017\/#webpage\",\"url\":\"https:\/\/skimo.73.jarolim.eu\/rennen\/staatsmeisterschaften\/staatsmeisterschaften-vertical-bischofshofen-04-02-2017\/\",\"name\":\"Staatsmeisterschaften Vertical, M\\u00fchlbach am Hochk\\u00f6nig, 04.02.2017 - Rennen\",\"isPartOf\":{\"@id\":\"https:\/\/skimo.73.jarolim.eu\/rennen\/#website\"},\"primaryImageOfPage\":{\"@id\":\"https:\/\/skimo.73.jarolim.eu\/rennen\/staatsmeisterschaften\/staatsmeisterschaften-vertical-bischofshofen-04-02-2017\/#primaryimage\"},\"datePublished\":\"2016-10-20T18:57:50+00:00\",\"dateModified\":\"2017-02-02T16:45:53+00:00\",\"breadcrumb\":{\"@id\":\"https:\/\/skimo.73.jarolim.eu\/rennen\/staatsmeisterschaften\/staatsmeisterschaften-vertical-bischofshofen-04-02-2017\/#breadcrumb\"},\"inLanguage\":\"de\",\"potentialAction\":[{\"@type\":\"ReadAction\",\"target\":[\"https:\/\/skimo.73.jarolim.eu\/rennen\/staatsmeisterschaften\/staatsmeisterschaften-vertical-bischofshofen-04-02-2017\/\"]}]},{\"@type\":\"BreadcrumbList\",\"@id\":\"https:\/\/skimo.73.jarolim.eu\/rennen\/staatsmeisterschaften\/staatsmeisterschaften-vertical-bischofshofen-04-02-2017\/#breadcrumb\",\"itemListElement\":[{\"@type\":\"ListItem\",\"position\":1,\"item\":{\"@type\":\"WebPage\",\"@id\":\"https:\/\/skimo.73.jarolim.eu\/rennen\/\",\"url\":\"https:\/\/skimo.73.jarolim.eu\/rennen\/\",\"name\":\"Home\"}},{\"@type\":\"ListItem\",\"position\":2,\"item\":{\"@type\":\"WebPage\",\"@id\":\"https:\/\/skimo.73.jarolim.eu\/rennen\/staatsmeisterschaften\/\",\"url\":\"https:\/\/skimo.73.jarolim.eu\/rennen\/staatsmeisterschaften\/\",\"name\":\"Staatsmeisterschaften\"}},{\"@type\":\"ListItem\",\"position\":3,\"item\":{\"@id\":\"https:\/\/skimo.73.jarolim.eu\/rennen\/staatsmeisterschaften\/staatsmeisterschaften-vertical-bischofshofen-04-02-2017\/#webpage\"}}]}]}<\/script>\n<!-- \/ Yoast SEO plugin. -->","_links":{"self":[{"href":"https:\/\/www.skimo.at\/rennen\/wp-json\/wp\/v2\/pages\/241561"}],"collection":[{"href":"https:\/\/www.skimo.at\/rennen\/wp-json\/wp\/v2\/pages"}],"about":[{"href":"https:\/\/www.skimo.at\/rennen\/wp-json\/wp\/v2\/types\/page"}],"author":[{"embeddable":true,"href":"https:\/\/www.skimo.at\/rennen\/wp-json\/wp\/v2\/users\/36"}],"replies":[{"embeddable":true,"href":"https:\/\/www.skimo.at\/rennen\/wp-json\/wp\/v2\/comments?post=241561"}],"version-history":[{"count":9,"href":"https:\/\/www.skimo.at\/rennen\/wp-json\/wp\/v2\/pages\/241561\/revisions"}],"predecessor-version":[{"id":260348,"href":"https:\/\/www.skimo.at\/rennen\/wp-json\/wp\/v2\/pages\/241561\/revisions\/260348"}],"up":[{"embeddable":true,"href":"https:\/\/www.skimo.at\/rennen\/wp-json\/wp\/v2\/pages\/4"}],"wp:attachment":[{"href":"https:\/\/www.skimo.at\/rennen\/wp-json\/wp\/v2\/media?parent=241561"}],"curies":[{"name":"wp","href":"https:\/\/api.w.org\/{rel}","templated":true}]}}