{"id":241555,"date":"2016-10-20T20:50:15","date_gmt":"2016-10-20T18:50:15","guid":{"rendered":"http:\/\/www.skimo.at\/rennen\/?page_id=241555"},"modified":"2016-12-07T20:08:29","modified_gmt":"2016-12-07T18:08:29","slug":"staatsmeisterschaften-sprint-viehhofen-10-12-2016","status":"publish","type":"page","link":"https:\/\/www.skimo.at\/rennen\/staatsmeisterschaften\/staatsmeisterschaften-sprint-viehhofen-10-12-2016\/","title":{"rendered":"Staatsmeisterschaften Sprint, Viehhofen, 10.12.2016"},"content":{"rendered":"<p>Vormittags wird im Rahmen der Sch\u00f6nleiten-Trophy die \u00d6sterreichische Staatsmeisterschaft im Sprint abgehalten, am Nachmittag finden dann ein Vertikal statt.<!--more--><\/p>\n<h2>Allgemeine Infos und Programm<\/h2>\n<p><span style=\"color: #ff0000\">Aktueller Stand 07.12.2016 hier abrufbar:\u00a0<\/span><a href=\"http:\/\/www.skimo.at\/rennen\/247234\/volles-programm-bei-der-schoenleiten-trophy\/\" target=\"_blank\">http:\/\/www.skimo.at\/rennen\/247234\/volles-programm-bei-der-schoenleiten-trophy\/<\/a><\/p>\n<p><strong>Termin<\/strong>: Samstag, 10.12.2016<\/p>\n<p><span style=\"color: #ff0000\"><strong>Startzeiten<\/strong>: ACHTUNG \u00c4nderungen, siehe Link oben!<\/span><\/p>\n<ul>\n<li><span style=\"color: #ff0000\">09:00 \u2013 10:20 Uhr: <strong>QUALIFIKATION\u00a0SPRINT<\/strong> (unverbindliche Zeitw\u00fcnsche m\u00f6glich im Rahmen der Anmeldung)<\/span><\/li>\n<li><span style=\"color: #ff0000\">11:00 Uhr: <strong>K.O.-Phase\u00a0SPRINT<\/strong><\/span><\/li>\n<li><span style=\"color: #ff0000\">13:15 Uhr: START VERTICAL Hobbyklasse (gleiche Strecke, mit Zeitnehmung, in gleicher Ergebnisliste)<\/span><\/li>\n<li><span style=\"color: #ff0000\">14:00 Uhr: <strong>START VERTICAL mit 1000 HM<\/strong><\/span><\/li>\n<li><span style=\"color: #ff0000\"><strong>Siegerehrung(en)<\/strong>: Sprint: 13:00 Uhr beim Start\/Ziel-Gel\u00e4nde des Sprints, Vertical: 17:00 Uhr beim Hotel Gasthof Oberwirt<\/span><\/li>\n<\/ul>\n<p><strong>Veranstalter<\/strong>: Schiklub Viehhofen (\u00d6SV-Code 4089), bei den \u00d6sterreichischen Meisterschaften im Sprint tritt der Schiklub Viehhofen als durchf\u00fchrender Verein auf, offizieller Veranstalter daf\u00fcr ist der \u00d6sterreichische Skiverband<\/p>\n<h2>Klasseneinteilung<\/h2>\n<h3><strong>Generelle Wertungsklassen<\/strong><\/h3>\n<p>in allen Bewerben (Disziplinen) gelten die offiziellen Wertungsklassen der Sparte Skibergsteigen innerhalb des \u00d6SV<br \/>\n\u2013 Sch\u00fcler m\u00e4nnlich\/weiblich: 12-14 Jahre = 2003 \u2013 2005<br \/>\n\u2013 Cadet m\u00e4nnlich\/weiblich: 15-17 Jahre = 2000-2002<br \/>\n\u2013 Junior m\u00e4nnlich\/weiblich: 18-20 Jahre = 1997-1999<br \/>\n\u2013 Senior m\u00e4nnlich\/weiblich: 21-44 Jahre = 1973-1996<br \/>\n\u2013 Master m\u00e4nnlich\/weiblich: ab 45 Jahre = 1972 und \u00e4lter<\/p>\n<h3><strong>Zus\u00e4tzliche Wertungen im Sprint<\/strong><\/h3>\n<ul>\n<li>\u00d6sterreiche Meisterschaften (Voraussetzung = \u00d6SV-Mitgliedschaft SOWIE Besitz der \u00f6sterreichischen Staatsb\u00fcrgerschaft) in den Klassen Cadet, Junior, Senior und Masters, jeweils m\u00e4nnlich und weiblich<\/li>\n<li>Salzburger Landesmeisterschaften (Voraussetzung = \u00d6SV-Mitgliedschaft und Start f\u00fcr einen Salzburger Schiklub SOWIE generell Besitz der \u00f6sterreichischen Staatsb\u00fcrgerschaft)<\/li>\n<li>Teilnehmen k\u00f6nnen nat\u00fcrlich auch alle Sportler aus dem Ausland bzw. Nicht-\u00d6SV-Mitglieder, die dann nat\u00fcrlich in der Ergebnisliste gewertet werden, aber eben nicht in der Wertung der \u00d6sterreichischen Meisterschaft.<\/li>\n<\/ul>\n<h2>Streckeninformationen<\/h2>\n<h3>Sprint<\/h3>\n<p><img loading=\"lazy\" class=\"\" src=\"http:\/\/phgruber.com\/schoenleiten\/wp-content\/uploads\/2015\/10\/sprint2.jpg\" alt=\"\" width=\"552\" height=\"382\" \/><\/p>\n<p>&nbsp;<\/p>\n<ul>\n<li>Vom Start\/Ziel (SZ) geht es anfangs flach, dann leicht steigend hinauf zum Beginn der Kehren.<\/li>\n<li>Es teilt sich die Strecke und es gibt 2 verschiedene M\u00f6glichkeiten f\u00fcr die n\u00e4chsten H\u00f6henmeter.<\/li>\n<li>Anschlie\u00dfend beginnt die Tragepassage. Die Skier m\u00fcssen ausgezogen und auf dem Rucksack befestigt werden. Zu Fu\u00df geht es weiter entlang der gelben Linie.<\/li>\n<li>Nach dem Tragen werden die Skier wieder angezogen. Auf Fellen geht es wieder weiter hinauf zum h\u00f6chsten Punkt.<\/li>\n<li>In der obersten Wechselzone werden die Felle abgezogen, verstaut (WICHTIG: vollst\u00e4ndig verstauen, Felle d\u00fcrfen nicht sichtbar sein!) und dann geht es in der Abfahrt hinunter. Es wird \u00fcber eine Kante gesprungen, es gibt Richtungstore und vor dem Ziel noch einmal durch eine weite Kurve, um die Geschwindigkeit herauszunehmen, damit man ins Ziel skaten muss.<\/li>\n<li>INSGESAMT geht es ca. 100 H\u00f6henmeter hinauf und dann hinunter, die Laufzeit betr\u00e4gt somit nur wenige Minuten!<\/li>\n<\/ul>\n<p>Die Infos zum Rennmodus gibt&#8217;s\u00a0<a href=\"http:\/\/phgruber.com\/schoenleiten\/de\/ausschreibung\/oem-sprint\/\" target=\"_blank\">hier<\/a>!<\/p>\n<h3>Vertikal<\/h3>\n<p><img loading=\"lazy\" class=\"\" src=\"http:\/\/phgruber.com\/schoenleiten\/wp-content\/uploads\/2015\/10\/vertical_frei.jpg\" alt=\"\" width=\"553\" height=\"601\" \/><\/p>\n<ul>\n<li>ca. 1000 H\u00f6henmeter, unabh\u00e4ngig von der Strecke<\/li>\n<li>je nach Schneesituation\n<ul>\n<li><strong>hoffentlich Start in Viehhofen und ab der Hecherh\u00fctte, die restlichen 650 HM Aufstieg im freien Gel\u00e4nde oder<\/strong><\/li>\n<li>Start in Viehhofen entlang der Skipiste und die letzten 400 HM Aufstieg im freien Gel\u00e4nde oder<\/li>\n<li>Start in Jausern und ab der Mittelstation Aufstieg im freien Gel\u00e4nde (2.\/3. Aufstieg des Individuals aus dem Vorjahr)<\/li>\n<li>Start in Jausern entlang der Skipiste bis zum Wildenkar<\/li>\n<\/ul>\n<\/li>\n<li><strong>Hauptstart um 14:00 Uhr<\/strong> beim Start\/Zielgel\u00e4nde des Sprints, direkt in Viehhofen<\/li>\n<li><strong>Vorstart um 13:15 Uhr<\/strong> (gleicher Start, gleiche Strecke, aber mit \u201eVorsprung\u201c gegen\u00fcber den anderen und somit keine Gefahr vor dem Schlussl\u00e4ufer sowie die Chance, den Einlauf der Gesamtsieger live im Ziel zu sehen und trotzdem in der gleichen Ergebnisliste zu stehen! Wir behalten uns vor, bekannt schnellen Startern den Vorstart zu verweigern, weil dieser ist f\u00fcr die Hobbyl\u00e4ufer gedacht. Daher kommen die \u201eVorstarter\u201c zwar schon in die gleiche Ergebnisliste, aber sie erhalten keinen Preis, wenn sie mit ihrer Zeit das Podium schaffen (\u201ePodiumsgef\u00e4hrdete\u201c sollen alle erst ab 14:00 Uhr starten!)<\/li>\n<li><strong>Hobby-Start ebenfalls um 13:15 Uhr<\/strong> ab der Hecherh\u00fctte mit ca. 650 H\u00f6henmetern (keine Klassen, sondern nur eine Gesamtwertung, daf\u00fcr aber mit eigener, zus\u00e4tzlicher Tombola)<\/li>\n<\/ul>\n<h2>Anmeldung<\/h2>\n<p>Ab 6. November\u00a0<a href=\"http:\/\/phgruber.com\/schoenleiten\/de\/anmeldung\/\" target=\"_blank\">hier<\/a>.<br \/>\nACHTUNG: Bei der Anmeldung f\u00fcr die \u00d6sterreichischen Meisterschaften (bzw. auch LM Salzburg) MUSS die \u00d6SV-Nummer unbedingt angegeben werden, sonst ist keine Teilnahme m\u00f6glich. Zu finden ist diese auf der aktuellen \u00d6SV-Karte (siehe\u00a0<a href=\"http:\/\/phgruber.com\/schoenleiten\/de\/ausschreibung\/renninformationen\/\" target=\"_blank\">hier<\/a>).<\/p>\n<h3><strong>Nenngelder \/ Startpaket<\/strong><\/h3>\n<ul>\n<li>1 Bewerb: \u20ac 20,00 \/ 2 Bewerbe \u20ac 30,00<\/li>\n<li>inklusive Teilnahme an der Wei\u00dfwurst- und Wei\u00dfbierparty (Erdinger) im Sprint Start-\/Zielbereich (11:00 \u2013 14:00 Uhr) als \u201eZeitvertreib\u201c vor bzw. w\u00e4hrend des Sprints<\/li>\n<li>inklusive Essen und Getr\u00e4nk im Hotel Gasthof Oberwirt (ab 16:00 Uhr)<\/li>\n<li>inklusive Teilnahme an der Tombola mit Sachpreisen von unseren Partnern Fischer Sports, Martini Sportswear, Sport Simon &amp; Bergbahnen Saalbach-Hinterglemm<\/li>\n<li>Die Bezahlung erfolgt jeweils in bar bei Abholen der Startunterlagen (Startnummern)<\/li>\n<li>Nachnenngeb\u00fchr von \u20ac 25,00 bzw. \u20ac 35,00, wenn man sich erst am Renntag direkt vor Ort anmeldet<\/li>\n<li>Der Eintritt bzw. die Konsumation im Rahmen der Wei\u00dfwurst- und Wei\u00dfbierparty ist kostenlos f\u00fcr alle Teilnehmer UND Zuschauer. Es kann allerdings passieren, dass uns irgendwann die Wei\u00dfw\u00fcrste bzw. das Wei\u00dfbier ausgeht. Direkt beim Start\/Zielgel\u00e4nde gibt es auch das Restaurant Dorfstadl bzw. das Hotel Gasthof Oberwirt.<\/li>\n<\/ul>\n<h3><strong>Startnummern<\/strong><\/h3>\n<ul>\n<li>Wenn man bei beiden Bewerben teilnimmt, beh\u00e4lt man f\u00fcr das Vertical die Startnummer des Sprints<\/li>\n<li>Die Startnummernausgabe erfolgt ab 08:00 Uhr in der Raiffeisenkasse Viehhofen<\/li>\n<\/ul>\n<h3><strong>Rennb\u00fcro<\/strong><\/h3>\n<p>Das Rennb\u00fcro befindet sich auf dem Veranstaltungsgel\u00e4nde im Tal und ist Samstags von 08:30 \u2013 14:00 Uhr (Start Vertical) ge\u00f6ffnet, anschlie\u00dfend an das Rennen tagt das Rennb\u00fcro dann im Hotel Gasthof Oberwirt.<del><\/del><\/p>\n<h3><\/h3>\n<p>F\u00fcr den Sprint gibt es keinen Rucksacktransport (Start = Ziel), aber daf\u00fcr einen bewachten und \u00fcberdachten Bereich, wo man Rucks\u00e4cke, Kleidung, Handys, Autoschl\u00fcssel, etc. abgeben kann. Der Gep\u00e4ckstransport am Samstag (vom Start in den Zielbereich am Gipfel) erfolgt jeweils ca. 15 min vor dem Start (Hobby- bzw. Rennklasse), Kleidung f\u00fcr die letzten Minuten k\u00f6nnen wieder direkt bis wenige Minuten vor dem Start direkt bei der Startlinie abgegeben werden, diese Sachen werden dann aber nicht mehr ins Ziel transportiert, sondern werden dann im Hotel Gasthof Oberwirt bei der Siegerehrung Vertical ausgefolgt.<\/p>\n<h2><strong>Reglement\/Ausr\u00fcstung<\/strong><\/h2>\n<ul>\n<li>Im Sprint gilt die volle \u00f6sterreichische Wettkampfordnung f\u00fcr Skibergsteigen (<a href=\"http:\/\/phgruber.com\/schoenleiten\/wp-content\/uploads\/2015\/10\/oewo_skibergsteigen_201516.pdf\" target=\"_blank\">Link zum PDF-File mit der \u00d6WO<\/a>), das Rennen ist nat\u00fcrlich ein offizielles \u00d6SV-Rennen. Die Ausr\u00fcstung wird auch kontrolliert und bei M\u00e4ngeln gibt es entsprechende Strafen (Zeitstrafen bzw. Disqualifikation).<\/li>\n<li>Das Vertical wird nach dem Skimo-Basisreglement ausgetragen. Das hei\u00dft, wir streichen \u2013 so wie auch im ISMF-Weltcup \u2013 Rucksack, Pieps, Schaufel, Sonde, Helm und weitere Bekleidungsschichten. Probleme bekommt ihr nur, wenn ihr mit Langlaufskiern oder mit E-Bikes starten wollt. Nicht gestatten k\u00f6nnen wir allerdings das Mitnehmen von Hunden auf die Strecke!<\/li>\n<\/ul>\n<p><strong>Anti-Doping<\/strong>: Wir sind auf Kontrollen durch die NADA vorbereitet und haben die entsprechenden R\u00e4umlichkeiten und Utensilien bereit gestellt.<\/p>\n<h2><strong>Alle weiteren Informationen\/Ansprechpartner<\/strong><\/h2>\n<p>Website der\u00a0<a href=\"http:\/\/phgruber.com\/schoenleiten\/de\/\">Sch\u00f6nleiten Trophy<\/a>, Peter Gruber als Vertreter des veranstaltenden bzw. durchf\u00fchrenden Schiklubs Viehhofen:<br \/>\nTelefon 0676\/7508270 bzw. <a href=\"mailto:phgruber@sbg.at\">phgruber@sbg.at<\/a>.<\/p>\n","protected":false},"excerpt":{"rendered":"<p>Vormittags wird im Rahmen der Sch\u00f6nleiten-Trophy die \u00d6sterreichische Staatsmeisterschaft im Sprint abgehalten, am Nachmittag finden dann ein Vertikal statt.<\/p>\n","protected":false},"author":36,"featured_media":0,"parent":4,"menu_order":0,"comment_status":"closed","ping_status":"closed","template":"","meta":[],"yoast_head":"<!-- This site is optimized with the Yoast SEO plugin v16.3 - https:\/\/yoast.com\/wordpress\/plugins\/seo\/ -->\n<title>Staatsmeisterschaften Sprint, Viehhofen, 10.12.2016 - Rennen<\/title>\n<meta name=\"description\" content=\"Hier finden Sie alle Infos zur \u00d6sterreichischen Meisterschaft im Sprint der Saison 2016\/17 im Rahmen der Sch\u00f6nleiten-Trophy am 10.12.2016.\" \/>\n<meta name=\"robots\" content=\"index, follow, max-snippet:-1, max-image-preview:large, max-video-preview:-1\" \/>\n<link rel=\"canonical\" href=\"https:\/\/skimo.73.jarolim.eu\/rennen\/staatsmeisterschaften\/staatsmeisterschaften-sprint-viehhofen-10-12-2016\/\" \/>\n<meta property=\"og:locale\" content=\"de_DE\" \/>\n<meta property=\"og:type\" content=\"article\" \/>\n<meta property=\"og:title\" content=\"Staatsmeisterschaften Sprint, Viehhofen, 10.12.2016 - Rennen\" \/>\n<meta property=\"og:description\" content=\"Hier finden Sie alle Infos zur \u00d6sterreichischen Meisterschaft im Sprint der Saison 2016\/17 im Rahmen der Sch\u00f6nleiten-Trophy am 10.12.2016.\" \/>\n<meta property=\"og:url\" content=\"https:\/\/skimo.73.jarolim.eu\/rennen\/staatsmeisterschaften\/staatsmeisterschaften-sprint-viehhofen-10-12-2016\/\" \/>\n<meta property=\"og:site_name\" content=\"Rennen\" \/>\n<meta property=\"article:modified_time\" content=\"2016-12-07T18:08:29+00:00\" \/>\n<meta property=\"og:image\" content=\"http:\/\/phgruber.com\/schoenleiten\/wp-content\/uploads\/2015\/10\/sprint2.jpg\" \/>\n<meta name=\"twitter:card\" content=\"summary\" \/>\n<meta name=\"twitter:label1\" content=\"Gesch\u00e4tzte Lesezeit\">\n\t<meta name=\"twitter:data1\" content=\"5\u00a0Minuten\">\n<script type=\"application\/ld+json\" class=\"yoast-schema-graph\">{\"@context\":\"https:\/\/schema.org\",\"@graph\":[{\"@type\":\"WebSite\",\"@id\":\"https:\/\/skimo.73.jarolim.eu\/rennen\/#website\",\"url\":\"https:\/\/skimo.73.jarolim.eu\/rennen\/\",\"name\":\"Rennen\",\"description\":\"\",\"potentialAction\":[{\"@type\":\"SearchAction\",\"target\":\"https:\/\/skimo.73.jarolim.eu\/rennen\/?s={search_term_string}\",\"query-input\":\"required name=search_term_string\"}],\"inLanguage\":\"de\"},{\"@type\":\"ImageObject\",\"@id\":\"https:\/\/skimo.73.jarolim.eu\/rennen\/staatsmeisterschaften\/staatsmeisterschaften-sprint-viehhofen-10-12-2016\/#primaryimage\",\"inLanguage\":\"de\",\"url\":\"http:\/\/phgruber.com\/schoenleiten\/wp-content\/uploads\/2015\/10\/sprint2.jpg\",\"contentUrl\":\"http:\/\/phgruber.com\/schoenleiten\/wp-content\/uploads\/2015\/10\/sprint2.jpg\"},{\"@type\":\"WebPage\",\"@id\":\"https:\/\/skimo.73.jarolim.eu\/rennen\/staatsmeisterschaften\/staatsmeisterschaften-sprint-viehhofen-10-12-2016\/#webpage\",\"url\":\"https:\/\/skimo.73.jarolim.eu\/rennen\/staatsmeisterschaften\/staatsmeisterschaften-sprint-viehhofen-10-12-2016\/\",\"name\":\"Staatsmeisterschaften Sprint, Viehhofen, 10.12.2016 - Rennen\",\"isPartOf\":{\"@id\":\"https:\/\/skimo.73.jarolim.eu\/rennen\/#website\"},\"primaryImageOfPage\":{\"@id\":\"https:\/\/skimo.73.jarolim.eu\/rennen\/staatsmeisterschaften\/staatsmeisterschaften-sprint-viehhofen-10-12-2016\/#primaryimage\"},\"datePublished\":\"2016-10-20T18:50:15+00:00\",\"dateModified\":\"2016-12-07T18:08:29+00:00\",\"description\":\"Hier finden Sie alle Infos zur \\u00d6sterreichischen Meisterschaft im Sprint der Saison 2016\/17 im Rahmen der Sch\\u00f6nleiten-Trophy am 10.12.2016.\",\"breadcrumb\":{\"@id\":\"https:\/\/skimo.73.jarolim.eu\/rennen\/staatsmeisterschaften\/staatsmeisterschaften-sprint-viehhofen-10-12-2016\/#breadcrumb\"},\"inLanguage\":\"de\",\"potentialAction\":[{\"@type\":\"ReadAction\",\"target\":[\"https:\/\/skimo.73.jarolim.eu\/rennen\/staatsmeisterschaften\/staatsmeisterschaften-sprint-viehhofen-10-12-2016\/\"]}]},{\"@type\":\"BreadcrumbList\",\"@id\":\"https:\/\/skimo.73.jarolim.eu\/rennen\/staatsmeisterschaften\/staatsmeisterschaften-sprint-viehhofen-10-12-2016\/#breadcrumb\",\"itemListElement\":[{\"@type\":\"ListItem\",\"position\":1,\"item\":{\"@type\":\"WebPage\",\"@id\":\"https:\/\/skimo.73.jarolim.eu\/rennen\/\",\"url\":\"https:\/\/skimo.73.jarolim.eu\/rennen\/\",\"name\":\"Home\"}},{\"@type\":\"ListItem\",\"position\":2,\"item\":{\"@type\":\"WebPage\",\"@id\":\"https:\/\/skimo.73.jarolim.eu\/rennen\/staatsmeisterschaften\/\",\"url\":\"https:\/\/skimo.73.jarolim.eu\/rennen\/staatsmeisterschaften\/\",\"name\":\"Staatsmeisterschaften\"}},{\"@type\":\"ListItem\",\"position\":3,\"item\":{\"@id\":\"https:\/\/skimo.73.jarolim.eu\/rennen\/staatsmeisterschaften\/staatsmeisterschaften-sprint-viehhofen-10-12-2016\/#webpage\"}}]}]}<\/script>\n<!-- \/ Yoast SEO plugin. -->","_links":{"self":[{"href":"https:\/\/www.skimo.at\/rennen\/wp-json\/wp\/v2\/pages\/241555"}],"collection":[{"href":"https:\/\/www.skimo.at\/rennen\/wp-json\/wp\/v2\/pages"}],"about":[{"href":"https:\/\/www.skimo.at\/rennen\/wp-json\/wp\/v2\/types\/page"}],"author":[{"embeddable":true,"href":"https:\/\/www.skimo.at\/rennen\/wp-json\/wp\/v2\/users\/36"}],"replies":[{"embeddable":true,"href":"https:\/\/www.skimo.at\/rennen\/wp-json\/wp\/v2\/comments?post=241555"}],"version-history":[{"count":8,"href":"https:\/\/www.skimo.at\/rennen\/wp-json\/wp\/v2\/pages\/241555\/revisions"}],"predecessor-version":[{"id":247244,"href":"https:\/\/www.skimo.at\/rennen\/wp-json\/wp\/v2\/pages\/241555\/revisions\/247244"}],"up":[{"embeddable":true,"href":"https:\/\/www.skimo.at\/rennen\/wp-json\/wp\/v2\/pages\/4"}],"wp:attachment":[{"href":"https:\/\/www.skimo.at\/rennen\/wp-json\/wp\/v2\/media?parent=241555"}],"curies":[{"name":"wp","href":"https:\/\/api.w.org\/{rel}","templated":true}]}}