{"id":184929,"date":"2015-10-23T16:50:08","date_gmt":"2015-10-23T14:50:08","guid":{"rendered":"http:\/\/www.skimo.at\/rennen\/?page_id=184929"},"modified":"2018-03-02T19:06:44","modified_gmt":"2018-03-02T17:06:44","slug":"meldung-wertung","status":"publish","type":"page","link":"https:\/\/www.skimo.at\/rennen\/meldung-wertung\/","title":{"rendered":"Meldung &amp; Wertung"},"content":{"rendered":"<p>Die Anmeldungen zu Rennen im Skibergsteigen in \u00d6sterreich passieren grunds\u00e4tzlich auf den Webseiten der Veranstalter. F\u00fcr SKIMO Austria Projekte gibt&#8217;s hier die Shortcuts:<\/p>\n<p>&nbsp;<\/p>\n<p>&nbsp;<\/p>\n<p>F\u00fcr die Anmeldung f\u00fcr italienische Rennen findet sich untenstehend das entsprechende Formular.<\/p>\n","protected":false},"excerpt":{"rendered":"<p>Die Anmeldungen zu Rennen im Skibergsteigen in \u00d6sterreich passieren grunds\u00e4tzlich auf den Webseiten der Veranstalter. F\u00fcr SKIMO Austria Projekte gibt&#8217;s hier die Shortcuts: &nbsp; &nbsp; F\u00fcr die Anmeldung f\u00fcr italienische Rennen findet sich untenstehend das entsprechende Formular.<\/p>\n","protected":false},"author":1,"featured_media":0,"parent":0,"menu_order":0,"comment_status":"closed","ping_status":"closed","template":"","meta":[],"yoast_head":"<!-- This site is optimized with the Yoast SEO plugin v16.3 - https:\/\/yoast.com\/wordpress\/plugins\/seo\/ -->\n<title>Meldung &amp; Wertung - Rennen<\/title>\n<meta name=\"robots\" content=\"index, follow, max-snippet:-1, max-image-preview:large, max-video-preview:-1\" \/>\n<link rel=\"canonical\" href=\"https:\/\/skimo.73.jarolim.eu\/rennen\/meldung-wertung\/\" \/>\n<meta property=\"og:locale\" content=\"de_DE\" \/>\n<meta property=\"og:type\" content=\"article\" \/>\n<meta property=\"og:title\" content=\"Meldung &amp; Wertung - Rennen\" \/>\n<meta property=\"og:description\" content=\"Die Anmeldungen zu Rennen im Skibergsteigen in \u00d6sterreich passieren grunds\u00e4tzlich auf den Webseiten der Veranstalter. F\u00fcr SKIMO Austria Projekte gibt&#8217;s hier die Shortcuts: &nbsp; &nbsp; F\u00fcr die Anmeldung f\u00fcr italienische Rennen findet sich untenstehend das entsprechende Formular.\" \/>\n<meta property=\"og:url\" content=\"https:\/\/skimo.73.jarolim.eu\/rennen\/meldung-wertung\/\" \/>\n<meta property=\"og:site_name\" content=\"Rennen\" \/>\n<meta property=\"article:modified_time\" content=\"2018-03-02T17:06:44+00:00\" \/>\n<meta name=\"twitter:card\" content=\"summary\" \/>\n<script type=\"application\/ld+json\" class=\"yoast-schema-graph\">{\"@context\":\"https:\/\/schema.org\",\"@graph\":[{\"@type\":\"WebSite\",\"@id\":\"https:\/\/skimo.73.jarolim.eu\/rennen\/#website\",\"url\":\"https:\/\/skimo.73.jarolim.eu\/rennen\/\",\"name\":\"Rennen\",\"description\":\"\",\"potentialAction\":[{\"@type\":\"SearchAction\",\"target\":\"https:\/\/skimo.73.jarolim.eu\/rennen\/?s={search_term_string}\",\"query-input\":\"required name=search_term_string\"}],\"inLanguage\":\"de\"},{\"@type\":\"WebPage\",\"@id\":\"https:\/\/skimo.73.jarolim.eu\/rennen\/meldung-wertung\/#webpage\",\"url\":\"https:\/\/skimo.73.jarolim.eu\/rennen\/meldung-wertung\/\",\"name\":\"Meldung &amp; Wertung - Rennen\",\"isPartOf\":{\"@id\":\"https:\/\/skimo.73.jarolim.eu\/rennen\/#website\"},\"datePublished\":\"2015-10-23T14:50:08+00:00\",\"dateModified\":\"2018-03-02T17:06:44+00:00\",\"breadcrumb\":{\"@id\":\"https:\/\/skimo.73.jarolim.eu\/rennen\/meldung-wertung\/#breadcrumb\"},\"inLanguage\":\"de\",\"potentialAction\":[{\"@type\":\"ReadAction\",\"target\":[\"https:\/\/skimo.73.jarolim.eu\/rennen\/meldung-wertung\/\"]}]},{\"@type\":\"BreadcrumbList\",\"@id\":\"https:\/\/skimo.73.jarolim.eu\/rennen\/meldung-wertung\/#breadcrumb\",\"itemListElement\":[{\"@type\":\"ListItem\",\"position\":1,\"item\":{\"@type\":\"WebPage\",\"@id\":\"https:\/\/skimo.73.jarolim.eu\/rennen\/\",\"url\":\"https:\/\/skimo.73.jarolim.eu\/rennen\/\",\"name\":\"Home\"}},{\"@type\":\"ListItem\",\"position\":2,\"item\":{\"@id\":\"https:\/\/skimo.73.jarolim.eu\/rennen\/meldung-wertung\/#webpage\"}}]}]}<\/script>\n<!-- \/ Yoast SEO plugin. -->","_links":{"self":[{"href":"https:\/\/www.skimo.at\/rennen\/wp-json\/wp\/v2\/pages\/184929"}],"collection":[{"href":"https:\/\/www.skimo.at\/rennen\/wp-json\/wp\/v2\/pages"}],"about":[{"href":"https:\/\/www.skimo.at\/rennen\/wp-json\/wp\/v2\/types\/page"}],"author":[{"embeddable":true,"href":"https:\/\/www.skimo.at\/rennen\/wp-json\/wp\/v2\/users\/1"}],"replies":[{"embeddable":true,"href":"https:\/\/www.skimo.at\/rennen\/wp-json\/wp\/v2\/comments?post=184929"}],"version-history":[{"count":11,"href":"https:\/\/www.skimo.at\/rennen\/wp-json\/wp\/v2\/pages\/184929\/revisions"}],"predecessor-version":[{"id":277417,"href":"https:\/\/www.skimo.at\/rennen\/wp-json\/wp\/v2\/pages\/184929\/revisions\/277417"}],"wp:attachment":[{"href":"https:\/\/www.skimo.at\/rennen\/wp-json\/wp\/v2\/media?parent=184929"}],"curies":[{"name":"wp","href":"https:\/\/api.w.org\/{rel}","templated":true}]}}