{"id":11,"date":"2012-09-10T19:58:56","date_gmt":"2012-09-10T17:58:56","guid":{"rendered":"http:\/\/www.skimo.at\/rennen\/?page_id=11"},"modified":"2014-11-26T11:51:37","modified_gmt":"2014-11-26T09:51:37","slug":"anmeldung","status":"publish","type":"page","link":"https:\/\/www.skimo.at\/rennen\/anmeldung\/","title":{"rendered":"Anmeldung"},"content":{"rendered":"<h1>\u00a0<span style=\"color: #ff0000\">2014\/15 keine Anmeldung \u00fcber das Anmeldesystem des ASTC sondern nur \u00fcber die Veranstalter direkt!<\/span><\/h1>\n<p><a href=\"http:\/\/www.dolomitensport.at\/\" target=\"_blank\">Link zur Anmeldung \u00d6M Sprint, Lienz<\/a><\/p>\n<p><a href=\"http:\/\/www.pinzgau-trophy.at\/anmeldung.php\" target=\"_blank\">Link zur Anmeldung \u00d6M Vertical, Sch\u00f6nleiten Trophy, Viehhofen<\/a><\/p>\n<p>Link zur Anmeldung \u00d6M Individual<\/p>\n<p>&nbsp;<\/p>\n<h1>Die Anmeldung f\u00fcr den ASTC 2014 ist geschlossen!<\/h1>\n<p>Seit der Saison 2012\/13 ist die Anmeldung zu den Bewerben des Austria Skitour Cup wegen der elektronischen Zeiterfassung und der Cupwertung nur mehr ausschlie\u00dflich online m\u00f6glich! Bitte das Formular unter dem folgenden Link ausf\u00fcllen und den\/die gew\u00fcnschten Bewerb\/e w\u00e4hlen.<\/p>\n<p><strong>Anmeldekosten f\u00fcr ASTC Rennen 2013\/14:<\/strong><\/p>\n<p><strong>Voranmeldung (bis 48 Stunden vor dem Rennen) online:<\/strong><br \/>\nASTC-Klassen EUR 35,&#8211;<br \/>\nAmateurklassen EUR 25,&#8211;<\/p>\n<p><strong>Nachnennung vor Ort:<\/strong><br \/>\nASTC-Klassen EUR 45,&#8211;<br \/>\nAmateurklassen EUR 35,&#8211;<\/p>\n<p>Chipkaution EUR 20,&#8211; (wird nach R\u00fcckgabe des Chips wieder refundiert)<\/p>\n","protected":false},"excerpt":{"rendered":"<p>\u00a02014\/15 keine Anmeldung \u00fcber das Anmeldesystem des ASTC sondern nur \u00fcber die Veranstalter direkt! Link zur Anmeldung \u00d6M Sprint, Lienz Link zur Anmeldung \u00d6M Vertical, Sch\u00f6nleiten Trophy, Viehhofen Link zur Anmeldung \u00d6M Individual &nbsp; Die Anmeldung f\u00fcr den ASTC 2014 ist geschlossen! Seit der Saison 2012\/13 ist die Anmeldung zu den Bewerben des Austria Skitour [&hellip;]<\/p>\n","protected":false},"author":2,"featured_media":0,"parent":0,"menu_order":0,"comment_status":"closed","ping_status":"open","template":"","meta":[],"yoast_head":"<!-- This site is optimized with the Yoast SEO plugin v16.3 - https:\/\/yoast.com\/wordpress\/plugins\/seo\/ -->\n<title>Anmeldung - Rennen<\/title>\n<meta name=\"robots\" content=\"index, follow, max-snippet:-1, max-image-preview:large, max-video-preview:-1\" \/>\n<link rel=\"canonical\" href=\"https:\/\/skimo.73.jarolim.eu\/rennen\/anmeldung\/\" \/>\n<meta property=\"og:locale\" content=\"de_DE\" \/>\n<meta property=\"og:type\" content=\"article\" \/>\n<meta property=\"og:title\" content=\"Anmeldung - Rennen\" \/>\n<meta property=\"og:description\" content=\"\u00a02014\/15 keine Anmeldung \u00fcber das Anmeldesystem des ASTC sondern nur \u00fcber die Veranstalter direkt! Link zur Anmeldung \u00d6M Sprint, Lienz Link zur Anmeldung \u00d6M Vertical, Sch\u00f6nleiten Trophy, Viehhofen Link zur Anmeldung \u00d6M Individual &nbsp; Die Anmeldung f\u00fcr den ASTC 2014 ist geschlossen! Seit der Saison 2012\/13 ist die Anmeldung zu den Bewerben des Austria Skitour [&hellip;]\" \/>\n<meta property=\"og:url\" content=\"https:\/\/skimo.73.jarolim.eu\/rennen\/anmeldung\/\" \/>\n<meta property=\"og:site_name\" content=\"Rennen\" \/>\n<meta property=\"article:modified_time\" content=\"2014-11-26T09:51:37+00:00\" \/>\n<meta name=\"twitter:card\" content=\"summary\" \/>\n<meta name=\"twitter:label1\" content=\"Gesch\u00e4tzte Lesezeit\">\n\t<meta name=\"twitter:data1\" content=\"1\u00a0Minute\">\n<script type=\"application\/ld+json\" class=\"yoast-schema-graph\">{\"@context\":\"https:\/\/schema.org\",\"@graph\":[{\"@type\":\"WebSite\",\"@id\":\"https:\/\/skimo.73.jarolim.eu\/rennen\/#website\",\"url\":\"https:\/\/skimo.73.jarolim.eu\/rennen\/\",\"name\":\"Rennen\",\"description\":\"\",\"potentialAction\":[{\"@type\":\"SearchAction\",\"target\":\"https:\/\/skimo.73.jarolim.eu\/rennen\/?s={search_term_string}\",\"query-input\":\"required name=search_term_string\"}],\"inLanguage\":\"de\"},{\"@type\":\"WebPage\",\"@id\":\"https:\/\/skimo.73.jarolim.eu\/rennen\/anmeldung\/#webpage\",\"url\":\"https:\/\/skimo.73.jarolim.eu\/rennen\/anmeldung\/\",\"name\":\"Anmeldung - Rennen\",\"isPartOf\":{\"@id\":\"https:\/\/skimo.73.jarolim.eu\/rennen\/#website\"},\"datePublished\":\"2012-09-10T17:58:56+00:00\",\"dateModified\":\"2014-11-26T09:51:37+00:00\",\"breadcrumb\":{\"@id\":\"https:\/\/skimo.73.jarolim.eu\/rennen\/anmeldung\/#breadcrumb\"},\"inLanguage\":\"de\",\"potentialAction\":[{\"@type\":\"ReadAction\",\"target\":[\"https:\/\/skimo.73.jarolim.eu\/rennen\/anmeldung\/\"]}]},{\"@type\":\"BreadcrumbList\",\"@id\":\"https:\/\/skimo.73.jarolim.eu\/rennen\/anmeldung\/#breadcrumb\",\"itemListElement\":[{\"@type\":\"ListItem\",\"position\":1,\"item\":{\"@type\":\"WebPage\",\"@id\":\"https:\/\/skimo.73.jarolim.eu\/rennen\/\",\"url\":\"https:\/\/skimo.73.jarolim.eu\/rennen\/\",\"name\":\"Home\"}},{\"@type\":\"ListItem\",\"position\":2,\"item\":{\"@id\":\"https:\/\/skimo.73.jarolim.eu\/rennen\/anmeldung\/#webpage\"}}]}]}<\/script>\n<!-- \/ Yoast SEO plugin. -->","_links":{"self":[{"href":"https:\/\/www.skimo.at\/rennen\/wp-json\/wp\/v2\/pages\/11"}],"collection":[{"href":"https:\/\/www.skimo.at\/rennen\/wp-json\/wp\/v2\/pages"}],"about":[{"href":"https:\/\/www.skimo.at\/rennen\/wp-json\/wp\/v2\/types\/page"}],"author":[{"embeddable":true,"href":"https:\/\/www.skimo.at\/rennen\/wp-json\/wp\/v2\/users\/2"}],"replies":[{"embeddable":true,"href":"https:\/\/www.skimo.at\/rennen\/wp-json\/wp\/v2\/comments?post=11"}],"version-history":[{"count":29,"href":"https:\/\/www.skimo.at\/rennen\/wp-json\/wp\/v2\/pages\/11\/revisions"}],"predecessor-version":[{"id":1417,"href":"https:\/\/www.skimo.at\/rennen\/wp-json\/wp\/v2\/pages\/11\/revisions\/1417"}],"wp:attachment":[{"href":"https:\/\/www.skimo.at\/rennen\/wp-json\/wp\/v2\/media?parent=11"}],"curies":[{"name":"wp","href":"https:\/\/api.w.org\/{rel}","templated":true}]}}